{"id":38558,"date":"2018-11-05T08:15:19","date_gmt":"2018-11-05T08:15:19","guid":{"rendered":"https:\/\/zitrogames.com\/responsible-gaming\/"},"modified":"2026-04-21T07:33:09","modified_gmt":"2026-04-21T06:33:09","slug":"juego-responsable","status":"publish","type":"page","link":"https:\/\/zitrogames.com\/es\/juego-responsable\/","title":{"rendered":"Juego Responsable"},"content":{"rendered":"[vc_row type=\u00bbin_container\u00bb full_screen_row_position=\u00bbmiddle\u00bb equal_height=\u00bbyes\u00bb content_placement=\u00bbmiddle\u00bb scene_position=\u00bbcenter\u00bb text_color=\u00bbdark\u00bb text_align=\u00bbleft\u00bb top_padding=\u00bb50&#8243; overlay_strength=\u00bb0.3&#8243; shape_divider_position=\u00bbbottom\u00bb shape_type=\u00bb\u00bb][vc_column column_padding=\u00bbpadding-3-percent\u00bb column_padding_position=\u00bbtop\u00bb background_color_opacity=\u00bb1&#8243; background_hover_color_opacity=\u00bb1&#8243; column_link_target=\u00bb_self\u00bb column_shadow=\u00bbnone\u00bb column_border_radius=\u00bbnone\u00bb top_margin=\u00bb2%\u00bb width=\u00bb1\/1&#8243; tablet_width_inherit=\u00bbdefault\u00bb tablet_text_alignment=\u00bbdefault\u00bb phone_text_alignment=\u00bbdefault\u00bb column_border_width=\u00bbnone\u00bb column_border_style=\u00bbsolid\u00bb][vc_custom_heading text=\u00bbJuego responsable\u00bb font_container=\u00bbtag:h1|text_align:left\u00bb use_theme_fonts=\u00bbyes\u00bb][vc_column_text]ZITRO es una empresa de entretenimiento que opera en un sector con grandes repercusiones sociales. Por lo tanto, es importante que los usuarios de Zitro Games comprendan los riesgos relacionados con el juego y hagan todo lo posible para seguir las pr\u00e1cticas de Juego Responsable. Igualmente importante es nuestra creencia en estas pr\u00e1cticas.[\/vc_column_text][vc_row_inner column_margin=\u00bbdefault\u00bb text_align=\u00bbleft\u00bb][vc_column_inner column_padding=\u00bbno-extra-padding\u00bb column_padding_position=\u00bball\u00bb background_color_opacity=\u00bb1&#8243; background_hover_color_opacity=\u00bb1&#8243; column_shadow=\u00bbnone\u00bb column_border_radius=\u00bbnone\u00bb column_link_target=\u00bb_self\u00bb width=\u00bb1\/2&#8243; tablet_width_inherit=\u00bbdefault\u00bb column_border_width=\u00bbnone\u00bb column_border_style=\u00bbsolid\u00bb][vc_column_text]Estamos comprometidos a mantener los valores de Juego Responsable y alentar el uso adecuado de los productos de entretenimiento. Zitro es una de las tres compa\u00f1\u00edas que conforman el Consejo Asesor de Juego Responsable del Gobierno espa\u00f1ol, cuyo objetivo es proteger a los jugadores y reducir el da\u00f1o causado por los juegos de azar. Al mismo tiempo, Zitro logra trabajar en estrecha colaboraci\u00f3n con las Autoridades para proporcionar un marco para desarrollar y ofrecer iniciativas planificadas y coordinadas para el juego responsable.<\/p>\n<p>ZITRO favorece una cultura de juego responsable para promover la confianza del jugador. Creemos que un ambiente respetuoso prepara a los jugadores para el uso adecuado del juego.<\/p>\n<p>Por lo tanto, ZITRO invita a todos los jugadores que hacen uso de sus productos a observar algunas reglas simples de comportamiento cuando juegan. En resumen, esto garantiza que el juego sea lo m\u00e1s placentero posible:[\/vc_column_text][\/vc_column_inner][vc_column_inner column_padding=\u00bbno-extra-padding\u00bb column_padding_position=\u00bball\u00bb background_color_opacity=\u00bb1&#8243; background_hover_color_opacity=\u00bb1&#8243; column_shadow=\u00bbnone\u00bb column_border_radius=\u00bbnone\u00bb top_margin=\u00bb4%\u00bb column_link_target=\u00bb_self\u00bb width=\u00bb1\/2&#8243; tablet_width_inherit=\u00bbdefault\u00bb column_border_width=\u00bbnone\u00bb column_border_style=\u00bbsolid\u00bb]<div class=\"img-with-aniamtion-wrap center\" data-max-width=\"100%\" data-border-radius=\"none\"><div class=\"inner\"><img loading=\"lazy\" decoding=\"async\" data-shadow=\"none\" data-shadow-direction=\"middle\" class=\"img-with-animation skip-lazy \" data-delay=\"0\" height=\"575\" width=\"1000\"  data-animation=\"fade-in\" src=\"https:\/\/zitrogames.com\/wp-content\/uploads\/2019\/02\/responsible-gaming.png\" srcset=\"https:\/\/zitrogames.com\/wp-content\/uploads\/2019\/02\/responsible-gaming.png 1000w, https:\/\/zitrogames.com\/wp-content\/uploads\/2019\/02\/responsible-gaming-300x173.png 300w, https:\/\/zitrogames.com\/wp-content\/uploads\/2019\/02\/responsible-gaming-768x442.png 768w\" sizes=\"auto, 100vw\" alt=\"Zitro Games - Responsible Gaming\" \/><\/div><\/div>[\/vc_column_inner][\/vc_row_inner][vc_row_inner column_margin=\u00bbdefault\u00bb text_align=\u00bbleft\u00bb][vc_column_inner column_padding=\u00bbno-extra-padding\u00bb column_padding_position=\u00bball\u00bb background_color_opacity=\u00bb1&#8243; background_hover_color_opacity=\u00bb1&#8243; column_shadow=\u00bbnone\u00bb column_border_radius=\u00bbnone\u00bb column_link_target=\u00bb_self\u00bb width=\u00bb1\/1&#8243; tablet_width_inherit=\u00bbdefault\u00bb column_border_width=\u00bbnone\u00bb column_border_style=\u00bbsolid\u00bb]<div class=\"nectar-fancy-ul\" data-list-icon=\"icon-ok-sign\" data-animation=\"false\" data-animation-delay=\"0\" data-color=\"accent-color\" data-alignment=\"left\"> \n<ul>\n<li>Primero, no pidas prestado dinero para jugar.<\/li>\n<li>Segundo, aseg\u00farese de definir un presupuesto para su juego que sea compatible con sus recursos financieros. Comprom\u00e9tete con este l\u00edmite, no lo excedas por ning\u00fan motivo.<\/li>\n<li>Tercero, disfruta de tus juegos solo en tu tiempo libre. No aumente la frecuencia con la que juega.<\/li>\n<li>Por \u00faltimo, pero no menos importante, no juegues para \u00abrecuperar tus p\u00e9rdidas\u00bb.<\/li>\n<\/ul>\n <\/div>[\/vc_column_inner][\/vc_row_inner][\/vc_column][\/vc_row][vc_row type=\u00bbin_container\u00bb full_screen_row_position=\u00bbmiddle\u00bb scene_position=\u00bbcenter\u00bb text_color=\u00bbdark\u00bb text_align=\u00bbleft\u00bb top_padding=\u00bb0&#8243; overlay_strength=\u00bb0.3&#8243; shape_divider_position=\u00bbbottom\u00bb shape_type=\u00bb\u00bb][vc_column column_padding=\u00bbno-extra-padding\u00bb column_padding_position=\u00bball\u00bb background_color_opacity=\u00bb1&#8243; background_hover_color_opacity=\u00bb1&#8243; column_link_target=\u00bb_self\u00bb column_shadow=\u00bbnone\u00bb column_border_radius=\u00bbnone\u00bb width=\u00bb1\/1&#8243; tablet_width_inherit=\u00bbdefault\u00bb tablet_text_alignment=\u00bbdefault\u00bb phone_text_alignment=\u00bbdefault\u00bb column_border_width=\u00bbnone\u00bb column_border_style=\u00bbsolid\u00bb][vc_column_text]Adem\u00e1s, Zitro pone a disposici\u00f3n de sus jugadores informaci\u00f3n que es de inter\u00e9s para la detecci\u00f3n r\u00e1pida de posibles problemas y c\u00f3mo tratarlos correctamente:<\/p>\n<p>Una <a href=\"https:\/\/www.loteriasyapuestas.es\/en\/juegoresponsable\/test-de-juego-responsable-y-de-prevencion-de-conductas-adictivas-al-juego\" target=\"_blank\" rel=\"noopener\">prueba de autoevaluaci\u00f3n<\/a> que le permitir\u00e1 saber si tiene problemas de adicci\u00f3n al juego. Si usted o quienes lo rodean detectan un comportamiento problem\u00e1tico, le recomendamos que busque ayuda. Hay herramientas disponibles para ayudarlo a superar dichos problemas. Varias organizaciones y asociaciones se especializan en patolog\u00edas relacionadas con los juegos y ofrecen soporte si es necesario.<\/p>\n<p>Tenga en cuenta que, para excluirse de los juegos en l\u00ednea y en el sitio en Espa\u00f1a, uno puede registrarse en el <a href=\"https:\/\/www.ordenacionjuego.es\/participantes-juego\/juego-seguro\/rgiaj\" target=\"_blank\" rel=\"noopener\">Registro General de Interdicciones de Acceso al Juego<\/a> (RGIAJ).<\/p>\n<p>Si tiene dudas sobre el juego responsable, no dude en ponerse en contacto con nuestro equipo en juegoresponsable@zitrogames.com.[\/vc_column_text][\/vc_column][\/vc_row][vc_row type=\u00bbin_container\u00bb full_screen_row_position=\u00bbmiddle\u00bb scene_position=\u00bbcenter\u00bb text_color=\u00bbdark\u00bb text_align=\u00bbleft\u00bb overlay_strength=\u00bb0.3&#8243; shape_divider_position=\u00bbbottom\u00bb][vc_column column_padding=\u00bbno-extra-padding\u00bb column_padding_position=\u00bball\u00bb background_color_opacity=\u00bb1&#8243; background_hover_color_opacity=\u00bb1&#8243; column_link_target=\u00bb_self\u00bb column_shadow=\u00bbnone\u00bb column_border_radius=\u00bbnone\u00bb el_class=\u00bbmb200s\u00bb width=\u00bb1\/1&#8243; tablet_width_inherit=\u00bbdefault\u00bb tablet_text_alignment=\u00bbdefault\u00bb phone_text_alignment=\u00bbdefault\u00bb column_border_width=\u00bbnone\u00bb column_border_style=\u00bbsolid\u00bb][vc_column_text]Para resumir, disfrute de manera responsable.[\/vc_column_text][\/vc_column][\/vc_row]\n","protected":false},"excerpt":{"rendered":"<p>[vc_row type=\u00bbin_container\u00bb full_screen_row_position=\u00bbmiddle\u00bb equal_height=\u00bbyes\u00bb content_placement=\u00bbmiddle\u00bb scene_position=\u00bbcenter\u00bb text_color=\u00bbdark\u00bb text_align=\u00bbleft\u00bb top_padding=\u00bb50&#8243; overlay_strength=\u00bb0.3&#8243; shape_divider_position=\u00bbbottom\u00bb shape_type=\u00bb\u00bb][vc_column column_padding=\u00bbpadding-3-percent\u00bb column_padding_position=\u00bbtop\u00bb background_color_opacity=\u00bb1&#8243; background_hover_color_opacity=\u00bb1&#8243; column_link_target=\u00bb_self\u00bb column_shadow=\u00bbnone\u00bb column_border_radius=\u00bbnone\u00bb top_margin=\u00bb2%\u00bb width=\u00bb1\/1&#8243; tablet_width_inherit=\u00bbdefault\u00bb tablet_text_alignment=\u00bbdefault\u00bb phone_text_alignment=\u00bbdefault\u00bb column_border_width=\u00bbnone\u00bb&#8230;<\/p>\n","protected":false},"author":13,"featured_media":0,"parent":0,"menu_order":0,"comment_status":"closed","ping_status":"closed","template":"","meta":{"footnotes":""},"class_list":["post-38558","page","type-page","status-publish"],"yoast_head":"<!-- This site is optimized with the Yoast SEO plugin v27.4 - https:\/\/yoast.com\/product\/yoast-seo-wordpress\/ -->\n<title>Juego Responsable - Zitrogames<\/title>\n<meta name=\"description\" content=\"Zitro Games believes in responsible gaming and asks that players practice restraint and caution when partaking in our bingo and or slot games.\" \/>\n<meta name=\"robots\" content=\"index, follow, max-snippet:-1, max-image-preview:large, max-video-preview:-1\" \/>\n<link rel=\"canonical\" href=\"https:\/\/zitrogames.com\/es\/juego-responsable\/\" \/>\n<meta property=\"og:locale\" content=\"es_ES\" \/>\n<meta property=\"og:type\" content=\"article\" \/>\n<meta property=\"og:title\" content=\"Juego Responsable - Zitrogames\" \/>\n<meta property=\"og:description\" content=\"Zitro Games believes in responsible gaming and asks that players practice restraint and caution when partaking in our bingo and or slot games.\" \/>\n<meta property=\"og:url\" content=\"https:\/\/zitrogames.com\/es\/juego-responsable\/\" \/>\n<meta property=\"og:site_name\" content=\"Zitrogames\" \/>\n<meta property=\"article:publisher\" content=\"https:\/\/www.facebook.com\/zitrogames\/\" \/>\n<meta property=\"article:modified_time\" content=\"2026-04-21T06:33:09+00:00\" \/>\n<meta name=\"twitter:card\" content=\"summary_large_image\" \/>\n<meta name=\"twitter:site\" content=\"@Zitrogames\" \/>\n<meta name=\"twitter:label1\" content=\"Tiempo de lectura\" \/>\n\t<meta name=\"twitter:data1\" content=\"3 minutos\" \/>\n<script type=\"application\/ld+json\" class=\"yoast-schema-graph\">{\"@context\":\"https:\\\/\\\/schema.org\",\"@graph\":[{\"@type\":\"WebPage\",\"@id\":\"https:\\\/\\\/zitrogames.com\\\/es\\\/juego-responsable\\\/\",\"url\":\"https:\\\/\\\/zitrogames.com\\\/es\\\/juego-responsable\\\/\",\"name\":\"Juego Responsable - Zitrogames\",\"isPartOf\":{\"@id\":\"https:\\\/\\\/zitrogames.com\\\/es\\\/#website\"},\"datePublished\":\"2018-11-05T08:15:19+00:00\",\"dateModified\":\"2026-04-21T06:33:09+00:00\",\"description\":\"Zitro Games believes in responsible gaming and asks that players practice restraint and caution when partaking in our bingo and or slot games.\",\"inLanguage\":\"es\",\"potentialAction\":[{\"@type\":\"ReadAction\",\"target\":[\"https:\\\/\\\/zitrogames.com\\\/es\\\/juego-responsable\\\/\"]}]},{\"@type\":\"WebSite\",\"@id\":\"https:\\\/\\\/zitrogames.com\\\/es\\\/#website\",\"url\":\"https:\\\/\\\/zitrogames.com\\\/es\\\/\",\"name\":\"Zitrogames\",\"description\":\"Zitro Games\",\"publisher\":{\"@id\":\"https:\\\/\\\/zitrogames.com\\\/es\\\/#organization\"},\"alternateName\":\"Zitro Games\",\"potentialAction\":[{\"@type\":\"SearchAction\",\"target\":{\"@type\":\"EntryPoint\",\"urlTemplate\":\"https:\\\/\\\/zitrogames.com\\\/es\\\/?s={search_term_string}\"},\"query-input\":{\"@type\":\"PropertyValueSpecification\",\"valueRequired\":true,\"valueName\":\"search_term_string\"}}],\"inLanguage\":\"es\"},{\"@type\":\"Organization\",\"@id\":\"https:\\\/\\\/zitrogames.com\\\/es\\\/#organization\",\"name\":\"Zitro Games\",\"url\":\"https:\\\/\\\/zitrogames.com\\\/es\\\/\",\"logo\":{\"@type\":\"ImageObject\",\"inLanguage\":\"es\",\"@id\":\"https:\\\/\\\/zitrogames.com\\\/es\\\/#\\\/schema\\\/logo\\\/image\\\/\",\"url\":\"https:\\\/\\\/zitrogames.com\\\/wp-content\\\/uploads\\\/2022\\\/02\\\/Zitro-Games.png\",\"contentUrl\":\"https:\\\/\\\/zitrogames.com\\\/wp-content\\\/uploads\\\/2022\\\/02\\\/Zitro-Games.png\",\"width\":742,\"height\":128,\"caption\":\"Zitro Games\"},\"image\":{\"@id\":\"https:\\\/\\\/zitrogames.com\\\/es\\\/#\\\/schema\\\/logo\\\/image\\\/\"},\"sameAs\":[\"https:\\\/\\\/www.facebook.com\\\/zitrogames\\\/\",\"https:\\\/\\\/x.com\\\/Zitrogames\",\"https:\\\/\\\/www.instagram.com\\\/zitro.games\\\/\",\"https:\\\/\\\/www.linkedin.com\\\/company\\\/zitro\\\/\",\"https:\\\/\\\/www.youtube.com\\\/channel\\\/UCBajr3cDd36PSxaK9n3lzGQ\",\"https:\\\/\\\/es.wikipedia.org\\\/wiki\\\/Zitro_S.A.R.L\"]}]}<\/script>\n<!-- \/ Yoast SEO plugin. -->","yoast_head_json":{"title":"Juego Responsable - Zitrogames","description":"Zitro Games believes in responsible gaming and asks that players practice restraint and caution when partaking in our bingo and or slot games.","robots":{"index":"index","follow":"follow","max-snippet":"max-snippet:-1","max-image-preview":"max-image-preview:large","max-video-preview":"max-video-preview:-1"},"canonical":"https:\/\/zitrogames.com\/es\/juego-responsable\/","og_locale":"es_ES","og_type":"article","og_title":"Juego Responsable - Zitrogames","og_description":"Zitro Games believes in responsible gaming and asks that players practice restraint and caution when partaking in our bingo and or slot games.","og_url":"https:\/\/zitrogames.com\/es\/juego-responsable\/","og_site_name":"Zitrogames","article_publisher":"https:\/\/www.facebook.com\/zitrogames\/","article_modified_time":"2026-04-21T06:33:09+00:00","twitter_card":"summary_large_image","twitter_site":"@Zitrogames","twitter_misc":{"Tiempo de lectura":"3 minutos"},"schema":{"@context":"https:\/\/schema.org","@graph":[{"@type":"WebPage","@id":"https:\/\/zitrogames.com\/es\/juego-responsable\/","url":"https:\/\/zitrogames.com\/es\/juego-responsable\/","name":"Juego Responsable - Zitrogames","isPartOf":{"@id":"https:\/\/zitrogames.com\/es\/#website"},"datePublished":"2018-11-05T08:15:19+00:00","dateModified":"2026-04-21T06:33:09+00:00","description":"Zitro Games believes in responsible gaming and asks that players practice restraint and caution when partaking in our bingo and or slot games.","inLanguage":"es","potentialAction":[{"@type":"ReadAction","target":["https:\/\/zitrogames.com\/es\/juego-responsable\/"]}]},{"@type":"WebSite","@id":"https:\/\/zitrogames.com\/es\/#website","url":"https:\/\/zitrogames.com\/es\/","name":"Zitrogames","description":"Zitro Games","publisher":{"@id":"https:\/\/zitrogames.com\/es\/#organization"},"alternateName":"Zitro Games","potentialAction":[{"@type":"SearchAction","target":{"@type":"EntryPoint","urlTemplate":"https:\/\/zitrogames.com\/es\/?s={search_term_string}"},"query-input":{"@type":"PropertyValueSpecification","valueRequired":true,"valueName":"search_term_string"}}],"inLanguage":"es"},{"@type":"Organization","@id":"https:\/\/zitrogames.com\/es\/#organization","name":"Zitro Games","url":"https:\/\/zitrogames.com\/es\/","logo":{"@type":"ImageObject","inLanguage":"es","@id":"https:\/\/zitrogames.com\/es\/#\/schema\/logo\/image\/","url":"https:\/\/zitrogames.com\/wp-content\/uploads\/2022\/02\/Zitro-Games.png","contentUrl":"https:\/\/zitrogames.com\/wp-content\/uploads\/2022\/02\/Zitro-Games.png","width":742,"height":128,"caption":"Zitro Games"},"image":{"@id":"https:\/\/zitrogames.com\/es\/#\/schema\/logo\/image\/"},"sameAs":["https:\/\/www.facebook.com\/zitrogames\/","https:\/\/x.com\/Zitrogames","https:\/\/www.instagram.com\/zitro.games\/","https:\/\/www.linkedin.com\/company\/zitro\/","https:\/\/www.youtube.com\/channel\/UCBajr3cDd36PSxaK9n3lzGQ","https:\/\/es.wikipedia.org\/wiki\/Zitro_S.A.R.L"]}]}},"_links":{"self":[{"href":"https:\/\/zitrogames.com\/es\/wp-json\/wp\/v2\/pages\/38558","targetHints":{"allow":["GET"]}}],"collection":[{"href":"https:\/\/zitrogames.com\/es\/wp-json\/wp\/v2\/pages"}],"about":[{"href":"https:\/\/zitrogames.com\/es\/wp-json\/wp\/v2\/types\/page"}],"author":[{"embeddable":true,"href":"https:\/\/zitrogames.com\/es\/wp-json\/wp\/v2\/users\/13"}],"replies":[{"embeddable":true,"href":"https:\/\/zitrogames.com\/es\/wp-json\/wp\/v2\/comments?post=38558"}],"version-history":[{"count":15,"href":"https:\/\/zitrogames.com\/es\/wp-json\/wp\/v2\/pages\/38558\/revisions"}],"predecessor-version":[{"id":76381,"href":"https:\/\/zitrogames.com\/es\/wp-json\/wp\/v2\/pages\/38558\/revisions\/76381"}],"wp:attachment":[{"href":"https:\/\/zitrogames.com\/es\/wp-json\/wp\/v2\/media?parent=38558"}],"curies":[{"name":"wp","href":"https:\/\/api.w.org\/{rel}","templated":true}]}}