{"id":38663,"date":"2019-07-22T14:47:25","date_gmt":"2019-07-22T13:47:25","guid":{"rendered":"https:\/\/zitrogames.com\/?page_id=38663"},"modified":"2026-01-22T13:49:06","modified_gmt":"2026-01-22T13:49:06","slug":"trademarks-and-catalogue","status":"publish","type":"page","link":"https:\/\/zitrogames.com\/es\/trademarks-and-catalogue\/","title":{"rendered":"Marcas Registradas"},"content":{"rendered":"[vc_row type=\u00bbfull_width_background\u00bb full_screen_row_position=\u00bbmiddle\u00bb bg_image=\u00bb57503&#8243; bg_position=\u00bbcenter bottom\u00bb bg_repeat=\u00bbno-repeat\u00bb scene_position=\u00bbcenter\u00bb text_color=\u00bblight\u00bb text_align=\u00bbleft\u00bb top_padding=\u00bb4%\u00bb bottom_padding=\u00bb3%\u00bb class=\u00bbencPosition\u00bb overlay_strength=\u00bb0.8&#8243; shape_divider_position=\u00bbbottom\u00bb shape_type=\u00bb\u00bb][vc_column column_padding=\u00bbno-extra-padding\u00bb column_padding_position=\u00bball\u00bb background_color_opacity=\u00bb1&#8243; background_hover_color_opacity=\u00bb1&#8243; column_link_target=\u00bb_self\u00bb column_shadow=\u00bbnone\u00bb column_border_radius=\u00bbnone\u00bb width=\u00bb1\/1&#8243; tablet_width_inherit=\u00bbdefault\u00bb tablet_text_alignment=\u00bbdefault\u00bb phone_text_alignment=\u00bbdefault\u00bb column_border_width=\u00bbnone\u00bb column_border_style=\u00bbsolid\u00bb][vc_row_inner content_placement=\u00bbmiddle\u00bb column_margin=\u00bbdefault\u00bb top_padding=\u00bb4%\u00bb bottom_padding=\u00bb10%\u00bb text_align=\u00bbcenter\u00bb][vc_column_inner column_padding=\u00bbno-extra-padding\u00bb column_padding_position=\u00bball\u00bb background_color_opacity=\u00bb1&#8243; background_hover_color_opacity=\u00bb1&#8243; column_shadow=\u00bbnone\u00bb column_border_radius=\u00bbnone\u00bb column_link_target=\u00bb_self\u00bb width=\u00bb1\/1&#8243; tablet_width_inherit=\u00bbdefault\u00bb column_border_width=\u00bbnone\u00bb column_border_style=\u00bbsolid\u00bb][vc_custom_heading text=\u00bbMarcas Registradas\u00bb font_container=\u00bbtag:h1|text_align:center\u00bb use_theme_fonts=\u00bbyes\u00bb][\/vc_column_inner][\/vc_row_inner][\/vc_column][\/vc_row][vc_row type=\u00bbin_container\u00bb full_screen_row_position=\u00bbmiddle\u00bb equal_height=\u00bbyes\u00bb scene_position=\u00bbcenter\u00bb text_color=\u00bbdark\u00bb text_align=\u00bbleft\u00bb top_padding=\u00bb50&#8243; overlay_strength=\u00bb0.3&#8243; shape_divider_position=\u00bbbottom\u00bb shape_type=\u00bb\u00bb][vc_column column_padding=\u00bbpadding-3-percent\u00bb column_padding_position=\u00bball\u00bb background_color=\u00bb#d7282f\u00bb background_color_opacity=\u00bb1&#8243; background_hover_color_opacity=\u00bb1&#8243; font_color=\u00bb#ffffff\u00bb column_link_target=\u00bb_self\u00bb column_shadow=\u00bbsmall_depth\u00bb column_border_radius=\u00bbnone\u00bb width=\u00bb1\/2&#8243; tablet_width_inherit=\u00bbdefault\u00bb tablet_text_alignment=\u00bbdefault\u00bb phone_text_alignment=\u00bbdefault\u00bb column_border_width=\u00bbnone\u00bb column_border_color=\u00bb#9a1a29&#8243; column_border_style=\u00bbsolid\u00bb][vc_column_text el_class=\u00bbcwhite\u00bb]\n<h3 class=\"translation-preview-holder\">Marcas de M\u00e9xico:<\/h3>\n<div class=\"fw100\">\n<p class=\"translation-preview-holder\" style=\"text-align: left;\">Si quieres descargar nuestro listado de marcas para M\u00e9xico, puedes hacerlo desde el siguiente enlace.<\/p>\n<p>Los nombres e im\u00e1genes de nuestros juegos est\u00e1n protegidos por las leyes de propiedad intelectual y est\u00e1n registrados en el Instituto Mexicano de la Propiedad Industrial (IMPI). A continuaci\u00f3n encontrar\u00e1s la lista de marcas de las que Zitro International S.\u00c1 R.L. y\/o Zitro Laboratory, S.L.U. es titular y que se utilizan en nuestros juegos en M\u00e9xico y\/o que est\u00e1n disponibles para el mercado mexicano.<\/p>\n<\/div>\n[\/vc_column_text][nectar_btn size=\u00bblarge\u00bb open_new_tab=\u00bbtrue\u00bb button_style=\u00bbsee-through\u00bb button_color_2=\u00bbAccent-Color\u00bb icon_family=\u00bbnone\u00bb el_class=\u00bbbtonTrademark\u00bb text=\u00bbDescargar PDF\u00bb url=\u00bb\/wp-content\/uploads\/2026\/01\/mexico-2025-12-28.pdf\u00bb][\/vc_column][vc_column boxed=\u00bbtrue\u00bb column_padding=\u00bbpadding-3-percent\u00bb column_padding_position=\u00bball\u00bb background_color=\u00bb#f4f4f4&#8243; background_color_opacity=\u00bb1&#8243; background_hover_color_opacity=\u00bb1&#8243; column_link_target=\u00bb_self\u00bb column_shadow=\u00bbnone\u00bb column_border_radius=\u00bbnone\u00bb width=\u00bb1\/2&#8243; tablet_width_inherit=\u00bbdefault\u00bb tablet_text_alignment=\u00bbdefault\u00bb phone_text_alignment=\u00bbcenter\u00bb column_border_width=\u00bbnone\u00bb column_border_style=\u00bbsolid\u00bb][vc_column_text]\n<h3 class=\"translation-preview-holder\" style=\"text-align: left;\"><strong>Marcas de la UE: <\/strong><\/h3>\n<p class=\"translation-preview-holder\" style=\"text-align: left;\">Si quieres descargar nuestro listado de marcas para la UE, puedes hacerlo desde el siguiente enlace.<\/p>\n<p>Los nombres e im\u00e1genes de nuestros juegos est\u00e1n protegidos por las leyes de propiedad intelectual y est\u00e1n registrados en la EU Intellectual Property Office (EUIPO) y en las Oficinas de Marcas de diferentes pa\u00edses europeos. A continuaci\u00f3n encontrar\u00e1s la lista de marcas de las que Zitro International S.\u00c1 R.L. y\/o Zitro Laboratory, S.L.U. es titular y que se utilizan en nuestros juegos en la Uni\u00f3n Europea y\/o que est\u00e1n disponibles para el mercado de la Uni\u00f3n Europea.[\/vc_column_text][nectar_btn size=\u00bblarge\u00bb open_new_tab=\u00bbtrue\u00bb button_style=\u00bbregular\u00bb button_color_2=\u00bbextra-color-gradient-1&#8243; icon_family=\u00bbnone\u00bb el_class=\u00bbbtonTxt\u00bb text=\u00bbDescargar PDF\u00bb url=\u00bb\/wp-content\/uploads\/2026\/01\/union-europea-2025-12-28.pdf\u00bb][\/vc_column][\/vc_row][vc_row type=\u00bbin_container\u00bb full_screen_row_position=\u00bbmiddle\u00bb scene_position=\u00bbcenter\u00bb text_color=\u00bbdark\u00bb text_align=\u00bbleft\u00bb overlay_strength=\u00bb0.3&#8243; shape_divider_position=\u00bbbottom\u00bb][vc_column column_padding=\u00bbno-extra-padding\u00bb column_padding_position=\u00bball\u00bb background_color_opacity=\u00bb1&#8243; background_hover_color_opacity=\u00bb1&#8243; column_link_target=\u00bb_self\u00bb column_shadow=\u00bbnone\u00bb column_border_radius=\u00bbnone\u00bb width=\u00bb1\/1&#8243; tablet_width_inherit=\u00bbdefault\u00bb tablet_text_alignment=\u00bbdefault\u00bb phone_text_alignment=\u00bbdefault\u00bb column_border_width=\u00bbnone\u00bb column_border_style=\u00bbsolid\u00bb]<div class=\"divider-wrap\" data-alignment=\"default\"><div style=\"height: 25px;\" class=\"divider\"><\/div><\/div>[\/vc_column][\/vc_row][vc_row type=\u00bbin_container\u00bb full_screen_row_position=\u00bbmiddle\u00bb scene_position=\u00bbcenter\u00bb text_color=\u00bbdark\u00bb text_align=\u00bbleft\u00bb overlay_strength=\u00bb0.3&#8243; shape_divider_position=\u00bbbottom\u00bb shape_type=\u00bb\u00bb][vc_column column_padding=\u00bbpadding-3-percent\u00bb column_padding_position=\u00bball\u00bb background_color=\u00bb#f4f4f4&#8243; background_color_opacity=\u00bb1&#8243; background_hover_color_opacity=\u00bb1&#8243; column_link_target=\u00bb_self\u00bb column_shadow=\u00bbnone\u00bb column_border_radius=\u00bbnone\u00bb width=\u00bb1\/2&#8243; tablet_width_inherit=\u00bbdefault\u00bb tablet_text_alignment=\u00bbdefault\u00bb phone_text_alignment=\u00bbcenter\u00bb column_border_width=\u00bbnone\u00bb column_border_style=\u00bbsolid\u00bb][vc_column_text]\n<h3 class=\"translation-preview-holder\"><strong>Marcas en USA:<\/strong><\/h3>\n<p class=\"translation-preview-holder\">Si quieres descargar nuestro listado de marcas para USA, puedes hacerlo desde el siguiente enlace.<\/p>\n<p>Los nombres e im\u00e1genes de nuestros juegos est\u00e1n protegidos por las leyes de propiedad intelectual y est\u00e1n registrados en la USA Intellectual Property Office. A continuaci\u00f3n encontrar\u00e1s la lista de marcas de las que Zitro International S.\u00c1 R.L. y\/o Zitro Laboratory, S.L.U. es titular y que se utilizan en nuestros juegos en USA y\/o que est\u00e1n disponibles para el mercado de USA.[\/vc_column_text]<div class=\"divider-wrap\" data-alignment=\"default\"><div style=\"height: 50px;\" class=\"divider\"><\/div><\/div>[nectar_btn size=\u00bblarge\u00bb open_new_tab=\u00bbtrue\u00bb button_style=\u00bbregular\u00bb button_color_2=\u00bbextra-color-gradient-1&#8243; icon_family=\u00bbnone\u00bb el_class=\u00bbbtonTxt\u00bb text=\u00bbDescargar PDF\u00bb url=\u00bb\/wp-content\/uploads\/2025\/03\/USA_2025.01.07.pdf\u00bb][\/vc_column][vc_column column_padding=\u00bbpadding-3-percent\u00bb column_padding_position=\u00bball\u00bb background_color_opacity=\u00bb1&#8243; background_hover_color_opacity=\u00bb1&#8243; column_link_target=\u00bb_self\u00bb column_shadow=\u00bbnone\u00bb column_border_radius=\u00bbnone\u00bb width=\u00bb1\/2&#8243; tablet_width_inherit=\u00bbdefault\u00bb tablet_text_alignment=\u00bbdefault\u00bb phone_text_alignment=\u00bbdefault\u00bb column_border_width=\u00bbnone\u00bb column_border_color=\u00bb#9a1a29&#8243; column_border_style=\u00bbsolid\u00bb][\/vc_column][\/vc_row]\n","protected":false},"excerpt":{"rendered":"<p>[vc_row type=\u00bbfull_width_background\u00bb full_screen_row_position=\u00bbmiddle\u00bb bg_image=\u00bb57503&#8243; bg_position=\u00bbcenter bottom\u00bb bg_repeat=\u00bbno-repeat\u00bb scene_position=\u00bbcenter\u00bb text_color=\u00bblight\u00bb text_align=\u00bbleft\u00bb top_padding=\u00bb4%\u00bb bottom_padding=\u00bb3%\u00bb class=\u00bbencPosition\u00bb overlay_strength=\u00bb0.8&#8243; shape_divider_position=\u00bbbottom\u00bb shape_type=\u00bb\u00bb][vc_column column_padding=\u00bbno-extra-padding\u00bb column_padding_position=\u00bball\u00bb background_color_opacity=\u00bb1&#8243; background_hover_color_opacity=\u00bb1&#8243; column_link_target=\u00bb_self\u00bb column_shadow=\u00bbnone\u00bb column_border_radius=\u00bbnone\u00bb width=\u00bb1\/1&#8243; tablet_width_inherit=\u00bbdefault\u00bb&#8230;<\/p>\n","protected":false},"author":13,"featured_media":0,"parent":0,"menu_order":0,"comment_status":"closed","ping_status":"closed","template":"","meta":{"footnotes":""},"class_list":["post-38663","page","type-page","status-publish"],"yoast_head":"<!-- This site is optimized with the Yoast SEO plugin v27.4 - https:\/\/yoast.com\/product\/yoast-seo-wordpress\/ -->\n<title>Marcas Registradas - Zitrogames<\/title>\n<meta name=\"description\" content=\"Marcas Registradas Zitrogames\" \/>\n<meta name=\"robots\" content=\"index, follow, max-snippet:-1, max-image-preview:large, max-video-preview:-1\" \/>\n<link rel=\"canonical\" href=\"https:\/\/zitrogames.com\/es\/trademarks-and-catalogue\/\" \/>\n<meta property=\"og:locale\" content=\"es_ES\" \/>\n<meta property=\"og:type\" content=\"article\" \/>\n<meta property=\"og:title\" content=\"Marcas Registradas - Zitrogames\" \/>\n<meta property=\"og:description\" content=\"Marcas Registradas Zitrogames\" \/>\n<meta property=\"og:url\" content=\"https:\/\/zitrogames.com\/es\/trademarks-and-catalogue\/\" \/>\n<meta property=\"og:site_name\" content=\"Zitrogames\" \/>\n<meta property=\"article:publisher\" content=\"https:\/\/www.facebook.com\/zitrogames\/\" \/>\n<meta property=\"article:modified_time\" content=\"2026-01-22T13:49:06+00:00\" \/>\n<meta name=\"twitter:card\" content=\"summary_large_image\" \/>\n<meta name=\"twitter:site\" content=\"@Zitrogames\" \/>\n<meta name=\"twitter:label1\" content=\"Tiempo de lectura\" \/>\n\t<meta name=\"twitter:data1\" content=\"3 minutos\" \/>\n<script type=\"application\/ld+json\" class=\"yoast-schema-graph\">{\"@context\":\"https:\\\/\\\/schema.org\",\"@graph\":[{\"@type\":\"WebPage\",\"@id\":\"https:\\\/\\\/zitrogames.com\\\/es\\\/trademarks-and-catalogue\\\/\",\"url\":\"https:\\\/\\\/zitrogames.com\\\/es\\\/trademarks-and-catalogue\\\/\",\"name\":\"Marcas Registradas - Zitrogames\",\"isPartOf\":{\"@id\":\"https:\\\/\\\/zitrogames.com\\\/es\\\/#website\"},\"datePublished\":\"2019-07-22T13:47:25+00:00\",\"dateModified\":\"2026-01-22T13:49:06+00:00\",\"description\":\"Marcas Registradas Zitrogames\",\"inLanguage\":\"es\",\"potentialAction\":[{\"@type\":\"ReadAction\",\"target\":[\"https:\\\/\\\/zitrogames.com\\\/es\\\/trademarks-and-catalogue\\\/\"]}]},{\"@type\":\"WebSite\",\"@id\":\"https:\\\/\\\/zitrogames.com\\\/es\\\/#website\",\"url\":\"https:\\\/\\\/zitrogames.com\\\/es\\\/\",\"name\":\"Zitrogames\",\"description\":\"Zitro Games\",\"publisher\":{\"@id\":\"https:\\\/\\\/zitrogames.com\\\/es\\\/#organization\"},\"alternateName\":\"Zitro Games\",\"potentialAction\":[{\"@type\":\"SearchAction\",\"target\":{\"@type\":\"EntryPoint\",\"urlTemplate\":\"https:\\\/\\\/zitrogames.com\\\/es\\\/?s={search_term_string}\"},\"query-input\":{\"@type\":\"PropertyValueSpecification\",\"valueRequired\":true,\"valueName\":\"search_term_string\"}}],\"inLanguage\":\"es\"},{\"@type\":\"Organization\",\"@id\":\"https:\\\/\\\/zitrogames.com\\\/es\\\/#organization\",\"name\":\"Zitro Games\",\"url\":\"https:\\\/\\\/zitrogames.com\\\/es\\\/\",\"logo\":{\"@type\":\"ImageObject\",\"inLanguage\":\"es\",\"@id\":\"https:\\\/\\\/zitrogames.com\\\/es\\\/#\\\/schema\\\/logo\\\/image\\\/\",\"url\":\"https:\\\/\\\/zitrogames.com\\\/wp-content\\\/uploads\\\/2022\\\/02\\\/Zitro-Games.png\",\"contentUrl\":\"https:\\\/\\\/zitrogames.com\\\/wp-content\\\/uploads\\\/2022\\\/02\\\/Zitro-Games.png\",\"width\":742,\"height\":128,\"caption\":\"Zitro Games\"},\"image\":{\"@id\":\"https:\\\/\\\/zitrogames.com\\\/es\\\/#\\\/schema\\\/logo\\\/image\\\/\"},\"sameAs\":[\"https:\\\/\\\/www.facebook.com\\\/zitrogames\\\/\",\"https:\\\/\\\/x.com\\\/Zitrogames\",\"https:\\\/\\\/www.instagram.com\\\/zitro.games\\\/\",\"https:\\\/\\\/www.linkedin.com\\\/company\\\/zitro\\\/\",\"https:\\\/\\\/www.youtube.com\\\/channel\\\/UCBajr3cDd36PSxaK9n3lzGQ\",\"https:\\\/\\\/es.wikipedia.org\\\/wiki\\\/Zitro_S.A.R.L\"]}]}<\/script>\n<!-- \/ Yoast SEO plugin. -->","yoast_head_json":{"title":"Marcas Registradas - Zitrogames","description":"Marcas Registradas Zitrogames","robots":{"index":"index","follow":"follow","max-snippet":"max-snippet:-1","max-image-preview":"max-image-preview:large","max-video-preview":"max-video-preview:-1"},"canonical":"https:\/\/zitrogames.com\/es\/trademarks-and-catalogue\/","og_locale":"es_ES","og_type":"article","og_title":"Marcas Registradas - Zitrogames","og_description":"Marcas Registradas Zitrogames","og_url":"https:\/\/zitrogames.com\/es\/trademarks-and-catalogue\/","og_site_name":"Zitrogames","article_publisher":"https:\/\/www.facebook.com\/zitrogames\/","article_modified_time":"2026-01-22T13:49:06+00:00","twitter_card":"summary_large_image","twitter_site":"@Zitrogames","twitter_misc":{"Tiempo de lectura":"3 minutos"},"schema":{"@context":"https:\/\/schema.org","@graph":[{"@type":"WebPage","@id":"https:\/\/zitrogames.com\/es\/trademarks-and-catalogue\/","url":"https:\/\/zitrogames.com\/es\/trademarks-and-catalogue\/","name":"Marcas Registradas - Zitrogames","isPartOf":{"@id":"https:\/\/zitrogames.com\/es\/#website"},"datePublished":"2019-07-22T13:47:25+00:00","dateModified":"2026-01-22T13:49:06+00:00","description":"Marcas Registradas Zitrogames","inLanguage":"es","potentialAction":[{"@type":"ReadAction","target":["https:\/\/zitrogames.com\/es\/trademarks-and-catalogue\/"]}]},{"@type":"WebSite","@id":"https:\/\/zitrogames.com\/es\/#website","url":"https:\/\/zitrogames.com\/es\/","name":"Zitrogames","description":"Zitro Games","publisher":{"@id":"https:\/\/zitrogames.com\/es\/#organization"},"alternateName":"Zitro Games","potentialAction":[{"@type":"SearchAction","target":{"@type":"EntryPoint","urlTemplate":"https:\/\/zitrogames.com\/es\/?s={search_term_string}"},"query-input":{"@type":"PropertyValueSpecification","valueRequired":true,"valueName":"search_term_string"}}],"inLanguage":"es"},{"@type":"Organization","@id":"https:\/\/zitrogames.com\/es\/#organization","name":"Zitro Games","url":"https:\/\/zitrogames.com\/es\/","logo":{"@type":"ImageObject","inLanguage":"es","@id":"https:\/\/zitrogames.com\/es\/#\/schema\/logo\/image\/","url":"https:\/\/zitrogames.com\/wp-content\/uploads\/2022\/02\/Zitro-Games.png","contentUrl":"https:\/\/zitrogames.com\/wp-content\/uploads\/2022\/02\/Zitro-Games.png","width":742,"height":128,"caption":"Zitro Games"},"image":{"@id":"https:\/\/zitrogames.com\/es\/#\/schema\/logo\/image\/"},"sameAs":["https:\/\/www.facebook.com\/zitrogames\/","https:\/\/x.com\/Zitrogames","https:\/\/www.instagram.com\/zitro.games\/","https:\/\/www.linkedin.com\/company\/zitro\/","https:\/\/www.youtube.com\/channel\/UCBajr3cDd36PSxaK9n3lzGQ","https:\/\/es.wikipedia.org\/wiki\/Zitro_S.A.R.L"]}]}},"_links":{"self":[{"href":"https:\/\/zitrogames.com\/es\/wp-json\/wp\/v2\/pages\/38663","targetHints":{"allow":["GET"]}}],"collection":[{"href":"https:\/\/zitrogames.com\/es\/wp-json\/wp\/v2\/pages"}],"about":[{"href":"https:\/\/zitrogames.com\/es\/wp-json\/wp\/v2\/types\/page"}],"author":[{"embeddable":true,"href":"https:\/\/zitrogames.com\/es\/wp-json\/wp\/v2\/users\/13"}],"replies":[{"embeddable":true,"href":"https:\/\/zitrogames.com\/es\/wp-json\/wp\/v2\/comments?post=38663"}],"version-history":[{"count":24,"href":"https:\/\/zitrogames.com\/es\/wp-json\/wp\/v2\/pages\/38663\/revisions"}],"predecessor-version":[{"id":61975,"href":"https:\/\/zitrogames.com\/es\/wp-json\/wp\/v2\/pages\/38663\/revisions\/61975"}],"wp:attachment":[{"href":"https:\/\/zitrogames.com\/es\/wp-json\/wp\/v2\/media?parent=38663"}],"curies":[{"name":"wp","href":"https:\/\/api.w.org\/{rel}","templated":true}]}}