{"id":51405,"date":"2022-01-17T14:34:56","date_gmt":"2022-01-17T14:34:56","guid":{"rendered":"https:\/\/zitrogames.com\/?page_id=51405"},"modified":"2022-03-07T14:49:20","modified_gmt":"2022-03-07T14:49:20","slug":"fusion-glare-cabinet","status":"publish","type":"page","link":"https:\/\/zitrogames.com\/es\/fusion-glare-cabinet\/","title":{"rendered":"Fusion Glare"},"content":{"rendered":"[vc_row type=\u00bbfull_width_background\u00bb full_screen_row_position=\u00bbmiddle\u00bb bg_image=\u00bb51621&#8243; bg_position=\u00bbcenter bottom\u00bb bg_repeat=\u00bbno-repeat\u00bb scene_position=\u00bbcenter\u00bb text_color=\u00bbcustom\u00bb custom_text_color=\u00bb#ffffff\u00bb text_align=\u00bbright\u00bb top_padding=\u00bb1%\u00bb bottom_padding=\u00bb10%\u00bb class=\u00bbwatch-video\u00bb overlay_strength=\u00bb0.8&#8243; enable_shape_divider=\u00bbtrue\u00bb shape_divider_position=\u00bbbottom\u00bb shape_divider_height=\u00bb200&#8243; video_mute=\u00bbtrue\u00bb shape_type=\u00bbcurve\u00bb][vc_column column_padding=\u00bbno-extra-padding\u00bb column_padding_position=\u00bball\u00bb background_color_opacity=\u00bb1&#8243; background_hover_color_opacity=\u00bb1&#8243; column_link_target=\u00bb_self\u00bb column_shadow=\u00bbnone\u00bb column_border_radius=\u00bbnone\u00bb width=\u00bb1\/1&#8243; tablet_width_inherit=\u00bbdefault\u00bb tablet_text_alignment=\u00bbdefault\u00bb phone_text_alignment=\u00bbdefault\u00bb column_border_width=\u00bbnone\u00bb column_border_style=\u00bbsolid\u00bb][vc_row_inner column_margin=\u00bbdefault\u00bb text_align=\u00bbleft\u00bb][vc_column_inner column_padding=\u00bbno-extra-padding\u00bb column_padding_position=\u00bball\u00bb background_color_opacity=\u00bb1&#8243; background_hover_color_opacity=\u00bb1&#8243; column_shadow=\u00bbnone\u00bb column_border_radius=\u00bbnone\u00bb column_link_target=\u00bb_self\u00bb width=\u00bb1\/1&#8243; tablet_width_inherit=\u00bbdefault\u00bb column_border_width=\u00bbnone\u00bb column_border_style=\u00bbsolid\u00bb]<div class=\"img-with-aniamtion-wrap right\" data-max-width=\"100%\" data-border-radius=\"none\"><div class=\"inner\"><img loading=\"lazy\" decoding=\"async\" data-shadow=\"none\" data-shadow-direction=\"middle\" class=\"img-with-animation skip-lazy \" data-delay=\"0\" height=\"201\" width=\"500\" style=\"margin-top: 5px; \" data-animation=\"fade-in\" src=\"https:\/\/zitrogames.com\/wp-content\/uploads\/2021\/12\/GLARE-FUSION.png\"  alt=\"Glare Fusion Cabinet - Zitro Games\" \/><\/div><\/div>[\/vc_column_inner][\/vc_row_inner][nectar_video_lightbox link_style=\u00bbnectar-button\u00bb nectar_button_color=\u00bbDefault-Accent-Color\u00bb video_url=\u00bbhttps:\/\/youtu.be\/bSRUYAGT_sw\u00bb link_text=\u00bbVer video\u00bb][\/vc_column][\/vc_row][vc_row type=\u00bbin_container\u00bb full_screen_row_position=\u00bbmiddle\u00bb scene_position=\u00bbcenter\u00bb text_color=\u00bbdark\u00bb text_align=\u00bbleft\u00bb overlay_strength=\u00bb0.3&#8243; shape_divider_position=\u00bbbottom\u00bb][vc_column centered_text=\u00bbtrue\u00bb column_padding=\u00bbpadding-1-percent\u00bb column_padding_position=\u00bbtop\u00bb background_color_opacity=\u00bb1&#8243; background_hover_color_opacity=\u00bb1&#8243; column_link_target=\u00bb_self\u00bb column_shadow=\u00bbnone\u00bb column_border_radius=\u00bbnone\u00bb width=\u00bb1\/2&#8243; tablet_width_inherit=\u00bbdefault\u00bb tablet_text_alignment=\u00bbdefault\u00bb phone_text_alignment=\u00bbdefault\u00bb column_border_width=\u00bbnone\u00bb column_border_style=\u00bbsolid\u00bb][carousel script=\u00bbowl_carousel\u00bb desktop_cols=\u00bb1&#8243; desktop_small_cols=\u00bb1&#8243; tablet_cols=\u00bb1&#8243; mobile_cols=\u00bb1&#8243; column_padding=\u00bb0&#8243; loop=\u00bbtrue\u00bb autorotate=\u00bbtrue\u00bb][item id=\u00bb1635177289435-0-8&#8243; tab_id=\u00bb1635176834447-6&#8243; title=\u00bbItem\u00bb]<div class=\"img-with-aniamtion-wrap \" data-max-width=\"100%\" data-border-radius=\"none\"><div class=\"inner\"><img loading=\"lazy\" decoding=\"async\" data-shadow=\"none\" data-shadow-direction=\"middle\" class=\"img-with-animation skip-lazy \" data-delay=\"0\" height=\"1152\" width=\"1134\"  data-animation=\"fade-in\" src=\"https:\/\/zitrogames.com\/wp-content\/uploads\/2022\/01\/FUSION_GLARE_BANCO_SIDE_LINK_ME_low-1.png\" srcset=\"https:\/\/zitrogames.com\/wp-content\/uploads\/2022\/01\/FUSION_GLARE_BANCO_SIDE_LINK_ME_low-1.png 1134w, https:\/\/zitrogames.com\/wp-content\/uploads\/2022\/01\/FUSION_GLARE_BANCO_SIDE_LINK_ME_low-1-768x780.png 768w\" sizes=\"auto, 100vw\" alt=\"Fusion Glare Cabinets\" \/><\/div><\/div>[\/item][item title=\u00bbItem\u00bb id=\u00bb1640704743521-0-9&#8243; tab_id=\u00bb1636360652683-10&#8243;]<div class=\"img-with-aniamtion-wrap \" data-max-width=\"100%\" data-border-radius=\"none\"><div class=\"inner\"><img loading=\"lazy\" decoding=\"async\" data-shadow=\"none\" data-shadow-direction=\"middle\" class=\"img-with-animation skip-lazy \" data-delay=\"0\" height=\"900\" width=\"900\"  data-animation=\"fade-in\" src=\"https:\/\/zitrogames.com\/wp-content\/uploads\/2021\/12\/mueble_FUSIONGLARE.jpg\" srcset=\"https:\/\/zitrogames.com\/wp-content\/uploads\/2021\/12\/mueble_FUSIONGLARE.jpg 900w, https:\/\/zitrogames.com\/wp-content\/uploads\/2021\/12\/mueble_FUSIONGLARE-768x768.jpg 768w, https:\/\/zitrogames.com\/wp-content\/uploads\/2021\/12\/mueble_FUSIONGLARE-100x100.jpg 100w, https:\/\/zitrogames.com\/wp-content\/uploads\/2021\/12\/mueble_FUSIONGLARE-140x140.jpg 140w, https:\/\/zitrogames.com\/wp-content\/uploads\/2021\/12\/mueble_FUSIONGLARE-500x500.jpg 500w, https:\/\/zitrogames.com\/wp-content\/uploads\/2021\/12\/mueble_FUSIONGLARE-350x350.jpg 350w, https:\/\/zitrogames.com\/wp-content\/uploads\/2021\/12\/mueble_FUSIONGLARE-800x800.jpg 800w\" sizes=\"auto, 100vw\" alt=\"Fusion Glare Cabinets\" \/><\/div><\/div>[\/item][item title=\u00bbItem\u00bb id=\u00bb1640704763866-0-3&#8243; tab_id=\u00bb1636360652683-10&#8243;]<div class=\"img-with-aniamtion-wrap \" data-max-width=\"100%\" data-border-radius=\"none\"><div class=\"inner\"><img loading=\"lazy\" decoding=\"async\" data-shadow=\"none\" data-shadow-direction=\"middle\" class=\"img-with-animation skip-lazy \" data-delay=\"0\" height=\"900\" width=\"900\"  data-animation=\"fade-in\" src=\"https:\/\/zitrogames.com\/wp-content\/uploads\/2022\/01\/planos-tecnicos_fusion_GLARE_white_WEB-1.jpg\" srcset=\"https:\/\/zitrogames.com\/wp-content\/uploads\/2022\/01\/planos-tecnicos_fusion_GLARE_white_WEB-1.jpg 900w, https:\/\/zitrogames.com\/wp-content\/uploads\/2022\/01\/planos-tecnicos_fusion_GLARE_white_WEB-1-768x768.jpg 768w, https:\/\/zitrogames.com\/wp-content\/uploads\/2022\/01\/planos-tecnicos_fusion_GLARE_white_WEB-1-100x100.jpg 100w, https:\/\/zitrogames.com\/wp-content\/uploads\/2022\/01\/planos-tecnicos_fusion_GLARE_white_WEB-1-140x140.jpg 140w, https:\/\/zitrogames.com\/wp-content\/uploads\/2022\/01\/planos-tecnicos_fusion_GLARE_white_WEB-1-500x500.jpg 500w, https:\/\/zitrogames.com\/wp-content\/uploads\/2022\/01\/planos-tecnicos_fusion_GLARE_white_WEB-1-350x350.jpg 350w, https:\/\/zitrogames.com\/wp-content\/uploads\/2022\/01\/planos-tecnicos_fusion_GLARE_white_WEB-1-800x800.jpg 800w\" sizes=\"auto, 100vw\" alt=\"Fusion Glare Cabinets\" \/><\/div><\/div>[\/item][\/carousel][\/vc_column][vc_column column_padding=\u00bbpadding-5-percent\u00bb column_padding_position=\u00bbtop\u00bb background_color_opacity=\u00bb1&#8243; background_hover_color_opacity=\u00bb1&#8243; column_link_target=\u00bb_self\u00bb column_shadow=\u00bbnone\u00bb column_border_radius=\u00bbnone\u00bb width=\u00bb1\/2&#8243; tablet_width_inherit=\u00bbdefault\u00bb tablet_text_alignment=\u00bbdefault\u00bb phone_text_alignment=\u00bbdefault\u00bb column_border_width=\u00bbnone\u00bb column_border_style=\u00bbsolid\u00bb][vc_custom_heading text=\u00bbFusion Glare\u00bb font_container=\u00bbtag:h2|text_align:left|color:%23000000&#8243; use_theme_fonts=\u00bbyes\u00bb css=\u00bb.vc_custom_1638430700825{margin-bottom: 10px !important;}\u00bb][vc_column_text]\n<h4 style=\"text-align: left;\">RAISING THE STANDARDS<\/h4>\n[\/vc_column_text][vc_column_text]Fusion Glare est\u00e1 preparado para superar las expectativas al ser un mueble high class con dos pantallas Full HD de 27\u201d, halo de LEDs inteligente, procesador de \u00faltima generaci\u00f3n, con f\u00e1cil acceso al interior, cargador inal\u00e1mbrico para m\u00f3vil y su amplia librer\u00eda de juegos, lo convierten en una m\u00e1quina imprescindible en cualquier sala de juego a nivel global.[\/vc_column_text]<div class=\"nectar-fancy-ul\" data-list-icon=\"icon-ok-sign\" data-animation=\"false\" data-animation-delay=\"0\" data-color=\"accent-color\" data-alignment=\"left\"> \n<ul>\n<li>Espectacular Halo de LED inteligente.<\/li>\n<li>Procesador de \u00faltima generaci\u00f3n.<\/li>\n<li>Doble pantalla de 27&#8243; de alta definici\u00f3n.<\/li>\n<li>Efectos de sonido Premium.<\/li>\n<li>F\u00e1cil accesibilidad y capacidad de servicio.<\/li>\n<li>M\u00e1s espacio personal.<\/li>\n<li>Nueva botonera Smartdeck.<\/li>\n<li>Material de alta resistencia.<\/li>\n<li>Amplia librer\u00eda de juegos.<\/li>\n<\/ul>\n <\/div>[\/vc_column][\/vc_row][vc_row type=\u00bbin_container\u00bb full_screen_row_position=\u00bbmiddle\u00bb scene_position=\u00bbcenter\u00bb text_color=\u00bbdark\u00bb text_align=\u00bbleft\u00bb top_padding=\u00bb30&#8243; overlay_strength=\u00bb0.3&#8243; shape_divider_position=\u00bbbottom\u00bb shape_type=\u00bb\u00bb][vc_column column_padding=\u00bbno-extra-padding\u00bb column_padding_position=\u00bball\u00bb background_color_opacity=\u00bb1&#8243; background_hover_color_opacity=\u00bb1&#8243; column_link_target=\u00bb_self\u00bb column_shadow=\u00bbnone\u00bb column_border_radius=\u00bbnone\u00bb width=\u00bb1\/1&#8243; tablet_width_inherit=\u00bbdefault\u00bb tablet_text_alignment=\u00bbdefault\u00bb phone_text_alignment=\u00bbdefault\u00bb column_border_width=\u00bbnone\u00bb column_border_style=\u00bbsolid\u00bb offset=\u00bbvc_hidden-sm vc_hidden-xs\u00bb]<div class=\"divider-wrap\" data-alignment=\"default\"><div style=\"height: 50px;\" class=\"divider\"><\/div><\/div>[\/vc_column][\/vc_row]\n","protected":false},"excerpt":{"rendered":"<p>[vc_row type=\u00bbfull_width_background\u00bb full_screen_row_position=\u00bbmiddle\u00bb bg_image=\u00bb51621&#8243; bg_position=\u00bbcenter bottom\u00bb bg_repeat=\u00bbno-repeat\u00bb scene_position=\u00bbcenter\u00bb text_color=\u00bbcustom\u00bb custom_text_color=\u00bb#ffffff\u00bb text_align=\u00bbright\u00bb top_padding=\u00bb1%\u00bb bottom_padding=\u00bb10%\u00bb class=\u00bbwatch-video\u00bb overlay_strength=\u00bb0.8&#8243; enable_shape_divider=\u00bbtrue\u00bb shape_divider_position=\u00bbbottom\u00bb shape_divider_height=\u00bb200&#8243; video_mute=\u00bbtrue\u00bb shape_type=\u00bbcurve\u00bb][vc_column column_padding=\u00bbno-extra-padding\u00bb column_padding_position=\u00bball\u00bb background_color_opacity=\u00bb1&#8243; background_hover_color_opacity=\u00bb1&#8243; column_link_target=\u00bb_self\u00bb&#8230;<\/p>\n","protected":false},"author":13,"featured_media":0,"parent":0,"menu_order":0,"comment_status":"closed","ping_status":"closed","template":"","meta":{"footnotes":""},"class_list":["post-51405","page","type-page","status-publish"],"yoast_head":"<!-- This site is optimized with the Yoast SEO plugin v26.8 - https:\/\/yoast.com\/product\/yoast-seo-wordpress\/ -->\n<title>Fusion Glare - Zitrogames<\/title>\n<meta name=\"description\" content=\"Fusion Glare est\u00e1 preparado para superar las expectativas al ser un mueble high class con dos pantallas Full HD de 27\u201d, halo de LEDs inteligente, procesador de \u00faltima generaci\u00f3n, con f\u00e1cil acceso al interior, cargador inal\u00e1mbrico para m\u00f3vil y su amplia librer\u00eda de juegos.\" \/>\n<meta name=\"robots\" content=\"index, follow, max-snippet:-1, max-image-preview:large, max-video-preview:-1\" \/>\n<link rel=\"canonical\" href=\"https:\/\/zitrogames.com\/es\/fusion-glare-cabinet\/\" \/>\n<meta property=\"og:locale\" content=\"es_ES\" \/>\n<meta property=\"og:type\" content=\"article\" \/>\n<meta property=\"og:title\" content=\"Fusion Glare - Zitrogames\" \/>\n<meta property=\"og:description\" content=\"Fusion Glare est\u00e1 preparado para superar las expectativas al ser un mueble high class con dos pantallas Full HD de 27\u201d, halo de LEDs inteligente, procesador de \u00faltima generaci\u00f3n, con f\u00e1cil acceso al interior, cargador inal\u00e1mbrico para m\u00f3vil y su amplia librer\u00eda de juegos.\" \/>\n<meta property=\"og:url\" content=\"https:\/\/zitrogames.com\/es\/fusion-glare-cabinet\/\" \/>\n<meta property=\"og:site_name\" content=\"Zitrogames\" \/>\n<meta property=\"article:publisher\" content=\"https:\/\/www.facebook.com\/zitrogames\/\" \/>\n<meta property=\"article:modified_time\" content=\"2022-03-07T14:49:20+00:00\" \/>\n<meta name=\"twitter:card\" content=\"summary_large_image\" \/>\n<meta name=\"twitter:site\" content=\"@Zitrogames\" \/>\n<meta name=\"twitter:label1\" content=\"Tiempo de lectura\" \/>\n\t<meta name=\"twitter:data1\" content=\"2 minutos\" \/>\n<script type=\"application\/ld+json\" class=\"yoast-schema-graph\">{\"@context\":\"https:\/\/schema.org\",\"@graph\":[{\"@type\":\"WebPage\",\"@id\":\"https:\/\/zitrogames.com\/es\/fusion-glare-cabinet\/\",\"url\":\"https:\/\/zitrogames.com\/es\/fusion-glare-cabinet\/\",\"name\":\"Fusion Glare - Zitrogames\",\"isPartOf\":{\"@id\":\"https:\/\/zitrogames.com\/es\/#website\"},\"datePublished\":\"2022-01-17T14:34:56+00:00\",\"dateModified\":\"2022-03-07T14:49:20+00:00\",\"description\":\"Fusion Glare est\u00e1 preparado para superar las expectativas al ser un mueble high class con dos pantallas Full HD de 27\u201d, halo de LEDs inteligente, procesador de \u00faltima generaci\u00f3n, con f\u00e1cil acceso al interior, cargador inal\u00e1mbrico para m\u00f3vil y su amplia librer\u00eda de juegos.\",\"inLanguage\":\"es\",\"potentialAction\":[{\"@type\":\"ReadAction\",\"target\":[\"https:\/\/zitrogames.com\/es\/fusion-glare-cabinet\/\"]}]},{\"@type\":\"WebSite\",\"@id\":\"https:\/\/zitrogames.com\/es\/#website\",\"url\":\"https:\/\/zitrogames.com\/es\/\",\"name\":\"Zitrogames\",\"description\":\"Zitro Games\",\"publisher\":{\"@id\":\"https:\/\/zitrogames.com\/es\/#organization\"},\"alternateName\":\"Zitro Games\",\"potentialAction\":[{\"@type\":\"SearchAction\",\"target\":{\"@type\":\"EntryPoint\",\"urlTemplate\":\"https:\/\/zitrogames.com\/es\/?s={search_term_string}\"},\"query-input\":{\"@type\":\"PropertyValueSpecification\",\"valueRequired\":true,\"valueName\":\"search_term_string\"}}],\"inLanguage\":\"es\"},{\"@type\":\"Organization\",\"@id\":\"https:\/\/zitrogames.com\/es\/#organization\",\"name\":\"Zitro Games\",\"url\":\"https:\/\/zitrogames.com\/es\/\",\"logo\":{\"@type\":\"ImageObject\",\"inLanguage\":\"es\",\"@id\":\"https:\/\/zitrogames.com\/es\/#\/schema\/logo\/image\/\",\"url\":\"https:\/\/zitrogames.com\/wp-content\/uploads\/2022\/02\/Zitro-Games.png\",\"contentUrl\":\"https:\/\/zitrogames.com\/wp-content\/uploads\/2022\/02\/Zitro-Games.png\",\"width\":742,\"height\":128,\"caption\":\"Zitro Games\"},\"image\":{\"@id\":\"https:\/\/zitrogames.com\/es\/#\/schema\/logo\/image\/\"},\"sameAs\":[\"https:\/\/www.facebook.com\/zitrogames\/\",\"https:\/\/x.com\/Zitrogames\",\"https:\/\/www.instagram.com\/zitro.games\/\",\"https:\/\/www.linkedin.com\/company\/zitro\/\",\"https:\/\/www.youtube.com\/channel\/UCBajr3cDd36PSxaK9n3lzGQ\",\"https:\/\/es.wikipedia.org\/wiki\/Zitro_S.A.R.L\"]}]}<\/script>\n<!-- \/ Yoast SEO plugin. -->","yoast_head_json":{"title":"Fusion Glare - Zitrogames","description":"Fusion Glare est\u00e1 preparado para superar las expectativas al ser un mueble high class con dos pantallas Full HD de 27\u201d, halo de LEDs inteligente, procesador de \u00faltima generaci\u00f3n, con f\u00e1cil acceso al interior, cargador inal\u00e1mbrico para m\u00f3vil y su amplia librer\u00eda de juegos.","robots":{"index":"index","follow":"follow","max-snippet":"max-snippet:-1","max-image-preview":"max-image-preview:large","max-video-preview":"max-video-preview:-1"},"canonical":"https:\/\/zitrogames.com\/es\/fusion-glare-cabinet\/","og_locale":"es_ES","og_type":"article","og_title":"Fusion Glare - Zitrogames","og_description":"Fusion Glare est\u00e1 preparado para superar las expectativas al ser un mueble high class con dos pantallas Full HD de 27\u201d, halo de LEDs inteligente, procesador de \u00faltima generaci\u00f3n, con f\u00e1cil acceso al interior, cargador inal\u00e1mbrico para m\u00f3vil y su amplia librer\u00eda de juegos.","og_url":"https:\/\/zitrogames.com\/es\/fusion-glare-cabinet\/","og_site_name":"Zitrogames","article_publisher":"https:\/\/www.facebook.com\/zitrogames\/","article_modified_time":"2022-03-07T14:49:20+00:00","twitter_card":"summary_large_image","twitter_site":"@Zitrogames","twitter_misc":{"Tiempo de lectura":"2 minutos"},"schema":{"@context":"https:\/\/schema.org","@graph":[{"@type":"WebPage","@id":"https:\/\/zitrogames.com\/es\/fusion-glare-cabinet\/","url":"https:\/\/zitrogames.com\/es\/fusion-glare-cabinet\/","name":"Fusion Glare - Zitrogames","isPartOf":{"@id":"https:\/\/zitrogames.com\/es\/#website"},"datePublished":"2022-01-17T14:34:56+00:00","dateModified":"2022-03-07T14:49:20+00:00","description":"Fusion Glare est\u00e1 preparado para superar las expectativas al ser un mueble high class con dos pantallas Full HD de 27\u201d, halo de LEDs inteligente, procesador de \u00faltima generaci\u00f3n, con f\u00e1cil acceso al interior, cargador inal\u00e1mbrico para m\u00f3vil y su amplia librer\u00eda de juegos.","inLanguage":"es","potentialAction":[{"@type":"ReadAction","target":["https:\/\/zitrogames.com\/es\/fusion-glare-cabinet\/"]}]},{"@type":"WebSite","@id":"https:\/\/zitrogames.com\/es\/#website","url":"https:\/\/zitrogames.com\/es\/","name":"Zitrogames","description":"Zitro Games","publisher":{"@id":"https:\/\/zitrogames.com\/es\/#organization"},"alternateName":"Zitro Games","potentialAction":[{"@type":"SearchAction","target":{"@type":"EntryPoint","urlTemplate":"https:\/\/zitrogames.com\/es\/?s={search_term_string}"},"query-input":{"@type":"PropertyValueSpecification","valueRequired":true,"valueName":"search_term_string"}}],"inLanguage":"es"},{"@type":"Organization","@id":"https:\/\/zitrogames.com\/es\/#organization","name":"Zitro Games","url":"https:\/\/zitrogames.com\/es\/","logo":{"@type":"ImageObject","inLanguage":"es","@id":"https:\/\/zitrogames.com\/es\/#\/schema\/logo\/image\/","url":"https:\/\/zitrogames.com\/wp-content\/uploads\/2022\/02\/Zitro-Games.png","contentUrl":"https:\/\/zitrogames.com\/wp-content\/uploads\/2022\/02\/Zitro-Games.png","width":742,"height":128,"caption":"Zitro Games"},"image":{"@id":"https:\/\/zitrogames.com\/es\/#\/schema\/logo\/image\/"},"sameAs":["https:\/\/www.facebook.com\/zitrogames\/","https:\/\/x.com\/Zitrogames","https:\/\/www.instagram.com\/zitro.games\/","https:\/\/www.linkedin.com\/company\/zitro\/","https:\/\/www.youtube.com\/channel\/UCBajr3cDd36PSxaK9n3lzGQ","https:\/\/es.wikipedia.org\/wiki\/Zitro_S.A.R.L"]}]}},"_links":{"self":[{"href":"https:\/\/zitrogames.com\/es\/wp-json\/wp\/v2\/pages\/51405","targetHints":{"allow":["GET"]}}],"collection":[{"href":"https:\/\/zitrogames.com\/es\/wp-json\/wp\/v2\/pages"}],"about":[{"href":"https:\/\/zitrogames.com\/es\/wp-json\/wp\/v2\/types\/page"}],"author":[{"embeddable":true,"href":"https:\/\/zitrogames.com\/es\/wp-json\/wp\/v2\/users\/13"}],"replies":[{"embeddable":true,"href":"https:\/\/zitrogames.com\/es\/wp-json\/wp\/v2\/comments?post=51405"}],"version-history":[{"count":12,"href":"https:\/\/zitrogames.com\/es\/wp-json\/wp\/v2\/pages\/51405\/revisions"}],"predecessor-version":[{"id":53388,"href":"https:\/\/zitrogames.com\/es\/wp-json\/wp\/v2\/pages\/51405\/revisions\/53388"}],"wp:attachment":[{"href":"https:\/\/zitrogames.com\/es\/wp-json\/wp\/v2\/media?parent=51405"}],"curies":[{"name":"wp","href":"https:\/\/api.w.org\/{rel}","templated":true}]}}