{"id":51411,"date":"2022-01-17T14:42:26","date_gmt":"2022-01-17T14:42:26","guid":{"rendered":"https:\/\/zitrogames.com\/?page_id=51411"},"modified":"2022-03-07T14:53:21","modified_gmt":"2022-03-07T14:53:21","slug":"allure-one-cabinet","status":"publish","type":"page","link":"https:\/\/zitrogames.com\/es\/allure-one-cabinet\/","title":{"rendered":"Allure One"},"content":{"rendered":"[vc_row type=\u00bbfull_width_background\u00bb full_screen_row_position=\u00bbmiddle\u00bb bg_image=\u00bb51010&#8243; bg_position=\u00bbcenter bottom\u00bb bg_repeat=\u00bbno-repeat\u00bb scene_position=\u00bbcenter\u00bb text_color=\u00bbcustom\u00bb custom_text_color=\u00bb#ffffff\u00bb text_align=\u00bbleft\u00bb top_padding=\u00bb6%\u00bb bottom_padding=\u00bb14%\u00bb class=\u00bbwatch-video\u00bb overlay_strength=\u00bb0.8&#8243; enable_shape_divider=\u00bbtrue\u00bb shape_divider_position=\u00bbbottom\u00bb shape_divider_height=\u00bb200&#8243; video_mute=\u00bbtrue\u00bb shape_type=\u00bbcurve\u00bb][vc_column column_padding=\u00bbno-extra-padding\u00bb column_padding_position=\u00bball\u00bb background_color_opacity=\u00bb1&#8243; background_hover_color_opacity=\u00bb1&#8243; column_link_target=\u00bb_self\u00bb column_shadow=\u00bbnone\u00bb column_border_radius=\u00bbnone\u00bb width=\u00bb1\/1&#8243; tablet_width_inherit=\u00bbdefault\u00bb tablet_text_alignment=\u00bbdefault\u00bb phone_text_alignment=\u00bbdefault\u00bb column_border_width=\u00bbnone\u00bb column_border_style=\u00bbsolid\u00bb][vc_row_inner column_margin=\u00bbdefault\u00bb text_align=\u00bbleft\u00bb][vc_column_inner column_padding=\u00bbno-extra-padding\u00bb column_padding_position=\u00bball\u00bb background_color_opacity=\u00bb1&#8243; background_hover_color_opacity=\u00bb1&#8243; column_shadow=\u00bbnone\u00bb column_border_radius=\u00bbnone\u00bb column_link_target=\u00bb_self\u00bb width=\u00bb1\/1&#8243; tablet_width_inherit=\u00bbdefault\u00bb column_border_width=\u00bbnone\u00bb column_border_style=\u00bbsolid\u00bb]<div class=\"img-with-aniamtion-wrap \" data-max-width=\"100%\" data-border-radius=\"none\"><div class=\"inner\"><img loading=\"lazy\" decoding=\"async\" data-shadow=\"none\" data-shadow-direction=\"middle\" class=\"img-with-animation skip-lazy \" data-delay=\"0\" height=\"112\" width=\"504\"  data-animation=\"fade-in\" src=\"https:\/\/zitrogames.com\/wp-content\/uploads\/2022\/01\/allure-one.png\" srcset=\"https:\/\/zitrogames.com\/wp-content\/uploads\/2022\/01\/allure-one.png 504w, https:\/\/zitrogames.com\/wp-content\/uploads\/2022\/01\/allure-one-500x112.png 500w\" sizes=\"auto, 100vw\" alt=\"Allure One Cabinet - Zitro Games\" \/><\/div><\/div>[\/vc_column_inner][\/vc_row_inner][\/vc_column][\/vc_row][vc_row type=\u00bbin_container\u00bb full_screen_row_position=\u00bbmiddle\u00bb scene_position=\u00bbcenter\u00bb text_color=\u00bbdark\u00bb text_align=\u00bbleft\u00bb overlay_strength=\u00bb0.3&#8243; shape_divider_position=\u00bbbottom\u00bb][vc_column centered_text=\u00bbtrue\u00bb column_padding=\u00bbpadding-1-percent\u00bb column_padding_position=\u00bbtop\u00bb background_color_opacity=\u00bb1&#8243; background_hover_color_opacity=\u00bb1&#8243; column_link_target=\u00bb_self\u00bb column_shadow=\u00bbnone\u00bb column_border_radius=\u00bbnone\u00bb width=\u00bb1\/2&#8243; tablet_width_inherit=\u00bbdefault\u00bb tablet_text_alignment=\u00bbdefault\u00bb phone_text_alignment=\u00bbdefault\u00bb column_border_width=\u00bbnone\u00bb column_border_style=\u00bbsolid\u00bb][carousel script=\u00bbowl_carousel\u00bb desktop_cols=\u00bb1&#8243; desktop_small_cols=\u00bb1&#8243; tablet_cols=\u00bb1&#8243; mobile_cols=\u00bb1&#8243; column_padding=\u00bb0&#8243; loop=\u00bbtrue\u00bb autorotate=\u00bbtrue\u00bb][item id=\u00bb1635177289435-0-8&#8243; tab_id=\u00bb1635176834447-6&#8243; title=\u00bbItem\u00bb]<div class=\"img-with-aniamtion-wrap \" data-max-width=\"100%\" data-border-radius=\"none\"><div class=\"inner\"><img loading=\"lazy\" decoding=\"async\" data-shadow=\"none\" data-shadow-direction=\"middle\" class=\"img-with-animation skip-lazy \" data-delay=\"0\" height=\"999\" width=\"990\"  data-animation=\"fade-in\" src=\"https:\/\/zitrogames.com\/wp-content\/uploads\/2022\/01\/AllureOne02.png\" srcset=\"https:\/\/zitrogames.com\/wp-content\/uploads\/2022\/01\/AllureOne02.png 990w, https:\/\/zitrogames.com\/wp-content\/uploads\/2022\/01\/AllureOne02-768x775.png 768w, https:\/\/zitrogames.com\/wp-content\/uploads\/2022\/01\/AllureOne02-100x100.png 100w, https:\/\/zitrogames.com\/wp-content\/uploads\/2022\/01\/AllureOne02-140x140.png 140w\" sizes=\"auto, 100vw\" alt=\"Allure One Cabinet - Zitro games\" \/><\/div><\/div>[\/item][item title=\u00bbItem\u00bb id=\u00bb1636360652680-0-2&#8243; tab_id=\u00bb1636360652683-10&#8243;]<div class=\"img-with-aniamtion-wrap \" data-max-width=\"100%\" data-border-radius=\"none\"><div class=\"inner\"><img loading=\"lazy\" decoding=\"async\" data-shadow=\"none\" data-shadow-direction=\"middle\" class=\"img-with-animation skip-lazy \" data-delay=\"0\" height=\"999\" width=\"990\"  data-animation=\"fade-in\" src=\"https:\/\/zitrogames.com\/wp-content\/uploads\/2022\/01\/AllureOne01.png\" srcset=\"https:\/\/zitrogames.com\/wp-content\/uploads\/2022\/01\/AllureOne01.png 990w, https:\/\/zitrogames.com\/wp-content\/uploads\/2022\/01\/AllureOne01-768x775.png 768w, https:\/\/zitrogames.com\/wp-content\/uploads\/2022\/01\/AllureOne01-100x100.png 100w, https:\/\/zitrogames.com\/wp-content\/uploads\/2022\/01\/AllureOne01-140x140.png 140w\" sizes=\"auto, 100vw\" alt=\"Allure One Cabinet - Zitro games\" \/><\/div><\/div>[\/item][item title=\u00bbItem\u00bb id=\u00bb1640706632550-0-4&#8243; tab_id=\u00bb1636360652683-10&#8243;]<div class=\"img-with-aniamtion-wrap \" data-max-width=\"100%\" data-border-radius=\"none\"><div class=\"inner\"><img loading=\"lazy\" decoding=\"async\" data-shadow=\"none\" data-shadow-direction=\"middle\" class=\"img-with-animation skip-lazy \" data-delay=\"0\" height=\"900\" width=\"900\"  data-animation=\"fade-in\" src=\"https:\/\/zitrogames.com\/wp-content\/uploads\/2022\/01\/planos-tecnicos_allure_ONE_white_WEB-1.jpg\" srcset=\"https:\/\/zitrogames.com\/wp-content\/uploads\/2022\/01\/planos-tecnicos_allure_ONE_white_WEB-1.jpg 900w, https:\/\/zitrogames.com\/wp-content\/uploads\/2022\/01\/planos-tecnicos_allure_ONE_white_WEB-1-768x768.jpg 768w, https:\/\/zitrogames.com\/wp-content\/uploads\/2022\/01\/planos-tecnicos_allure_ONE_white_WEB-1-100x100.jpg 100w, https:\/\/zitrogames.com\/wp-content\/uploads\/2022\/01\/planos-tecnicos_allure_ONE_white_WEB-1-140x140.jpg 140w, https:\/\/zitrogames.com\/wp-content\/uploads\/2022\/01\/planos-tecnicos_allure_ONE_white_WEB-1-500x500.jpg 500w, https:\/\/zitrogames.com\/wp-content\/uploads\/2022\/01\/planos-tecnicos_allure_ONE_white_WEB-1-350x350.jpg 350w, https:\/\/zitrogames.com\/wp-content\/uploads\/2022\/01\/planos-tecnicos_allure_ONE_white_WEB-1-800x800.jpg 800w\" sizes=\"auto, 100vw\" alt=\"Allure One Cabinet - Zitro games\" \/><\/div><\/div>[\/item][\/carousel][\/vc_column][vc_column column_padding=\u00bbpadding-5-percent\u00bb column_padding_position=\u00bbtop\u00bb background_color_opacity=\u00bb1&#8243; background_hover_color_opacity=\u00bb1&#8243; column_link_target=\u00bb_self\u00bb column_shadow=\u00bbnone\u00bb column_border_radius=\u00bbnone\u00bb width=\u00bb1\/2&#8243; tablet_width_inherit=\u00bbdefault\u00bb tablet_text_alignment=\u00bbdefault\u00bb phone_text_alignment=\u00bbdefault\u00bb column_border_width=\u00bbnone\u00bb column_border_style=\u00bbsolid\u00bb][vc_custom_heading text=\u00bbAllure One\u00bb font_container=\u00bbtag:h2|text_align:left|color:%23000000&#8243; use_theme_fonts=\u00bbyes\u00bb css=\u00bb.vc_custom_1638431386466{margin-bottom: 10px !important;}\u00bb][vc_column_text]\n<h4>DEJE QUE NUESTRO GABINETE ALLURE LO ATRAIGA.<\/h4>\n[\/vc_column_text][vc_column_text]Deje que nuestro gabinete Allure lo atraiga. Este incre\u00edble gabinete ofrece beneficios sin precedentes, incluida la se\u00f1alizaci\u00f3n a\u00e9rea integrada que se conecta para crear gr\u00e1ficos inspiradores. Esta incre\u00edble caracter\u00edstica permite que los personajes del juego tengan vida. \u00a1Los juegos no solo son m\u00e1s interesantes en este gabinete sino que tambi\u00e9n es un espect\u00e1culo cinematogr\u00e1fico! \u00a1Los jugadores, as\u00ed como el casino, pueden cosechar los beneficios de este dise\u00f1o innovador![\/vc_column_text]<div class=\"nectar-fancy-ul\" data-list-icon=\"icon-ok-sign\" data-animation=\"false\" data-animation-delay=\"0\" data-color=\"accent-color\" data-alignment=\"left\"> \n<ul>\n<li>Sonido digital ajustable de alta calidad.<\/li>\n<li>Panel de botones digital \u2018SMARTDECK\u2019.<\/li>\n<li>El dise\u00f1o ultra delgado permite m\u00e1s espacio para las piernas y ocupa menos espacio en el casino.<\/li>\n<li>3x 27 pulgadas Full HD LCD\u2019s.<\/li>\n<li>Sistema multimedia integrado \u2018SYNCROSCREENS\u2019 que act\u00faa como se\u00f1alizaci\u00f3n superior.<\/li>\n<li>Consola de juegos amplia.<\/li>\n<li>M\u00e1s espacio personal.<\/li>\n<\/ul>\n <\/div>[\/vc_column][\/vc_row][vc_row type=\u00bbin_container\u00bb full_screen_row_position=\u00bbmiddle\u00bb scene_position=\u00bbcenter\u00bb text_color=\u00bbdark\u00bb text_align=\u00bbleft\u00bb top_padding=\u00bb30&#8243; overlay_strength=\u00bb0.3&#8243; shape_divider_position=\u00bbbottom\u00bb shape_type=\u00bb\u00bb][vc_column column_padding=\u00bbno-extra-padding\u00bb column_padding_position=\u00bball\u00bb background_color_opacity=\u00bb1&#8243; background_hover_color_opacity=\u00bb1&#8243; column_link_target=\u00bb_self\u00bb column_shadow=\u00bbnone\u00bb column_border_radius=\u00bbnone\u00bb width=\u00bb1\/1&#8243; tablet_width_inherit=\u00bbdefault\u00bb tablet_text_alignment=\u00bbdefault\u00bb phone_text_alignment=\u00bbdefault\u00bb column_border_width=\u00bbnone\u00bb column_border_style=\u00bbsolid\u00bb offset=\u00bbvc_hidden-sm vc_hidden-xs\u00bb]<div class=\"divider-wrap\" data-alignment=\"default\"><div style=\"height: 50px;\" class=\"divider\"><\/div><\/div>[\/vc_column][\/vc_row]\n","protected":false},"excerpt":{"rendered":"<p>[vc_row type=\u00bbfull_width_background\u00bb full_screen_row_position=\u00bbmiddle\u00bb bg_image=\u00bb51010&#8243; bg_position=\u00bbcenter bottom\u00bb bg_repeat=\u00bbno-repeat\u00bb scene_position=\u00bbcenter\u00bb text_color=\u00bbcustom\u00bb custom_text_color=\u00bb#ffffff\u00bb text_align=\u00bbleft\u00bb top_padding=\u00bb6%\u00bb bottom_padding=\u00bb14%\u00bb class=\u00bbwatch-video\u00bb overlay_strength=\u00bb0.8&#8243; enable_shape_divider=\u00bbtrue\u00bb shape_divider_position=\u00bbbottom\u00bb shape_divider_height=\u00bb200&#8243; video_mute=\u00bbtrue\u00bb shape_type=\u00bbcurve\u00bb][vc_column column_padding=\u00bbno-extra-padding\u00bb column_padding_position=\u00bball\u00bb background_color_opacity=\u00bb1&#8243; background_hover_color_opacity=\u00bb1&#8243; column_link_target=\u00bb_self\u00bb&#8230;<\/p>\n","protected":false},"author":13,"featured_media":0,"parent":0,"menu_order":0,"comment_status":"closed","ping_status":"closed","template":"","meta":{"footnotes":""},"class_list":["post-51411","page","type-page","status-publish"],"yoast_head":"<!-- This site is optimized with the Yoast SEO plugin v27.4 - https:\/\/yoast.com\/product\/yoast-seo-wordpress\/ -->\n<title>Allure One - Zitrogames<\/title>\n<meta name=\"description\" content=\"Este incre\u00edble gabinete ofrece beneficios sin precedentes, incluida la se\u00f1alizaci\u00f3n a\u00e9rea integrada que se conecta para crear gr\u00e1ficos inspiradores.\" \/>\n<meta name=\"robots\" content=\"index, follow, max-snippet:-1, max-image-preview:large, max-video-preview:-1\" \/>\n<link rel=\"canonical\" href=\"https:\/\/zitrogames.com\/es\/allure-one-cabinet\/\" \/>\n<meta property=\"og:locale\" content=\"es_ES\" \/>\n<meta property=\"og:type\" content=\"article\" \/>\n<meta property=\"og:title\" content=\"Allure One - Zitrogames\" \/>\n<meta property=\"og:description\" content=\"Este incre\u00edble gabinete ofrece beneficios sin precedentes, incluida la se\u00f1alizaci\u00f3n a\u00e9rea integrada que se conecta para crear gr\u00e1ficos inspiradores.\" \/>\n<meta property=\"og:url\" content=\"https:\/\/zitrogames.com\/es\/allure-one-cabinet\/\" \/>\n<meta property=\"og:site_name\" content=\"Zitrogames\" \/>\n<meta property=\"article:publisher\" content=\"https:\/\/www.facebook.com\/zitrogames\/\" \/>\n<meta property=\"article:modified_time\" content=\"2022-03-07T14:53:21+00:00\" \/>\n<meta name=\"twitter:card\" content=\"summary_large_image\" \/>\n<meta name=\"twitter:site\" content=\"@Zitrogames\" \/>\n<meta name=\"twitter:label1\" content=\"Tiempo de lectura\" \/>\n\t<meta name=\"twitter:data1\" content=\"2 minutos\" \/>\n<script type=\"application\/ld+json\" class=\"yoast-schema-graph\">{\"@context\":\"https:\\\/\\\/schema.org\",\"@graph\":[{\"@type\":\"WebPage\",\"@id\":\"https:\\\/\\\/zitrogames.com\\\/es\\\/allure-one-cabinet\\\/\",\"url\":\"https:\\\/\\\/zitrogames.com\\\/es\\\/allure-one-cabinet\\\/\",\"name\":\"Allure One - Zitrogames\",\"isPartOf\":{\"@id\":\"https:\\\/\\\/zitrogames.com\\\/es\\\/#website\"},\"datePublished\":\"2022-01-17T14:42:26+00:00\",\"dateModified\":\"2022-03-07T14:53:21+00:00\",\"description\":\"Este incre\u00edble gabinete ofrece beneficios sin precedentes, incluida la se\u00f1alizaci\u00f3n a\u00e9rea integrada que se conecta para crear gr\u00e1ficos inspiradores.\",\"inLanguage\":\"es\",\"potentialAction\":[{\"@type\":\"ReadAction\",\"target\":[\"https:\\\/\\\/zitrogames.com\\\/es\\\/allure-one-cabinet\\\/\"]}]},{\"@type\":\"WebSite\",\"@id\":\"https:\\\/\\\/zitrogames.com\\\/es\\\/#website\",\"url\":\"https:\\\/\\\/zitrogames.com\\\/es\\\/\",\"name\":\"Zitrogames\",\"description\":\"Zitro Games\",\"publisher\":{\"@id\":\"https:\\\/\\\/zitrogames.com\\\/es\\\/#organization\"},\"alternateName\":\"Zitro Games\",\"potentialAction\":[{\"@type\":\"SearchAction\",\"target\":{\"@type\":\"EntryPoint\",\"urlTemplate\":\"https:\\\/\\\/zitrogames.com\\\/es\\\/?s={search_term_string}\"},\"query-input\":{\"@type\":\"PropertyValueSpecification\",\"valueRequired\":true,\"valueName\":\"search_term_string\"}}],\"inLanguage\":\"es\"},{\"@type\":\"Organization\",\"@id\":\"https:\\\/\\\/zitrogames.com\\\/es\\\/#organization\",\"name\":\"Zitro Games\",\"url\":\"https:\\\/\\\/zitrogames.com\\\/es\\\/\",\"logo\":{\"@type\":\"ImageObject\",\"inLanguage\":\"es\",\"@id\":\"https:\\\/\\\/zitrogames.com\\\/es\\\/#\\\/schema\\\/logo\\\/image\\\/\",\"url\":\"https:\\\/\\\/zitrogames.com\\\/wp-content\\\/uploads\\\/2022\\\/02\\\/Zitro-Games.png\",\"contentUrl\":\"https:\\\/\\\/zitrogames.com\\\/wp-content\\\/uploads\\\/2022\\\/02\\\/Zitro-Games.png\",\"width\":742,\"height\":128,\"caption\":\"Zitro Games\"},\"image\":{\"@id\":\"https:\\\/\\\/zitrogames.com\\\/es\\\/#\\\/schema\\\/logo\\\/image\\\/\"},\"sameAs\":[\"https:\\\/\\\/www.facebook.com\\\/zitrogames\\\/\",\"https:\\\/\\\/x.com\\\/Zitrogames\",\"https:\\\/\\\/www.instagram.com\\\/zitro.games\\\/\",\"https:\\\/\\\/www.linkedin.com\\\/company\\\/zitro\\\/\",\"https:\\\/\\\/www.youtube.com\\\/channel\\\/UCBajr3cDd36PSxaK9n3lzGQ\",\"https:\\\/\\\/es.wikipedia.org\\\/wiki\\\/Zitro_S.A.R.L\"]}]}<\/script>\n<!-- \/ Yoast SEO plugin. -->","yoast_head_json":{"title":"Allure One - Zitrogames","description":"Este incre\u00edble gabinete ofrece beneficios sin precedentes, incluida la se\u00f1alizaci\u00f3n a\u00e9rea integrada que se conecta para crear gr\u00e1ficos inspiradores.","robots":{"index":"index","follow":"follow","max-snippet":"max-snippet:-1","max-image-preview":"max-image-preview:large","max-video-preview":"max-video-preview:-1"},"canonical":"https:\/\/zitrogames.com\/es\/allure-one-cabinet\/","og_locale":"es_ES","og_type":"article","og_title":"Allure One - Zitrogames","og_description":"Este incre\u00edble gabinete ofrece beneficios sin precedentes, incluida la se\u00f1alizaci\u00f3n a\u00e9rea integrada que se conecta para crear gr\u00e1ficos inspiradores.","og_url":"https:\/\/zitrogames.com\/es\/allure-one-cabinet\/","og_site_name":"Zitrogames","article_publisher":"https:\/\/www.facebook.com\/zitrogames\/","article_modified_time":"2022-03-07T14:53:21+00:00","twitter_card":"summary_large_image","twitter_site":"@Zitrogames","twitter_misc":{"Tiempo de lectura":"2 minutos"},"schema":{"@context":"https:\/\/schema.org","@graph":[{"@type":"WebPage","@id":"https:\/\/zitrogames.com\/es\/allure-one-cabinet\/","url":"https:\/\/zitrogames.com\/es\/allure-one-cabinet\/","name":"Allure One - Zitrogames","isPartOf":{"@id":"https:\/\/zitrogames.com\/es\/#website"},"datePublished":"2022-01-17T14:42:26+00:00","dateModified":"2022-03-07T14:53:21+00:00","description":"Este incre\u00edble gabinete ofrece beneficios sin precedentes, incluida la se\u00f1alizaci\u00f3n a\u00e9rea integrada que se conecta para crear gr\u00e1ficos inspiradores.","inLanguage":"es","potentialAction":[{"@type":"ReadAction","target":["https:\/\/zitrogames.com\/es\/allure-one-cabinet\/"]}]},{"@type":"WebSite","@id":"https:\/\/zitrogames.com\/es\/#website","url":"https:\/\/zitrogames.com\/es\/","name":"Zitrogames","description":"Zitro Games","publisher":{"@id":"https:\/\/zitrogames.com\/es\/#organization"},"alternateName":"Zitro Games","potentialAction":[{"@type":"SearchAction","target":{"@type":"EntryPoint","urlTemplate":"https:\/\/zitrogames.com\/es\/?s={search_term_string}"},"query-input":{"@type":"PropertyValueSpecification","valueRequired":true,"valueName":"search_term_string"}}],"inLanguage":"es"},{"@type":"Organization","@id":"https:\/\/zitrogames.com\/es\/#organization","name":"Zitro Games","url":"https:\/\/zitrogames.com\/es\/","logo":{"@type":"ImageObject","inLanguage":"es","@id":"https:\/\/zitrogames.com\/es\/#\/schema\/logo\/image\/","url":"https:\/\/zitrogames.com\/wp-content\/uploads\/2022\/02\/Zitro-Games.png","contentUrl":"https:\/\/zitrogames.com\/wp-content\/uploads\/2022\/02\/Zitro-Games.png","width":742,"height":128,"caption":"Zitro Games"},"image":{"@id":"https:\/\/zitrogames.com\/es\/#\/schema\/logo\/image\/"},"sameAs":["https:\/\/www.facebook.com\/zitrogames\/","https:\/\/x.com\/Zitrogames","https:\/\/www.instagram.com\/zitro.games\/","https:\/\/www.linkedin.com\/company\/zitro\/","https:\/\/www.youtube.com\/channel\/UCBajr3cDd36PSxaK9n3lzGQ","https:\/\/es.wikipedia.org\/wiki\/Zitro_S.A.R.L"]}]}},"_links":{"self":[{"href":"https:\/\/zitrogames.com\/es\/wp-json\/wp\/v2\/pages\/51411","targetHints":{"allow":["GET"]}}],"collection":[{"href":"https:\/\/zitrogames.com\/es\/wp-json\/wp\/v2\/pages"}],"about":[{"href":"https:\/\/zitrogames.com\/es\/wp-json\/wp\/v2\/types\/page"}],"author":[{"embeddable":true,"href":"https:\/\/zitrogames.com\/es\/wp-json\/wp\/v2\/users\/13"}],"replies":[{"embeddable":true,"href":"https:\/\/zitrogames.com\/es\/wp-json\/wp\/v2\/comments?post=51411"}],"version-history":[{"count":5,"href":"https:\/\/zitrogames.com\/es\/wp-json\/wp\/v2\/pages\/51411\/revisions"}],"predecessor-version":[{"id":52297,"href":"https:\/\/zitrogames.com\/es\/wp-json\/wp\/v2\/pages\/51411\/revisions\/52297"}],"wp:attachment":[{"href":"https:\/\/zitrogames.com\/es\/wp-json\/wp\/v2\/media?parent=51411"}],"curies":[{"name":"wp","href":"https:\/\/api.w.org\/{rel}","templated":true}]}}