{"id":51417,"date":"2022-01-17T14:50:54","date_gmt":"2022-01-17T14:50:54","guid":{"rendered":"https:\/\/zitrogames.com\/?page_id=51417"},"modified":"2022-03-07T14:56:21","modified_gmt":"2022-03-07T14:56:21","slug":"blackwave-cabinet","status":"publish","type":"page","link":"https:\/\/zitrogames.com\/es\/blackwave-cabinet\/","title":{"rendered":"Blackwave"},"content":{"rendered":"[vc_row type=\u00bbfull_width_background\u00bb full_screen_row_position=\u00bbmiddle\u00bb bg_image=\u00bb52005&#8243; bg_position=\u00bbcenter bottom\u00bb bg_repeat=\u00bbno-repeat\u00bb scene_position=\u00bbcenter\u00bb text_color=\u00bblight\u00bb text_align=\u00bbleft\u00bb top_padding=\u00bb5%\u00bb bottom_padding=\u00bb8%\u00bb class=\u00bbencPosition\u00bb overlay_strength=\u00bb0.3&#8243; enable_shape_divider=\u00bbtrue\u00bb shape_divider_position=\u00bbbottom\u00bb shape_divider_height=\u00bb200&#8243; shape_type=\u00bbcurve\u00bb][vc_column column_padding=\u00bbno-extra-padding\u00bb column_padding_position=\u00bball\u00bb background_color_opacity=\u00bb1&#8243; background_hover_color_opacity=\u00bb1&#8243; column_link_target=\u00bb_self\u00bb column_shadow=\u00bbnone\u00bb column_border_radius=\u00bbnone\u00bb width=\u00bb1\/1&#8243; tablet_width_inherit=\u00bbdefault\u00bb tablet_text_alignment=\u00bbdefault\u00bb phone_text_alignment=\u00bbdefault\u00bb column_border_width=\u00bbnone\u00bb column_border_style=\u00bbsolid\u00bb]<div class=\"img-with-aniamtion-wrap center\" data-max-width=\"100%\" data-border-radius=\"none\"><div class=\"inner\"><img loading=\"lazy\" decoding=\"async\" data-shadow=\"none\" data-shadow-direction=\"middle\" class=\"img-with-animation skip-lazy \" data-delay=\"0\" height=\"229\" width=\"579\"  data-animation=\"fade-in\" src=\"https:\/\/zitrogames.com\/wp-content\/uploads\/2021\/12\/logo_BLACKWAVE-1.png\"  alt=\"Blackwave Zitrogames\" \/><\/div><\/div>[\/vc_column][\/vc_row][vc_row type=\u00bbin_container\u00bb full_screen_row_position=\u00bbmiddle\u00bb scene_position=\u00bbcenter\u00bb text_color=\u00bbdark\u00bb text_align=\u00bbleft\u00bb top_padding=\u00bb30&#8243; class=\u00bbcapaSuperior\u00bb disable_element=\u00bbyes\u00bb overlay_strength=\u00bb0.3&#8243; enable_shape_divider=\u00bbtrue\u00bb shape_divider_color=\u00bb#ffffff\u00bb shape_divider_position=\u00bbbottom\u00bb shape_divider_height=\u00bb250&#8243; shape_type=\u00bbcurve\u00bb][vc_column centered_text=\u00bbtrue\u00bb column_padding=\u00bbpadding-3-percent\u00bb column_padding_position=\u00bbleft-right\u00bb background_color_opacity=\u00bb1&#8243; background_hover_color_opacity=\u00bb1&#8243; column_link_target=\u00bb_self\u00bb column_shadow=\u00bbnone\u00bb column_border_radius=\u00bbnone\u00bb width=\u00bb2\/3&#8243; tablet_width_inherit=\u00bbdefault\u00bb tablet_text_alignment=\u00bbdefault\u00bb phone_text_alignment=\u00bbdefault\u00bb column_border_width=\u00bbnone\u00bb column_border_style=\u00bbsolid\u00bb][carousel script=\u00bbowl_carousel\u00bb desktop_cols=\u00bb1&#8243; desktop_small_cols=\u00bb1&#8243; tablet_cols=\u00bb1&#8243; mobile_cols=\u00bb1&#8243; column_padding=\u00bb0&#8243; loop=\u00bbtrue\u00bb autorotate=\u00bbtrue\u00bb][item id=\u00bb1639131403-1-60&#8243; tab_id=\u00bb1639131412357-0&#8243; title=\u00bbItem\u00bb]<div class=\"img-with-aniamtion-wrap \" data-max-width=\"100%\" data-border-radius=\"none\"><div class=\"inner\"><img loading=\"lazy\" decoding=\"async\" data-shadow=\"none\" data-shadow-direction=\"middle\" class=\"img-with-animation skip-lazy \" data-delay=\"0\" height=\"588\" width=\"990\"  data-animation=\"fade-in\" src=\"https:\/\/zitrogames.com\/wp-content\/uploads\/2021\/12\/maquinas_BW_TopperLCD.png\" srcset=\"https:\/\/zitrogames.com\/wp-content\/uploads\/2021\/12\/maquinas_BW_TopperLCD.png 990w, https:\/\/zitrogames.com\/wp-content\/uploads\/2021\/12\/maquinas_BW_TopperLCD-768x456.png 768w\" sizes=\"auto, 100vw\" alt=\"Blackwave\" \/><\/div><\/div>[\/item][item id=\u00bb1639131403-2-78&#8243; tab_id=\u00bb1639131412395-2&#8243; title=\u00bbItem\u00bb]<div class=\"img-with-aniamtion-wrap \" data-max-width=\"100%\" data-border-radius=\"none\"><div class=\"inner\"><img loading=\"lazy\" decoding=\"async\" data-shadow=\"none\" data-shadow-direction=\"middle\" class=\"img-with-animation skip-lazy \" data-delay=\"0\" height=\"444\" width=\"242\"  data-animation=\"fade-in\" src=\"https:\/\/zitrogames.com\/wp-content\/uploads\/2021\/12\/blackwave-1.jpg\"  alt=\"Blackwave\" \/><\/div><\/div>[\/item][item id=\u00bb1639131403-3-23&#8243; tab_id=\u00bb1639131412443-8&#8243; title=\u00bbItem\u00bb]<div class=\"img-with-aniamtion-wrap \" data-max-width=\"100%\" data-border-radius=\"none\"><div class=\"inner\"><img loading=\"lazy\" decoding=\"async\" data-shadow=\"none\" data-shadow-direction=\"middle\" class=\"img-with-animation skip-lazy \" data-delay=\"0\" height=\"444\" width=\"242\"  data-animation=\"fade-in\" src=\"https:\/\/zitrogames.com\/wp-content\/uploads\/2021\/12\/blackwave-2.jpg\"  alt=\"Blackwave\" \/><\/div><\/div>[\/item][\/carousel][\/vc_column][vc_column column_padding=\u00bbno-extra-padding\u00bb column_padding_position=\u00bball\u00bb background_color_opacity=\u00bb1&#8243; background_hover_color_opacity=\u00bb1&#8243; column_link_target=\u00bb_self\u00bb column_shadow=\u00bbnone\u00bb column_border_radius=\u00bbnone\u00bb width=\u00bb1\/3&#8243; tablet_width_inherit=\u00bbdefault\u00bb tablet_text_alignment=\u00bbdefault\u00bb phone_text_alignment=\u00bbdefault\u00bb column_border_width=\u00bbnone\u00bb column_border_style=\u00bbsolid\u00bb][vc_custom_heading text=\u00bbBlackwave\u00bb font_container=\u00bbtag:h2|text_align:left|color:%23000000&#8243; use_theme_fonts=\u00bbyes\u00bb][vc_column_text]\n<p style=\"text-align: left;\">Second on our list of bingo cabinets is the Blackwave. This improved model has been a favourite among casino cabinets as it incorporates the latest generation hardware technology. Therefore, allowing the development of new games. Its high quality experience allows the player to enjoy new sensations and unique interactivity.<\/p>\n<p style=\"text-align: left;\"><strong>The exclusive and ergonomic design facilitates play and provides the best features needed for maximum player comfort.<\/strong><\/p>\n[\/vc_column_text][\/vc_column][\/vc_row][vc_row type=\u00bbin_container\u00bb full_screen_row_position=\u00bbmiddle\u00bb scene_position=\u00bbcenter\u00bb text_color=\u00bbdark\u00bb text_align=\u00bbleft\u00bb top_padding=\u00bb30&#8243; class=\u00bbcapaSuperior\u00bb overlay_strength=\u00bb0.3&#8243; enable_shape_divider=\u00bbtrue\u00bb shape_divider_color=\u00bb#ffffff\u00bb shape_divider_position=\u00bbbottom\u00bb shape_divider_height=\u00bb250&#8243; shape_type=\u00bbcurve\u00bb][vc_column column_padding=\u00bbno-extra-padding\u00bb column_padding_position=\u00bball\u00bb background_color_opacity=\u00bb1&#8243; background_hover_color_opacity=\u00bb1&#8243; column_link_target=\u00bb_self\u00bb column_shadow=\u00bbnone\u00bb column_border_radius=\u00bbnone\u00bb width=\u00bb1\/1&#8243; tablet_width_inherit=\u00bbdefault\u00bb tablet_text_alignment=\u00bbdefault\u00bb phone_text_alignment=\u00bbdefault\u00bb column_border_width=\u00bbnone\u00bb column_border_style=\u00bbsolid\u00bb]<div class=\"img-with-aniamtion-wrap center\" data-max-width=\"100%\" data-border-radius=\"none\"><div class=\"inner\"><img loading=\"lazy\" decoding=\"async\" data-shadow=\"none\" data-shadow-direction=\"middle\" class=\"img-with-animation skip-lazy imgCabinets\" data-delay=\"0\" height=\"551\" width=\"990\" style=\"margin-top: -30px; \" data-animation=\"fade-in\" src=\"https:\/\/zitrogames.com\/wp-content\/uploads\/2022\/02\/blackwave.jpg\" srcset=\"https:\/\/zitrogames.com\/wp-content\/uploads\/2022\/02\/blackwave.jpg 990w, https:\/\/zitrogames.com\/wp-content\/uploads\/2022\/02\/blackwave-768x427.jpg 768w\" sizes=\"auto, 100vw\" alt=\"Zitro Games - Platform Blackwave\" \/><\/div><\/div>[vc_row_inner equal_height=\u00bbyes\u00bb column_margin=\u00bbdefault\u00bb text_align=\u00bbleft\u00bb css=\u00bb.vc_custom_1542293679392{padding-top: 30px !important;padding-bottom: 30px !important;}\u00bb][vc_column_inner column_padding=\u00bbno-extra-padding\u00bb column_padding_position=\u00bball\u00bb background_color_opacity=\u00bb1&#8243; background_hover_color_opacity=\u00bb1&#8243; column_shadow=\u00bbnone\u00bb column_border_radius=\u00bbnone\u00bb column_link_target=\u00bb_self\u00bb width=\u00bb1\/1&#8243; tablet_width_inherit=\u00bbdefault\u00bb column_border_width=\u00bbnone\u00bb column_border_style=\u00bbsolid\u00bb][vc_column_text]\n<p style=\"text-align: center;\"><strong>Su dise\u00f1o exclusivo y ergon\u00f3mico facilita el juego y proporciona las caracter\u00edsticas necesarias para que el jugador disfrute de la m\u00e1xima comodidad.<\/strong><\/p>\n<p style=\"text-align: center;\">El segundo gabinete de bingo de nuestra lista es el Blackwave. Este modelo mejorado ha sido uno de los gabinetes de casino favoritos, ya que incorpora hardware con tecnolog\u00eda de \u00faltima generaci\u00f3n que permite el desarrollo de nuevos juegos. Su alta calidad hace que el jugador disfrute de nuevas sensaciones y una interactividad \u00fanica.<\/p>\n[\/vc_column_text][\/vc_column_inner][\/vc_row_inner][\/vc_column][\/vc_row][vc_row type=\u00bbfull_width_background\u00bb full_screen_row_position=\u00bbmiddle\u00bb scene_position=\u00bbcenter\u00bb text_color=\u00bbdark\u00bb text_align=\u00bbleft\u00bb top_padding=\u00bb3%\u00bb bottom_padding=\u00bb110&#8243; overlay_strength=\u00bb0.5&#8243; shape_divider_position=\u00bbtop\u00bb shape_divider_height=\u00bb200&#8243; shape_type=\u00bbcurve\u00bb][vc_column column_padding=\u00bbno-extra-padding\u00bb column_padding_position=\u00bball\u00bb background_color_opacity=\u00bb1&#8243; background_hover_color_opacity=\u00bb1&#8243; column_link_target=\u00bb_self\u00bb column_shadow=\u00bbnone\u00bb column_border_radius=\u00bbnone\u00bb width=\u00bb1\/1&#8243; tablet_width_inherit=\u00bbdefault\u00bb tablet_text_alignment=\u00bbdefault\u00bb phone_text_alignment=\u00bbdefault\u00bb column_border_width=\u00bbnone\u00bb column_border_style=\u00bbsolid\u00bb][tabbed_section style=\u00bbmaterial\u00bb alignment=\u00bbcenter\u00bb spacing=\u00bbdefault\u00bb tab_color=\u00bbAccent-Color\u00bb icon_size=\u00bb24&#8243;][tab icon_family=\u00bbnone\u00bb title=\u00bbCatacter\u00edsticas\u00bb id=\u00bb1542291276-1-91&#8243; tab_id=\u00bb1542291337684-0&#8243;][vc_row_inner column_margin=\u00bbdefault\u00bb text_align=\u00bbleft\u00bb][vc_column_inner column_padding=\u00bbno-extra-padding\u00bb column_padding_position=\u00bball\u00bb background_color_opacity=\u00bb1&#8243; background_hover_color_opacity=\u00bb1&#8243; column_shadow=\u00bbnone\u00bb column_border_radius=\u00bbnone\u00bb column_link_target=\u00bb_self\u00bb width=\u00bb1\/3&#8243; tablet_width_inherit=\u00bbdefault\u00bb column_border_width=\u00bbnone\u00bb column_border_style=\u00bbsolid\u00bb]<div class=\"nectar-fancy-ul\" data-list-icon=\"icon-ok-sign\" data-animation=\"false\" data-animation-delay=\"0\" data-color=\"accent-color\" data-alignment=\"left\"> \n<ul>\n<li>Sonido envolvente con 4 canales ac\u00fasticos independientes. Capacidad para conectarse simult\u00e1neamente a un sistema de direcciones p\u00fablicas para crear nuevos niveles de energ\u00eda y emoci\u00f3n.<\/li>\n<li><i class=\"icon-default-style icon-ok-sign accent-color\"><\/i>Iluminaci\u00f3n inteligente LED programable.<\/li>\n<li><i class=\"icon-default-style icon-ok-sign accent-color\"><\/i>Cubierta LCD opcional con iluminaci\u00f3n LED inteligente.<\/li>\n<\/ul>\n <\/div>[\/vc_column_inner][vc_column_inner column_padding=\u00bbno-extra-padding\u00bb column_padding_position=\u00bball\u00bb background_color_opacity=\u00bb1&#8243; background_hover_color_opacity=\u00bb1&#8243; column_shadow=\u00bbnone\u00bb column_border_radius=\u00bbnone\u00bb column_link_target=\u00bb_self\u00bb width=\u00bb1\/3&#8243; tablet_width_inherit=\u00bbdefault\u00bb column_border_width=\u00bbnone\u00bb column_border_style=\u00bbsolid\u00bb]<div class=\"nectar-fancy-ul\" data-list-icon=\"icon-ok-sign\" data-animation=\"false\" data-animation-delay=\"0\" data-color=\"accent-color\" data-alignment=\"left\"> \n<ul>\n<li>La \u00faltima generaci\u00f3n de la plataforma TRITON, optimizada para gr\u00e1ficos 2D\/3D, con un dise\u00f1o compacto de bajo consumo.<\/li>\n<li><i class=\"icon-default-style icon-ok-sign accent-color\"><\/i>2 monitores LCD de 23\u2033 HD LCD con tecnolog\u00eda t\u00e1ctil totalmente optimizada.<\/li>\n<li><i class=\"icon-default-style icon-ok-sign accent-color\"><\/i>Acceso mejorado a los componentes interiores para optimizar la eficiencia del mantenimiento.<\/li>\n<\/ul>\n <\/div>[\/vc_column_inner][vc_column_inner column_padding=\u00bbno-extra-padding\u00bb column_padding_position=\u00bball\u00bb background_color_opacity=\u00bb1&#8243; background_hover_color_opacity=\u00bb1&#8243; column_shadow=\u00bbnone\u00bb column_border_radius=\u00bbnone\u00bb column_link_target=\u00bb_self\u00bb width=\u00bb1\/3&#8243; tablet_width_inherit=\u00bbdefault\u00bb column_border_width=\u00bbnone\u00bb column_border_style=\u00bbsolid\u00bb]<div class=\"nectar-fancy-ul\" data-list-icon=\"icon-ok-sign\" data-animation=\"false\" data-animation-delay=\"0\" data-color=\"accent-color\" data-alignment=\"left\"> \n<ul>\n<li>Puerto de carga USB externo.<\/li>\n<li><i class=\"icon-default-style icon-ok-sign accent-color\"><\/i>Compatible con aceptadores de billetes, gesti\u00f3n de monedas y contactless.<\/li>\n<li><i class=\"icon-default-style icon-ok-sign accent-color\"><\/i>Compatible con todos los sistemas principales \u00abcashless\u00bb, de bonificaciones, facturaci\u00f3n, contabilidad y seguimiento del sector.<\/li>\n<\/ul>\n <\/div>[\/vc_column_inner][\/vc_row_inner][\/tab][tab icon_family=\u00bbnone\u00bb title=\u00bbSistemas de control y monitorizaci\u00f3n\u00bb id=\u00bb1542291711320-0-2&#8243; tab_id=\u00bb1542291711337-9&#8243;][vc_row_inner column_margin=\u00bbdefault\u00bb text_align=\u00bbleft\u00bb][vc_column_inner column_padding=\u00bbno-extra-padding\u00bb column_padding_position=\u00bball\u00bb background_color_opacity=\u00bb1&#8243; background_hover_color_opacity=\u00bb1&#8243; column_shadow=\u00bbnone\u00bb column_border_radius=\u00bbnone\u00bb column_link_target=\u00bb_self\u00bb width=\u00bb1\/3&#8243; tablet_width_inherit=\u00bbdefault\u00bb column_border_width=\u00bbnone\u00bb column_border_style=\u00bbsolid\u00bb]<div class=\"nectar-fancy-ul\" data-list-icon=\"icon-ok\" data-animation=\"false\" data-animation-delay=\"0\" data-color=\"accent-color\" data-alignment=\"left\"> \n<ul>\n<li>Juegos basados en servidor. Permite almacenar los juegos en un servidor.<\/li>\n<li><i class=\"icon-default-style icon-ok accent-color\"><\/i>Juegos descargables. Permite que los operadores actualicen los juegos en tiempo real, en base a su estrategia operativa.<\/li>\n<\/ul>\n <\/div>[\/vc_column_inner][vc_column_inner column_padding=\u00bbno-extra-padding\u00bb column_padding_position=\u00bball\u00bb background_color_opacity=\u00bb1&#8243; background_hover_color_opacity=\u00bb1&#8243; column_shadow=\u00bbnone\u00bb column_border_radius=\u00bbnone\u00bb column_link_target=\u00bb_self\u00bb width=\u00bb1\/3&#8243; tablet_width_inherit=\u00bbdefault\u00bb column_border_width=\u00bbnone\u00bb column_border_style=\u00bbsolid\u00bb]<div class=\"nectar-fancy-ul\" data-list-icon=\"icon-ok\" data-animation=\"false\" data-animation-delay=\"0\" data-color=\"accent-color\" data-alignment=\"left\"> \n<ul>\n<li>Control centralizado. Permite que el operador vincule las m\u00e1quinas de una o varias ubicaciones a un sistema central.<\/li>\n<\/ul>\n <\/div>[\/vc_column_inner][vc_column_inner column_padding=\u00bbno-extra-padding\u00bb column_padding_position=\u00bball\u00bb background_color_opacity=\u00bb1&#8243; background_hover_color_opacity=\u00bb1&#8243; column_shadow=\u00bbnone\u00bb column_border_radius=\u00bbnone\u00bb column_link_target=\u00bb_self\u00bb width=\u00bb1\/3&#8243; tablet_width_inherit=\u00bbdefault\u00bb column_border_width=\u00bbnone\u00bb column_border_style=\u00bbsolid\u00bb]<div class=\"nectar-fancy-ul\" data-list-icon=\"icon-ok\" data-animation=\"false\" data-animation-delay=\"0\" data-color=\"accent-color\" data-alignment=\"left\"> \n<ul>\n<li>Sistemas de JACKPOT y MYSTERY. A diferencia de otros productos, Blackwave permite la integraci\u00f3n con infinidad de progresivos con JACKPOT y MISTERY.<\/li>\n<\/ul>\n <\/div>[\/vc_column_inner][\/vc_row_inner][\/tab][\/tabbed_section][\/vc_column][\/vc_row]\n","protected":false},"excerpt":{"rendered":"<p>[vc_row type=\u00bbfull_width_background\u00bb full_screen_row_position=\u00bbmiddle\u00bb bg_image=\u00bb52005&#8243; bg_position=\u00bbcenter bottom\u00bb bg_repeat=\u00bbno-repeat\u00bb scene_position=\u00bbcenter\u00bb text_color=\u00bblight\u00bb text_align=\u00bbleft\u00bb top_padding=\u00bb5%\u00bb bottom_padding=\u00bb8%\u00bb class=\u00bbencPosition\u00bb overlay_strength=\u00bb0.3&#8243; enable_shape_divider=\u00bbtrue\u00bb shape_divider_position=\u00bbbottom\u00bb shape_divider_height=\u00bb200&#8243; shape_type=\u00bbcurve\u00bb][vc_column column_padding=\u00bbno-extra-padding\u00bb column_padding_position=\u00bball\u00bb background_color_opacity=\u00bb1&#8243; background_hover_color_opacity=\u00bb1&#8243; column_link_target=\u00bb_self\u00bb column_shadow=\u00bbnone\u00bb column_border_radius=\u00bbnone\u00bb&#8230;<\/p>\n","protected":false},"author":13,"featured_media":0,"parent":0,"menu_order":0,"comment_status":"closed","ping_status":"closed","template":"","meta":{"footnotes":""},"class_list":["post-51417","page","type-page","status-publish"],"yoast_head":"<!-- This site is optimized with the Yoast SEO plugin v27.4 - https:\/\/yoast.com\/product\/yoast-seo-wordpress\/ -->\n<title>Blackwave - Zitrogames<\/title>\n<meta name=\"description\" content=\"Su dise\u00f1o exclusivo y ergon\u00f3mico facilita el juego y proporciona las caracter\u00edsticas necesarias para que el jugador disfrute de la m\u00e1xima comodidad.\" \/>\n<meta name=\"robots\" content=\"index, follow, max-snippet:-1, max-image-preview:large, max-video-preview:-1\" \/>\n<link rel=\"canonical\" href=\"https:\/\/zitrogames.com\/es\/blackwave-cabinet\/\" \/>\n<meta property=\"og:locale\" content=\"es_ES\" \/>\n<meta property=\"og:type\" content=\"article\" \/>\n<meta property=\"og:title\" content=\"Blackwave - Zitrogames\" \/>\n<meta property=\"og:description\" content=\"Su dise\u00f1o exclusivo y ergon\u00f3mico facilita el juego y proporciona las caracter\u00edsticas necesarias para que el jugador disfrute de la m\u00e1xima comodidad.\" \/>\n<meta property=\"og:url\" content=\"https:\/\/zitrogames.com\/es\/blackwave-cabinet\/\" \/>\n<meta property=\"og:site_name\" content=\"Zitrogames\" \/>\n<meta property=\"article:publisher\" content=\"https:\/\/www.facebook.com\/zitrogames\/\" \/>\n<meta property=\"article:modified_time\" content=\"2022-03-07T14:56:21+00:00\" \/>\n<meta name=\"twitter:card\" content=\"summary_large_image\" \/>\n<meta name=\"twitter:site\" content=\"@Zitrogames\" \/>\n<meta name=\"twitter:label1\" content=\"Tiempo de lectura\" \/>\n\t<meta name=\"twitter:data1\" content=\"3 minutos\" \/>\n<script type=\"application\/ld+json\" class=\"yoast-schema-graph\">{\"@context\":\"https:\\\/\\\/schema.org\",\"@graph\":[{\"@type\":\"WebPage\",\"@id\":\"https:\\\/\\\/zitrogames.com\\\/es\\\/blackwave-cabinet\\\/\",\"url\":\"https:\\\/\\\/zitrogames.com\\\/es\\\/blackwave-cabinet\\\/\",\"name\":\"Blackwave - Zitrogames\",\"isPartOf\":{\"@id\":\"https:\\\/\\\/zitrogames.com\\\/es\\\/#website\"},\"datePublished\":\"2022-01-17T14:50:54+00:00\",\"dateModified\":\"2022-03-07T14:56:21+00:00\",\"description\":\"Su dise\u00f1o exclusivo y ergon\u00f3mico facilita el juego y proporciona las caracter\u00edsticas necesarias para que el jugador disfrute de la m\u00e1xima comodidad.\",\"inLanguage\":\"es\",\"potentialAction\":[{\"@type\":\"ReadAction\",\"target\":[\"https:\\\/\\\/zitrogames.com\\\/es\\\/blackwave-cabinet\\\/\"]}]},{\"@type\":\"WebSite\",\"@id\":\"https:\\\/\\\/zitrogames.com\\\/es\\\/#website\",\"url\":\"https:\\\/\\\/zitrogames.com\\\/es\\\/\",\"name\":\"Zitrogames\",\"description\":\"Zitro Games\",\"publisher\":{\"@id\":\"https:\\\/\\\/zitrogames.com\\\/es\\\/#organization\"},\"alternateName\":\"Zitro Games\",\"potentialAction\":[{\"@type\":\"SearchAction\",\"target\":{\"@type\":\"EntryPoint\",\"urlTemplate\":\"https:\\\/\\\/zitrogames.com\\\/es\\\/?s={search_term_string}\"},\"query-input\":{\"@type\":\"PropertyValueSpecification\",\"valueRequired\":true,\"valueName\":\"search_term_string\"}}],\"inLanguage\":\"es\"},{\"@type\":\"Organization\",\"@id\":\"https:\\\/\\\/zitrogames.com\\\/es\\\/#organization\",\"name\":\"Zitro Games\",\"url\":\"https:\\\/\\\/zitrogames.com\\\/es\\\/\",\"logo\":{\"@type\":\"ImageObject\",\"inLanguage\":\"es\",\"@id\":\"https:\\\/\\\/zitrogames.com\\\/es\\\/#\\\/schema\\\/logo\\\/image\\\/\",\"url\":\"https:\\\/\\\/zitrogames.com\\\/wp-content\\\/uploads\\\/2022\\\/02\\\/Zitro-Games.png\",\"contentUrl\":\"https:\\\/\\\/zitrogames.com\\\/wp-content\\\/uploads\\\/2022\\\/02\\\/Zitro-Games.png\",\"width\":742,\"height\":128,\"caption\":\"Zitro Games\"},\"image\":{\"@id\":\"https:\\\/\\\/zitrogames.com\\\/es\\\/#\\\/schema\\\/logo\\\/image\\\/\"},\"sameAs\":[\"https:\\\/\\\/www.facebook.com\\\/zitrogames\\\/\",\"https:\\\/\\\/x.com\\\/Zitrogames\",\"https:\\\/\\\/www.instagram.com\\\/zitro.games\\\/\",\"https:\\\/\\\/www.linkedin.com\\\/company\\\/zitro\\\/\",\"https:\\\/\\\/www.youtube.com\\\/channel\\\/UCBajr3cDd36PSxaK9n3lzGQ\",\"https:\\\/\\\/es.wikipedia.org\\\/wiki\\\/Zitro_S.A.R.L\"]}]}<\/script>\n<!-- \/ Yoast SEO plugin. -->","yoast_head_json":{"title":"Blackwave - Zitrogames","description":"Su dise\u00f1o exclusivo y ergon\u00f3mico facilita el juego y proporciona las caracter\u00edsticas necesarias para que el jugador disfrute de la m\u00e1xima comodidad.","robots":{"index":"index","follow":"follow","max-snippet":"max-snippet:-1","max-image-preview":"max-image-preview:large","max-video-preview":"max-video-preview:-1"},"canonical":"https:\/\/zitrogames.com\/es\/blackwave-cabinet\/","og_locale":"es_ES","og_type":"article","og_title":"Blackwave - Zitrogames","og_description":"Su dise\u00f1o exclusivo y ergon\u00f3mico facilita el juego y proporciona las caracter\u00edsticas necesarias para que el jugador disfrute de la m\u00e1xima comodidad.","og_url":"https:\/\/zitrogames.com\/es\/blackwave-cabinet\/","og_site_name":"Zitrogames","article_publisher":"https:\/\/www.facebook.com\/zitrogames\/","article_modified_time":"2022-03-07T14:56:21+00:00","twitter_card":"summary_large_image","twitter_site":"@Zitrogames","twitter_misc":{"Tiempo de lectura":"3 minutos"},"schema":{"@context":"https:\/\/schema.org","@graph":[{"@type":"WebPage","@id":"https:\/\/zitrogames.com\/es\/blackwave-cabinet\/","url":"https:\/\/zitrogames.com\/es\/blackwave-cabinet\/","name":"Blackwave - Zitrogames","isPartOf":{"@id":"https:\/\/zitrogames.com\/es\/#website"},"datePublished":"2022-01-17T14:50:54+00:00","dateModified":"2022-03-07T14:56:21+00:00","description":"Su dise\u00f1o exclusivo y ergon\u00f3mico facilita el juego y proporciona las caracter\u00edsticas necesarias para que el jugador disfrute de la m\u00e1xima comodidad.","inLanguage":"es","potentialAction":[{"@type":"ReadAction","target":["https:\/\/zitrogames.com\/es\/blackwave-cabinet\/"]}]},{"@type":"WebSite","@id":"https:\/\/zitrogames.com\/es\/#website","url":"https:\/\/zitrogames.com\/es\/","name":"Zitrogames","description":"Zitro Games","publisher":{"@id":"https:\/\/zitrogames.com\/es\/#organization"},"alternateName":"Zitro Games","potentialAction":[{"@type":"SearchAction","target":{"@type":"EntryPoint","urlTemplate":"https:\/\/zitrogames.com\/es\/?s={search_term_string}"},"query-input":{"@type":"PropertyValueSpecification","valueRequired":true,"valueName":"search_term_string"}}],"inLanguage":"es"},{"@type":"Organization","@id":"https:\/\/zitrogames.com\/es\/#organization","name":"Zitro Games","url":"https:\/\/zitrogames.com\/es\/","logo":{"@type":"ImageObject","inLanguage":"es","@id":"https:\/\/zitrogames.com\/es\/#\/schema\/logo\/image\/","url":"https:\/\/zitrogames.com\/wp-content\/uploads\/2022\/02\/Zitro-Games.png","contentUrl":"https:\/\/zitrogames.com\/wp-content\/uploads\/2022\/02\/Zitro-Games.png","width":742,"height":128,"caption":"Zitro Games"},"image":{"@id":"https:\/\/zitrogames.com\/es\/#\/schema\/logo\/image\/"},"sameAs":["https:\/\/www.facebook.com\/zitrogames\/","https:\/\/x.com\/Zitrogames","https:\/\/www.instagram.com\/zitro.games\/","https:\/\/www.linkedin.com\/company\/zitro\/","https:\/\/www.youtube.com\/channel\/UCBajr3cDd36PSxaK9n3lzGQ","https:\/\/es.wikipedia.org\/wiki\/Zitro_S.A.R.L"]}]}},"_links":{"self":[{"href":"https:\/\/zitrogames.com\/es\/wp-json\/wp\/v2\/pages\/51417","targetHints":{"allow":["GET"]}}],"collection":[{"href":"https:\/\/zitrogames.com\/es\/wp-json\/wp\/v2\/pages"}],"about":[{"href":"https:\/\/zitrogames.com\/es\/wp-json\/wp\/v2\/types\/page"}],"author":[{"embeddable":true,"href":"https:\/\/zitrogames.com\/es\/wp-json\/wp\/v2\/users\/13"}],"replies":[{"embeddable":true,"href":"https:\/\/zitrogames.com\/es\/wp-json\/wp\/v2\/comments?post=51417"}],"version-history":[{"count":7,"href":"https:\/\/zitrogames.com\/es\/wp-json\/wp\/v2\/pages\/51417\/revisions"}],"predecessor-version":[{"id":52307,"href":"https:\/\/zitrogames.com\/es\/wp-json\/wp\/v2\/pages\/51417\/revisions\/52307"}],"wp:attachment":[{"href":"https:\/\/zitrogames.com\/es\/wp-json\/wp\/v2\/media?parent=51417"}],"curies":[{"name":"wp","href":"https:\/\/api.w.org\/{rel}","templated":true}]}}