{"id":51421,"date":"2022-01-17T14:52:38","date_gmt":"2022-01-17T14:52:38","guid":{"rendered":"https:\/\/zitrogames.com\/?page_id=51421"},"modified":"2022-03-07T14:55:32","modified_gmt":"2022-03-07T14:55:32","slug":"bluewave-cabinet","status":"publish","type":"page","link":"https:\/\/zitrogames.com\/es\/bluewave-cabinet\/","title":{"rendered":"Bluewave"},"content":{"rendered":"[vc_row type=\u00bbfull_width_background\u00bb full_screen_row_position=\u00bbmiddle\u00bb bg_image=\u00bb52014&#8243; bg_position=\u00bbcenter bottom\u00bb bg_repeat=\u00bbno-repeat\u00bb scene_position=\u00bbcenter\u00bb text_color=\u00bblight\u00bb text_align=\u00bbleft\u00bb top_padding=\u00bb5%\u00bb bottom_padding=\u00bb4%\u00bb class=\u00bbencPosition\u00bb overlay_strength=\u00bb0.3&#8243; enable_shape_divider=\u00bbtrue\u00bb shape_divider_position=\u00bbbottom\u00bb shape_divider_height=\u00bb200&#8243; shape_type=\u00bbcurve\u00bb][vc_column column_padding=\u00bbno-extra-padding\u00bb column_padding_position=\u00bball\u00bb background_color_opacity=\u00bb1&#8243; background_hover_color_opacity=\u00bb1&#8243; column_link_target=\u00bb_self\u00bb column_shadow=\u00bbnone\u00bb column_border_radius=\u00bbnone\u00bb width=\u00bb1\/1&#8243; tablet_width_inherit=\u00bbdefault\u00bb tablet_text_alignment=\u00bbdefault\u00bb phone_text_alignment=\u00bbdefault\u00bb column_border_width=\u00bbnone\u00bb column_border_style=\u00bbsolid\u00bb][vc_row_inner content_placement=\u00bbmiddle\u00bb column_margin=\u00bbdefault\u00bb top_padding=\u00bb7%\u00bb bottom_padding=\u00bb7%\u00bb text_align=\u00bbcenter\u00bb][vc_column_inner column_padding=\u00bbno-extra-padding\u00bb column_padding_position=\u00bball\u00bb background_color_opacity=\u00bb1&#8243; background_hover_color_opacity=\u00bb1&#8243; column_shadow=\u00bbnone\u00bb column_border_radius=\u00bbnone\u00bb column_link_target=\u00bb_self\u00bb width=\u00bb1\/1&#8243; tablet_width_inherit=\u00bbdefault\u00bb column_border_width=\u00bbnone\u00bb column_border_style=\u00bbsolid\u00bb]<div class=\"img-with-aniamtion-wrap center\" data-max-width=\"100%\" data-border-radius=\"none\"><div class=\"inner\"><img loading=\"lazy\" decoding=\"async\" data-shadow=\"none\" data-shadow-direction=\"middle\" class=\"img-with-animation skip-lazy \" data-delay=\"0\" height=\"102\" width=\"430\"  data-animation=\"fade-in\" src=\"https:\/\/zitrogames.com\/wp-content\/uploads\/2021\/12\/Logo_bluewave_sinZ.png\"  alt=\"Zitro Games - Platform Bluewave\" \/><\/div><\/div>[\/vc_column_inner][\/vc_row_inner][\/vc_column][\/vc_row][vc_row type=\u00bbin_container\u00bb full_screen_row_position=\u00bbmiddle\u00bb scene_position=\u00bbcenter\u00bb text_color=\u00bbdark\u00bb text_align=\u00bbleft\u00bb top_padding=\u00bb50&#8243; disable_element=\u00bbyes\u00bb overlay_strength=\u00bb0.3&#8243; shape_divider_position=\u00bbbottom\u00bb shape_type=\u00bb\u00bb][vc_column centered_text=\u00bbtrue\u00bb column_padding=\u00bbno-extra-padding\u00bb column_padding_position=\u00bball\u00bb background_color_opacity=\u00bb1&#8243; background_hover_color_opacity=\u00bb1&#8243; column_link_target=\u00bb_self\u00bb column_shadow=\u00bbnone\u00bb column_border_radius=\u00bbnone\u00bb width=\u00bb2\/3&#8243; tablet_width_inherit=\u00bbdefault\u00bb tablet_text_alignment=\u00bbdefault\u00bb phone_text_alignment=\u00bbdefault\u00bb column_border_width=\u00bbnone\u00bb column_border_style=\u00bbsolid\u00bb][carousel script=\u00bbowl_carousel\u00bb desktop_cols=\u00bb1&#8243; desktop_small_cols=\u00bb1&#8243; tablet_cols=\u00bb1&#8243; mobile_cols=\u00bb1&#8243; column_padding=\u00bb0&#8243; loop=\u00bbtrue\u00bb autorotate=\u00bbtrue\u00bb][item id=\u00bb1639134598-1-74&#8243; tab_id=\u00bb1639134619211-1&#8243; title=\u00bbItem\u00bb]<div class=\"img-with-aniamtion-wrap \" data-max-width=\"100%\" data-border-radius=\"none\"><div class=\"inner\"><img loading=\"lazy\" decoding=\"async\" data-shadow=\"none\" data-shadow-direction=\"middle\" class=\"img-with-animation skip-lazy \" data-delay=\"0\" height=\"518\" width=\"990\"  data-animation=\"fade-in\" src=\"https:\/\/zitrogames.com\/wp-content\/uploads\/2021\/12\/bluewave.png\" srcset=\"https:\/\/zitrogames.com\/wp-content\/uploads\/2021\/12\/bluewave.png 990w, https:\/\/zitrogames.com\/wp-content\/uploads\/2021\/12\/bluewave-768x402.png 768w\" sizes=\"auto, 100vw\" alt=\"bluewave\" \/><\/div><\/div>[\/item][item id=\u00bb1639134598-2-92&#8243; tab_id=\u00bb1639134619258-5&#8243; title=\u00bbItem\u00bb]<div class=\"img-with-aniamtion-wrap \" data-max-width=\"100%\" data-border-radius=\"none\"><div class=\"inner\"><img loading=\"lazy\" decoding=\"async\" data-shadow=\"none\" data-shadow-direction=\"middle\" class=\"img-with-animation skip-lazy \" data-delay=\"0\" height=\"486\" width=\"196\"  data-animation=\"fade-in\" src=\"https:\/\/zitrogames.com\/wp-content\/uploads\/2021\/12\/bluewave-1.png\"  alt=\"bluewave\" \/><\/div><\/div>[\/item][\/carousel][\/vc_column][vc_column column_padding=\u00bbpadding-2-percent\u00bb column_padding_position=\u00bbleft-right\u00bb background_color_opacity=\u00bb1&#8243; background_hover_color_opacity=\u00bb1&#8243; column_link_target=\u00bb_self\u00bb column_shadow=\u00bbnone\u00bb column_border_radius=\u00bbnone\u00bb top_margin=\u00bb7%\u00bb width=\u00bb1\/3&#8243; tablet_width_inherit=\u00bbdefault\u00bb tablet_text_alignment=\u00bbdefault\u00bb phone_text_alignment=\u00bbdefault\u00bb column_border_width=\u00bbnone\u00bb column_border_style=\u00bbsolid\u00bb][vc_custom_heading text=\u00bbBluewave\u00bb font_container=\u00bbtag:h2|text_align:left|color:%23000000&#8243; use_theme_fonts=\u00bbyes\u00bb][vc_column_text]The Bluewave cabinet embodies the innovative spirit that proves Zitro is a force within the casino game industry. This bingo cabinet is perfect for any type of player.\u00a0Its ergonomic design facilitates user interaction and allows its players to take full advantage of Video Bingo games.[\/vc_column_text][\/vc_column][\/vc_row][vc_row type=\u00bbin_container\u00bb full_screen_row_position=\u00bbmiddle\u00bb scene_position=\u00bbcenter\u00bb text_color=\u00bbdark\u00bb text_align=\u00bbleft\u00bb top_padding=\u00bb50&#8243; disable_element=\u00bbyes\u00bb overlay_strength=\u00bb0.3&#8243; shape_divider_position=\u00bbbottom\u00bb shape_type=\u00bb\u00bb][vc_column column_padding=\u00bbno-extra-padding\u00bb column_padding_position=\u00bball\u00bb background_color_opacity=\u00bb1&#8243; background_hover_color_opacity=\u00bb1&#8243; column_link_target=\u00bb_self\u00bb column_shadow=\u00bbnone\u00bb column_border_radius=\u00bbnone\u00bb width=\u00bb1\/1&#8243; tablet_width_inherit=\u00bbdefault\u00bb tablet_text_alignment=\u00bbdefault\u00bb phone_text_alignment=\u00bbdefault\u00bb column_border_width=\u00bbnone\u00bb column_border_style=\u00bbsolid\u00bb][tabbed_section style=\u00bbminimal\u00bb alignment=\u00bbcenter\u00bb spacing=\u00bbdefault\u00bb tab_color=\u00bbAccent-Color\u00bb cta_button_style=\u00bbaccent-color\u00bb icon_size=\u00bb24&#8243;][tab icon_family=\u00bbnone\u00bb title=\u00bbFeatures\u00bb id=\u00bb1542291276-1-91&#8243; tab_id=\u00bb1542291337684-0&#8243;][vc_row_inner column_margin=\u00bbdefault\u00bb text_align=\u00bbleft\u00bb][vc_column_inner column_padding=\u00bbno-extra-padding\u00bb column_padding_position=\u00bball\u00bb background_color_opacity=\u00bb1&#8243; background_hover_color_opacity=\u00bb1&#8243; column_shadow=\u00bbnone\u00bb column_border_radius=\u00bbnone\u00bb column_link_target=\u00bb_self\u00bb width=\u00bb1\/2&#8243; tablet_width_inherit=\u00bbdefault\u00bb column_border_width=\u00bbnone\u00bb column_border_style=\u00bbsolid\u00bb]<div class=\"nectar-fancy-ul\" data-list-icon=\"icon-ok-sign\" data-animation=\"false\" data-animation-delay=\"0\" data-color=\"accent-color\" data-alignment=\"left\"> \n<ul>\n<li>NEPTUNE platform optimized for 2D\/3D HD graphics<\/li>\n<li>22\u201d monitor with fully optimized touch technology<\/li>\n<li>Full HD compatibility. High quality Sound<\/li>\n<\/ul>\n <\/div>[\/vc_column_inner][vc_column_inner column_padding=\u00bbno-extra-padding\u00bb column_padding_position=\u00bball\u00bb background_color_opacity=\u00bb1&#8243; background_hover_color_opacity=\u00bb1&#8243; column_shadow=\u00bbnone\u00bb column_border_radius=\u00bbnone\u00bb column_link_target=\u00bb_self\u00bb width=\u00bb1\/2&#8243; tablet_width_inherit=\u00bbdefault\u00bb column_border_width=\u00bbnone\u00bb column_border_style=\u00bbsolid\u00bb]<div class=\"nectar-fancy-ul\" data-list-icon=\"icon-ok-sign\" data-animation=\"false\" data-animation-delay=\"0\" data-color=\"accent-color\" data-alignment=\"left\"> \n<ul>\n<li>Centralized control. Enables operator to link machines in one or several locations to a central system<\/li>\n<li>Jackpot and Mystery systems. Enables integration with and infinite number of JACKPOTS and MYSTERIES progressives<\/li>\n<\/ul>\n <\/div>[\/vc_column_inner][\/vc_row_inner][\/tab][\/tabbed_section][\/vc_column][\/vc_row][vc_row type=\u00bbin_container\u00bb full_screen_row_position=\u00bbmiddle\u00bb scene_position=\u00bbcenter\u00bb text_color=\u00bbdark\u00bb text_align=\u00bbleft\u00bb overlay_strength=\u00bb0.3&#8243; shape_divider_position=\u00bbbottom\u00bb shape_type=\u00bb\u00bb][vc_column column_padding=\u00bbno-extra-padding\u00bb column_padding_position=\u00bball\u00bb background_color_opacity=\u00bb1&#8243; background_hover_color_opacity=\u00bb1&#8243; column_link_target=\u00bb_self\u00bb column_shadow=\u00bbnone\u00bb column_border_radius=\u00bbnone\u00bb width=\u00bb1\/1&#8243; tablet_width_inherit=\u00bbdefault\u00bb tablet_text_alignment=\u00bbdefault\u00bb phone_text_alignment=\u00bbdefault\u00bb column_border_width=\u00bbnone\u00bb column_border_style=\u00bbsolid\u00bb]<div class=\"img-with-aniamtion-wrap center\" data-max-width=\"100%\" data-border-radius=\"none\"><div class=\"inner\"><img loading=\"lazy\" decoding=\"async\" data-shadow=\"none\" data-shadow-direction=\"middle\" class=\"img-with-animation skip-lazy \" data-delay=\"0\" height=\"502\" width=\"992\" style=\"margin-bottom: 30px; \" data-animation=\"fade-in\" src=\"https:\/\/zitrogames.com\/wp-content\/uploads\/2022\/01\/Bluewave_Grupo5_acumulado_baja.png\" srcset=\"https:\/\/zitrogames.com\/wp-content\/uploads\/2022\/01\/Bluewave_Grupo5_acumulado_baja.png 992w, https:\/\/zitrogames.com\/wp-content\/uploads\/2022\/01\/Bluewave_Grupo5_acumulado_baja-768x389.png 768w\" sizes=\"auto, 100vw\" alt=\"bluewave\" \/><\/div><\/div>[vc_column_text]El gabinete Bluewave encarna el esp\u00edritu innovador que prueba que Zitro es un peso importante en el sector de los juegos de casino. Este gabinete de bingo es ideal para cualquier tipo de jugador. Su dise\u00f1o ergon\u00f3mico facilita la interacci\u00f3n del usuario y permite a los jugadores sacar el m\u00e1ximo partido a los juegos de video bingo.[\/vc_column_text][tabbed_section style=\u00bbmaterial\u00bb alignment=\u00bbleft\u00bb spacing=\u00bbdefault\u00bb tab_color=\u00bbAccent-Color\u00bb icon_size=\u00bb24&#8243;][tab icon_family=\u00bbnone\u00bb title=\u00bbCaracter\u00edsticas\u00bb id=\u00bb1542291276-1-91&#8243; tab_id=\u00bb1542291337684-0&#8243;][vc_row_inner column_margin=\u00bbdefault\u00bb text_align=\u00bbleft\u00bb][vc_column_inner column_padding=\u00bbno-extra-padding\u00bb column_padding_position=\u00bball\u00bb background_color_opacity=\u00bb1&#8243; background_hover_color_opacity=\u00bb1&#8243; column_shadow=\u00bbnone\u00bb column_border_radius=\u00bbnone\u00bb column_link_target=\u00bb_self\u00bb width=\u00bb1\/2&#8243; tablet_width_inherit=\u00bbdefault\u00bb column_border_width=\u00bbnone\u00bb column_border_style=\u00bbsolid\u00bb]<div class=\"nectar-fancy-ul\" data-list-icon=\"icon-ok-sign\" data-animation=\"false\" data-animation-delay=\"0\" data-color=\"accent-color\" data-alignment=\"left\"> \n<ul>\n<li>Plataforma NEPTUNE, optimizada para gr\u00e1ficos Full HD en 2D o 3D.<\/li>\n<li><i class=\"icon-default-style icon-ok-sign accent-color\"><\/i>Pantalla de 22\u2033 con tecnolog\u00eda t\u00e1ctil totalmente optimizada.<\/li>\n<li><i class=\"icon-default-style icon-ok-sign accent-color\"><\/i>Sonido de alta calidad compatible con Full HD.<\/li>\n<\/ul>\n <\/div>[\/vc_column_inner][vc_column_inner column_padding=\u00bbno-extra-padding\u00bb column_padding_position=\u00bball\u00bb background_color_opacity=\u00bb1&#8243; background_hover_color_opacity=\u00bb1&#8243; column_shadow=\u00bbnone\u00bb column_border_radius=\u00bbnone\u00bb column_link_target=\u00bb_self\u00bb width=\u00bb1\/2&#8243; tablet_width_inherit=\u00bbdefault\u00bb column_border_width=\u00bbnone\u00bb column_border_style=\u00bbsolid\u00bb]<div class=\"nectar-fancy-ul\" data-list-icon=\"icon-ok-sign\" data-animation=\"false\" data-animation-delay=\"0\" data-color=\"accent-color\" data-alignment=\"left\"> \n<ul>\n<li>El sistema de control centralizado permite al operador vincular las m\u00e1quinas de una o incluso varias ubicaciones a trav\u00e9s de un sistema central.<\/li>\n<li><i class=\"icon-default-style icon-ok-sign accent-color\"><\/i>Sistemas Jackpot y Mystery que permiten la integraci\u00f3n con un n\u00famero infinito de progresivos JACKPOT y MYSTERY.<\/li>\n<\/ul>\n <\/div>[\/vc_column_inner][\/vc_row_inner][\/tab][\/tabbed_section][\/vc_column][\/vc_row]\n","protected":false},"excerpt":{"rendered":"<p>[vc_row type=\u00bbfull_width_background\u00bb full_screen_row_position=\u00bbmiddle\u00bb bg_image=\u00bb52014&#8243; bg_position=\u00bbcenter bottom\u00bb bg_repeat=\u00bbno-repeat\u00bb scene_position=\u00bbcenter\u00bb text_color=\u00bblight\u00bb text_align=\u00bbleft\u00bb top_padding=\u00bb5%\u00bb bottom_padding=\u00bb4%\u00bb class=\u00bbencPosition\u00bb overlay_strength=\u00bb0.3&#8243; enable_shape_divider=\u00bbtrue\u00bb shape_divider_position=\u00bbbottom\u00bb shape_divider_height=\u00bb200&#8243; shape_type=\u00bbcurve\u00bb][vc_column column_padding=\u00bbno-extra-padding\u00bb column_padding_position=\u00bball\u00bb background_color_opacity=\u00bb1&#8243; background_hover_color_opacity=\u00bb1&#8243; column_link_target=\u00bb_self\u00bb column_shadow=\u00bbnone\u00bb column_border_radius=\u00bbnone\u00bb&#8230;<\/p>\n","protected":false},"author":13,"featured_media":0,"parent":0,"menu_order":0,"comment_status":"closed","ping_status":"closed","template":"","meta":{"footnotes":""},"class_list":["post-51421","page","type-page","status-publish"],"yoast_head":"<!-- This site is optimized with the Yoast SEO plugin v26.8 - https:\/\/yoast.com\/product\/yoast-seo-wordpress\/ -->\n<title>Bluewave - Zitrogames<\/title>\n<meta name=\"description\" content=\"El gabinete Bluewave encarna el esp\u00edritu innovador que prueba que Zitro es un peso importante en el sector de los juegos de casino.\" \/>\n<meta name=\"robots\" content=\"index, follow, max-snippet:-1, max-image-preview:large, max-video-preview:-1\" \/>\n<link rel=\"canonical\" href=\"https:\/\/zitrogames.com\/es\/bluewave-cabinet\/\" \/>\n<meta property=\"og:locale\" content=\"es_ES\" \/>\n<meta property=\"og:type\" content=\"article\" \/>\n<meta property=\"og:title\" content=\"Bluewave - Zitrogames\" \/>\n<meta property=\"og:description\" content=\"El gabinete Bluewave encarna el esp\u00edritu innovador que prueba que Zitro es un peso importante en el sector de los juegos de casino.\" \/>\n<meta property=\"og:url\" content=\"https:\/\/zitrogames.com\/es\/bluewave-cabinet\/\" \/>\n<meta property=\"og:site_name\" content=\"Zitrogames\" \/>\n<meta property=\"article:publisher\" content=\"https:\/\/www.facebook.com\/zitrogames\/\" \/>\n<meta property=\"article:modified_time\" content=\"2022-03-07T14:55:32+00:00\" \/>\n<meta name=\"twitter:card\" content=\"summary_large_image\" \/>\n<meta name=\"twitter:site\" content=\"@Zitrogames\" \/>\n<meta name=\"twitter:label1\" content=\"Tiempo de lectura\" \/>\n\t<meta name=\"twitter:data1\" content=\"3 minutos\" \/>\n<script type=\"application\/ld+json\" class=\"yoast-schema-graph\">{\"@context\":\"https:\/\/schema.org\",\"@graph\":[{\"@type\":\"WebPage\",\"@id\":\"https:\/\/zitrogames.com\/es\/bluewave-cabinet\/\",\"url\":\"https:\/\/zitrogames.com\/es\/bluewave-cabinet\/\",\"name\":\"Bluewave - Zitrogames\",\"isPartOf\":{\"@id\":\"https:\/\/zitrogames.com\/es\/#website\"},\"datePublished\":\"2022-01-17T14:52:38+00:00\",\"dateModified\":\"2022-03-07T14:55:32+00:00\",\"description\":\"El gabinete Bluewave encarna el esp\u00edritu innovador que prueba que Zitro es un peso importante en el sector de los juegos de casino.\",\"inLanguage\":\"es\",\"potentialAction\":[{\"@type\":\"ReadAction\",\"target\":[\"https:\/\/zitrogames.com\/es\/bluewave-cabinet\/\"]}]},{\"@type\":\"WebSite\",\"@id\":\"https:\/\/zitrogames.com\/es\/#website\",\"url\":\"https:\/\/zitrogames.com\/es\/\",\"name\":\"Zitrogames\",\"description\":\"Zitro Games\",\"publisher\":{\"@id\":\"https:\/\/zitrogames.com\/es\/#organization\"},\"alternateName\":\"Zitro Games\",\"potentialAction\":[{\"@type\":\"SearchAction\",\"target\":{\"@type\":\"EntryPoint\",\"urlTemplate\":\"https:\/\/zitrogames.com\/es\/?s={search_term_string}\"},\"query-input\":{\"@type\":\"PropertyValueSpecification\",\"valueRequired\":true,\"valueName\":\"search_term_string\"}}],\"inLanguage\":\"es\"},{\"@type\":\"Organization\",\"@id\":\"https:\/\/zitrogames.com\/es\/#organization\",\"name\":\"Zitro Games\",\"url\":\"https:\/\/zitrogames.com\/es\/\",\"logo\":{\"@type\":\"ImageObject\",\"inLanguage\":\"es\",\"@id\":\"https:\/\/zitrogames.com\/es\/#\/schema\/logo\/image\/\",\"url\":\"https:\/\/zitrogames.com\/wp-content\/uploads\/2022\/02\/Zitro-Games.png\",\"contentUrl\":\"https:\/\/zitrogames.com\/wp-content\/uploads\/2022\/02\/Zitro-Games.png\",\"width\":742,\"height\":128,\"caption\":\"Zitro Games\"},\"image\":{\"@id\":\"https:\/\/zitrogames.com\/es\/#\/schema\/logo\/image\/\"},\"sameAs\":[\"https:\/\/www.facebook.com\/zitrogames\/\",\"https:\/\/x.com\/Zitrogames\",\"https:\/\/www.instagram.com\/zitro.games\/\",\"https:\/\/www.linkedin.com\/company\/zitro\/\",\"https:\/\/www.youtube.com\/channel\/UCBajr3cDd36PSxaK9n3lzGQ\",\"https:\/\/es.wikipedia.org\/wiki\/Zitro_S.A.R.L\"]}]}<\/script>\n<!-- \/ Yoast SEO plugin. -->","yoast_head_json":{"title":"Bluewave - Zitrogames","description":"El gabinete Bluewave encarna el esp\u00edritu innovador que prueba que Zitro es un peso importante en el sector de los juegos de casino.","robots":{"index":"index","follow":"follow","max-snippet":"max-snippet:-1","max-image-preview":"max-image-preview:large","max-video-preview":"max-video-preview:-1"},"canonical":"https:\/\/zitrogames.com\/es\/bluewave-cabinet\/","og_locale":"es_ES","og_type":"article","og_title":"Bluewave - Zitrogames","og_description":"El gabinete Bluewave encarna el esp\u00edritu innovador que prueba que Zitro es un peso importante en el sector de los juegos de casino.","og_url":"https:\/\/zitrogames.com\/es\/bluewave-cabinet\/","og_site_name":"Zitrogames","article_publisher":"https:\/\/www.facebook.com\/zitrogames\/","article_modified_time":"2022-03-07T14:55:32+00:00","twitter_card":"summary_large_image","twitter_site":"@Zitrogames","twitter_misc":{"Tiempo de lectura":"3 minutos"},"schema":{"@context":"https:\/\/schema.org","@graph":[{"@type":"WebPage","@id":"https:\/\/zitrogames.com\/es\/bluewave-cabinet\/","url":"https:\/\/zitrogames.com\/es\/bluewave-cabinet\/","name":"Bluewave - Zitrogames","isPartOf":{"@id":"https:\/\/zitrogames.com\/es\/#website"},"datePublished":"2022-01-17T14:52:38+00:00","dateModified":"2022-03-07T14:55:32+00:00","description":"El gabinete Bluewave encarna el esp\u00edritu innovador que prueba que Zitro es un peso importante en el sector de los juegos de casino.","inLanguage":"es","potentialAction":[{"@type":"ReadAction","target":["https:\/\/zitrogames.com\/es\/bluewave-cabinet\/"]}]},{"@type":"WebSite","@id":"https:\/\/zitrogames.com\/es\/#website","url":"https:\/\/zitrogames.com\/es\/","name":"Zitrogames","description":"Zitro Games","publisher":{"@id":"https:\/\/zitrogames.com\/es\/#organization"},"alternateName":"Zitro Games","potentialAction":[{"@type":"SearchAction","target":{"@type":"EntryPoint","urlTemplate":"https:\/\/zitrogames.com\/es\/?s={search_term_string}"},"query-input":{"@type":"PropertyValueSpecification","valueRequired":true,"valueName":"search_term_string"}}],"inLanguage":"es"},{"@type":"Organization","@id":"https:\/\/zitrogames.com\/es\/#organization","name":"Zitro Games","url":"https:\/\/zitrogames.com\/es\/","logo":{"@type":"ImageObject","inLanguage":"es","@id":"https:\/\/zitrogames.com\/es\/#\/schema\/logo\/image\/","url":"https:\/\/zitrogames.com\/wp-content\/uploads\/2022\/02\/Zitro-Games.png","contentUrl":"https:\/\/zitrogames.com\/wp-content\/uploads\/2022\/02\/Zitro-Games.png","width":742,"height":128,"caption":"Zitro Games"},"image":{"@id":"https:\/\/zitrogames.com\/es\/#\/schema\/logo\/image\/"},"sameAs":["https:\/\/www.facebook.com\/zitrogames\/","https:\/\/x.com\/Zitrogames","https:\/\/www.instagram.com\/zitro.games\/","https:\/\/www.linkedin.com\/company\/zitro\/","https:\/\/www.youtube.com\/channel\/UCBajr3cDd36PSxaK9n3lzGQ","https:\/\/es.wikipedia.org\/wiki\/Zitro_S.A.R.L"]}]}},"_links":{"self":[{"href":"https:\/\/zitrogames.com\/es\/wp-json\/wp\/v2\/pages\/51421","targetHints":{"allow":["GET"]}}],"collection":[{"href":"https:\/\/zitrogames.com\/es\/wp-json\/wp\/v2\/pages"}],"about":[{"href":"https:\/\/zitrogames.com\/es\/wp-json\/wp\/v2\/types\/page"}],"author":[{"embeddable":true,"href":"https:\/\/zitrogames.com\/es\/wp-json\/wp\/v2\/users\/13"}],"replies":[{"embeddable":true,"href":"https:\/\/zitrogames.com\/es\/wp-json\/wp\/v2\/comments?post=51421"}],"version-history":[{"count":6,"href":"https:\/\/zitrogames.com\/es\/wp-json\/wp\/v2\/pages\/51421\/revisions"}],"predecessor-version":[{"id":53391,"href":"https:\/\/zitrogames.com\/es\/wp-json\/wp\/v2\/pages\/51421\/revisions\/53391"}],"wp:attachment":[{"href":"https:\/\/zitrogames.com\/es\/wp-json\/wp\/v2\/media?parent=51421"}],"curies":[{"name":"wp","href":"https:\/\/api.w.org\/{rel}","templated":true}]}}