{"id":58061,"date":"2023-04-12T14:04:33","date_gmt":"2023-04-12T13:04:33","guid":{"rendered":"https:\/\/zitrogames.com\/?page_id=58061"},"modified":"2024-04-10T15:25:51","modified_gmt":"2024-04-10T14:25:51","slug":"buzon-etico","status":"publish","type":"page","link":"https:\/\/zitrogames.com\/es\/buzon-etico\/","title":{"rendered":"Buz\u00f3n \u00c9tica"},"content":{"rendered":"[vc_row type=\u00bbfull_width_background\u00bb full_screen_row_position=\u00bbmiddle\u00bb bg_image=\u00bb62327&#8243; bg_position=\u00bbcenter bottom\u00bb bg_repeat=\u00bbno-repeat\u00bb scene_position=\u00bbcenter\u00bb text_color=\u00bblight\u00bb text_align=\u00bbleft\u00bb top_padding=\u00bb7%\u00bb bottom_padding=\u00bb3%\u00bb class=\u00bbencPosition\u00bb overlay_strength=\u00bb0.3&#8243; shape_divider_position=\u00bbbottom\u00bb shape_type=\u00bb\u00bb][vc_column column_padding=\u00bbno-extra-padding\u00bb column_padding_position=\u00bball\u00bb background_color_opacity=\u00bb1&#8243; background_hover_color_opacity=\u00bb1&#8243; column_link_target=\u00bb_self\u00bb column_shadow=\u00bbnone\u00bb column_border_radius=\u00bbnone\u00bb width=\u00bb1\/1&#8243; tablet_width_inherit=\u00bbdefault\u00bb tablet_text_alignment=\u00bbdefault\u00bb phone_text_alignment=\u00bbdefault\u00bb column_border_width=\u00bbnone\u00bb column_border_style=\u00bbsolid\u00bb][vc_row_inner content_placement=\u00bbmiddle\u00bb column_margin=\u00bbdefault\u00bb top_padding=\u00bb7%\u00bb bottom_padding=\u00bb7%\u00bb text_align=\u00bbcenter\u00bb][vc_column_inner column_padding=\u00bbno-extra-padding\u00bb column_padding_position=\u00bball\u00bb background_color_opacity=\u00bb1&#8243; background_hover_color_opacity=\u00bb1&#8243; column_shadow=\u00bbnone\u00bb column_border_radius=\u00bbnone\u00bb column_link_target=\u00bb_self\u00bb width=\u00bb1\/1&#8243; tablet_width_inherit=\u00bbdefault\u00bb column_border_width=\u00bbnone\u00bb column_border_style=\u00bbsolid\u00bb][\/vc_column_inner][\/vc_row_inner][\/vc_column][\/vc_row][vc_row type=\u00bbin_container\u00bb full_screen_row_position=\u00bbmiddle\u00bb scene_position=\u00bbcenter\u00bb text_color=\u00bbdark\u00bb text_align=\u00bbleft\u00bb overlay_strength=\u00bb0.3&#8243; shape_divider_position=\u00bbbottom\u00bb][vc_column column_padding=\u00bbno-extra-padding\u00bb column_padding_position=\u00bball\u00bb background_color_opacity=\u00bb1&#8243; background_hover_color_opacity=\u00bb1&#8243; column_link_target=\u00bb_self\u00bb column_shadow=\u00bbnone\u00bb column_border_radius=\u00bbnone\u00bb width=\u00bb1\/1&#8243; tablet_width_inherit=\u00bbdefault\u00bb tablet_text_alignment=\u00bbdefault\u00bb phone_text_alignment=\u00bbdefault\u00bb column_border_width=\u00bbnone\u00bb column_border_style=\u00bbsolid\u00bb]<div class=\"divider-wrap\" data-alignment=\"default\"><div style=\"height: 100px;\" class=\"divider\"><\/div><\/div>[\/vc_column][\/vc_row][vc_row type=\u00bbfull_width_background\u00bb full_screen_row_position=\u00bbmiddle\u00bb scene_position=\u00bbcenter\u00bb text_color=\u00bbdark\u00bb text_align=\u00bbleft\u00bb top_padding=\u00bb40&#8243; bottom_padding=\u00bb40&#8243; overlay_strength=\u00bb0.3&#8243; shape_divider_position=\u00bbbottom\u00bb shape_type=\u00bb\u00bb][vc_column column_padding=\u00bbno-extra-padding\u00bb column_padding_position=\u00bball\u00bb background_color_opacity=\u00bb1&#8243; background_hover_color_opacity=\u00bb1&#8243; column_link_target=\u00bb_self\u00bb column_shadow=\u00bbnone\u00bb column_border_radius=\u00bbnone\u00bb width=\u00bb3\/12&#8243; tablet_width_inherit=\u00bbdefault\u00bb tablet_text_alignment=\u00bbdefault\u00bb phone_text_alignment=\u00bbdefault\u00bb column_border_width=\u00bbnone\u00bb column_border_style=\u00bbsolid\u00bb][vc_column_text]\n<h2>Buz\u00f3n \u00c9tico<\/h2>\n<p><span style=\"font-size: 16px;\">El Grupo Zitro en Espa\u00f1a pone a su disposici\u00f3n un buz\u00f3n \u00e9tico con el objeto de fomentar el cumplimiento de la legalidad. <\/span><\/p>\n<p><span style=\"font-size: 16px;\">El buz\u00f3n \u00e9tico es el canal confidencial a trav\u00e9s del cual los empleados y cualesquiera otros terceros vinculados al Grupo Zitro en Espa\u00f1a (en adelante, \u201cGZE\u201d) pueden comunicar directamente al Departamento de Cumplimiento el conocimiento de una acci\u00f3n ilegal, irregular, peligrosa o anti\u00e9tica.<\/span>[\/vc_column_text][\/vc_column][vc_column column_padding=\u00bbno-extra-padding\u00bb column_padding_position=\u00bball\u00bb background_color_opacity=\u00bb1&#8243; background_hover_color_opacity=\u00bb1&#8243; column_link_target=\u00bb_self\u00bb column_shadow=\u00bbnone\u00bb column_border_radius=\u00bbnone\u00bb width=\u00bb1\/12&#8243; tablet_width_inherit=\u00bbdefault\u00bb tablet_text_alignment=\u00bbdefault\u00bb phone_text_alignment=\u00bbdefault\u00bb column_border_width=\u00bbnone\u00bb column_border_style=\u00bbsolid\u00bb][\/vc_column][vc_column column_padding=\u00bbno-extra-padding\u00bb column_padding_position=\u00bball\u00bb background_color_opacity=\u00bb1&#8243; background_hover_color_opacity=\u00bb1&#8243; column_link_target=\u00bb_self\u00bb column_shadow=\u00bbnone\u00bb column_border_radius=\u00bbnone\u00bb width=\u00bb8\/12&#8243; tablet_width_inherit=\u00bbdefault\u00bb tablet_text_alignment=\u00bbdefault\u00bb phone_text_alignment=\u00bbdefault\u00bb column_border_width=\u00bbnone\u00bb column_border_style=\u00bbsolid\u00bb]\n<div class=\"wpcf7 no-js\" id=\"wpcf7-f58063-o1\" lang=\"es-ES\" dir=\"ltr\" data-wpcf7-id=\"58063\">\n<div class=\"screen-reader-response\"><p role=\"status\" aria-live=\"polite\" aria-atomic=\"true\"><\/p> <ul><\/ul><\/div>\n<form action=\"\/es\/wp-json\/wp\/v2\/pages\/58061#wpcf7-f58063-o1\" method=\"post\" class=\"wpcf7-form init\" aria-label=\"Formulario de contacto\" enctype=\"multipart\/form-data\" novalidate=\"novalidate\" data-status=\"init\">\n<fieldset class=\"hidden-fields-container\"><input type=\"hidden\" name=\"_wpcf7\" value=\"58063\" \/><input type=\"hidden\" name=\"_wpcf7_version\" value=\"6.1.5\" \/><input type=\"hidden\" name=\"_wpcf7_locale\" value=\"es_ES\" \/><input type=\"hidden\" name=\"_wpcf7_unit_tag\" value=\"wpcf7-f58063-o1\" \/><input type=\"hidden\" name=\"_wpcf7_container_post\" value=\"0\" \/><input type=\"hidden\" name=\"_wpcf7_posted_data_hash\" value=\"\" \/><input type=\"hidden\" name=\"_wpcf7cf_hidden_group_fields\" value=\"[]\" \/><input type=\"hidden\" name=\"_wpcf7cf_hidden_groups\" value=\"[]\" \/><input type=\"hidden\" name=\"_wpcf7cf_visible_groups\" value=\"[]\" \/><input type=\"hidden\" name=\"_wpcf7cf_repeaters\" value=\"[]\" \/><input type=\"hidden\" name=\"_wpcf7cf_steps\" value=\"{}\" \/><input type=\"hidden\" name=\"_wpcf7cf_options\" value=\"{&quot;form_id&quot;:58063,&quot;conditions&quot;:[{&quot;then_field&quot;:&quot;composcontacto&quot;,&quot;and_rules&quot;:[{&quot;if_field&quot;:&quot;contactado&quot;,&quot;operator&quot;:&quot;not equals&quot;,&quot;if_value&quot;:&quot;&quot;}]},{&quot;then_field&quot;:&quot;composcontacto&quot;,&quot;and_rules&quot;:[{&quot;if_field&quot;:&quot;comunicado&quot;,&quot;operator&quot;:&quot;not equals&quot;,&quot;if_value&quot;:&quot;&quot;}]}],&quot;settings&quot;:{&quot;animation&quot;:&quot;yes&quot;,&quot;animation_intime&quot;:200,&quot;animation_outtime&quot;:200,&quot;conditions_ui&quot;:&quot;normal&quot;,&quot;notice_dismissed&quot;:false,&quot;notice_dismissed_update-cf7-5.9.3&quot;:true,&quot;notice_dismissed_update-cf7-6.0.1&quot;:true,&quot;notice_dismissed_update-cf7-6.0.3&quot;:true}}\" \/><input type=\"hidden\" name=\"_wpcf7_recaptcha_response\" value=\"\" \/>\n<\/fieldset>\n<div class=\"row\">\n\t<div class=\"vc_col-sm-8\">\n\t\t<p><label> Nombre<br \/>\n<span class=\"wpcf7-form-control-wrap\" data-name=\"your-name\"><input size=\"40\" maxlength=\"400\" class=\"wpcf7-form-control wpcf7-text\" autocomplete=\"name\" aria-invalid=\"false\" value=\"\" type=\"text\" name=\"your-name\" \/><\/span> <\/label>\n\t\t<\/p>\n\t<\/div>\n\t<div class=\"vc_col-sm-4\" style=\"margin-top: 2.5rem;\">\n\t\t<p><span class=\"wpcf7-form-control-wrap\" data-name=\"anonimo\"><span class=\"wpcf7-form-control wpcf7-checkbox\"><span class=\"wpcf7-list-item first last\"><label><input type=\"checkbox\" name=\"anonimo[]\" value=\"An\u00f3nimo\" \/><span class=\"wpcf7-list-item-label\">An\u00f3nimo<\/span><\/label><\/span><\/span><\/span>\n\t\t<\/p>\n\t<\/div>\n<\/div>\n<div class=\"row\">\n\t<div class=\"vc_col-sm-12\">\n\t\t<p><label> Conducta denunciada<br \/>\n<span class=\"wpcf7-form-control-wrap\" data-name=\"Conductadenunciada\"><textarea cols=\"40\" rows=\"10\" maxlength=\"2000\" class=\"wpcf7-form-control wpcf7-textarea wpcf7-validates-as-required\" aria-required=\"true\" aria-invalid=\"false\" placeholder=\"Conducta denunciada que pueda implicar la comisi\u00f3n de alguna irregularidad o de alg\u00fan acto contrario a la legalidad\" name=\"Conductadenunciada\"><\/textarea><\/span> <\/label>\n\t\t<\/p>\n\t<\/div>\n<\/div>\n<p><label> Documentaci\u00f3n a aportar para acreditar la conducta irregular<br \/>\n<span class=\"wpcf7-form-control-wrap\" data-name=\"Documentacinaaportar\"><input size=\"40\" class=\"wpcf7-form-control wpcf7-file\" accept=\"audio\/*,video\/*,image\/*\" aria-invalid=\"false\" type=\"file\" name=\"Documentacinaaportar\" \/><\/span> <span style=\"font-size:12px;font-style: italic;\">Aportar documentaci\u00f3n es voluntario y no hacerlo no afectar\u00e1 al inicio de la tramitaci\u00f3n.<\/span><\/label>\n<\/p>\n<p><span class=\"wpcf7-form-control-wrap\" data-name=\"contactado\"><span class=\"wpcf7-form-control wpcf7-checkbox\"><span class=\"wpcf7-list-item first last\"><label><input type=\"checkbox\" name=\"contactado[]\" value=\"Autorizo a ser contactado en caso de que resultase oportuno solicitar aclaraciones o ampliaciones adicionales\" \/><span class=\"wpcf7-list-item-label\">Autorizo a ser contactado en caso de que resultase oportuno solicitar aclaraciones o ampliaciones adicionales<\/span><\/label><\/span><\/span><\/span><br \/>\n<span class=\"wpcf7-form-control-wrap\" data-name=\"comunicado\"><span class=\"wpcf7-form-control wpcf7-checkbox\"><span class=\"wpcf7-list-item first last\"><label><input type=\"checkbox\" name=\"comunicado[]\" value=\"Autorizo a ser contactado para comunicarme el resultado del procedimiento interno\" \/><span class=\"wpcf7-list-item-label\">Autorizo a ser contactado para comunicarme el resultado del procedimiento interno<\/span><\/label><\/span><\/span><\/span>\n<\/p>\n<div data-id=\"composcontacto\" data-orig_data_id=\"composcontacto\"  class=\"\" data-class=\"wpcf7cf_group\">\n\t<div style=\"margin-bottom: 30px\">\n\t\t<p>Indique el medio a trav\u00e9s del cual quiere ser contactado:\n\t\t<\/p>\n\t\t<p><label> Correo electr\u00f3nico <span class=\"wpcf7-form-control-wrap\" data-name=\"correoelectrnico\"><input size=\"40\" maxlength=\"400\" class=\"wpcf7-form-control wpcf7-email wpcf7-text wpcf7-validates-as-email\" aria-invalid=\"false\" value=\"\" type=\"email\" name=\"correoelectrnico\" \/><\/span> <\/label><br \/>\n<label> Tel\u00e9fono <span class=\"wpcf7-form-control-wrap\" data-name=\"telefono\"><input size=\"40\" maxlength=\"400\" class=\"wpcf7-form-control wpcf7-tel wpcf7-text wpcf7-validates-as-tel\" aria-invalid=\"false\" value=\"\" type=\"tel\" name=\"telefono\" \/><\/span> <\/label>\n\t\t<\/p>\n\t<\/div>\n<\/div>\n<p>Se le informa de la posibilidad que le asiste de denunciar de manera directa <a href=\"https:\/\/www.proteccioninformante.gob.es\/canales-de-presentacion-de-informaciones\" target=\"_blank\">ante la Autoridad Independiente de Protecci\u00f3n al Informante<\/a>, <a href=\"https:\/\/www.proteccioninformante.gob.es\/informacion-sobre-otros-canales-externos-de-informacion\" target=\"_blank\">ante las autoridades competentes en esta materia<\/a> y, en su caso, <a href=\"https:\/\/anti-fraud.ec.europa.eu\/olaf-and-you\/report-fraud_es#:~:text=C%C3%B3mo%20presentar%20una%20denuncia%20a,lenguas%20oficiales%20de%20la%20UE.&text=La%20OLAF%20trata%20los%20datos,de%20datos%20en%20la%20OLAF\" target=\"_blank\">ante las instituciones, \u00f3rganos u organismos de la UE<\/a>.\n<\/p>\n<hr \/>\n<p style=\"color: black !important;\"><span class=\"wpcf7-form-control-wrap\" data-name=\"acceptance-971\"><span class=\"wpcf7-form-control wpcf7-acceptance\"><span class=\"wpcf7-list-item\"><label><input type=\"checkbox\" name=\"acceptance-971\" value=\"1\" aria-invalid=\"false\" \/><span class=\"wpcf7-list-item-label\">He le\u00eddo y acepto la <a target=\"_blank\" href=\"\/es\/politica-de-proteccion-del-denunciante\/\">pol\u00edtica de protecci\u00f3n de denunciantes del Grupo Zitro<\/a> y el <a target=\"_blank\" href=\"\/es\/procedimiento-de-tramitacion-de-denuncias\/\">procedimiento de tramitaci\u00f3n de las denuncias<\/a> recibidas a trav\u00e9s del buz\u00f3n \u00e9tico<\/span><\/label><\/span><\/span><\/span>\n<\/p>\n<p><input class=\"wpcf7-form-control wpcf7-submit has-spinner\" type=\"submit\" value=\"Submit\" \/>\n<\/p><div class=\"wpcf7-response-output\" aria-hidden=\"true\"><\/div>\n<\/form>\n<\/div>\n[\/vc_column][\/vc_row][vc_row type=\u00bbfull_width_background\u00bb full_screen_row_position=\u00bbmiddle\u00bb bg_color=\u00bb#f2f2f2&#8243; scene_position=\u00bbcenter\u00bb text_color=\u00bbdark\u00bb text_align=\u00bbleft\u00bb overlay_strength=\u00bb0.3&#8243; shape_divider_position=\u00bbbottom\u00bb shape_type=\u00bb\u00bb][vc_column column_padding=\u00bbno-extra-padding\u00bb column_padding_position=\u00bball\u00bb background_color_opacity=\u00bb1&#8243; background_hover_color_opacity=\u00bb1&#8243; column_link_target=\u00bb_self\u00bb column_shadow=\u00bbnone\u00bb column_border_radius=\u00bbnone\u00bb width=\u00bb1\/1&#8243; tablet_width_inherit=\u00bbdefault\u00bb tablet_text_alignment=\u00bbdefault\u00bb phone_text_alignment=\u00bbdefault\u00bb column_border_width=\u00bbnone\u00bb column_border_style=\u00bbsolid\u00bb]<div class=\"divider-wrap\" data-alignment=\"default\"><div style=\"height: 10px;\" class=\"divider\"><\/div><\/div>[\/vc_column][\/vc_row]\n","protected":false},"excerpt":{"rendered":"<p>[vc_row type=\u00bbfull_width_background\u00bb full_screen_row_position=\u00bbmiddle\u00bb bg_image=\u00bb62327&#8243; bg_position=\u00bbcenter bottom\u00bb bg_repeat=\u00bbno-repeat\u00bb scene_position=\u00bbcenter\u00bb text_color=\u00bblight\u00bb text_align=\u00bbleft\u00bb top_padding=\u00bb7%\u00bb bottom_padding=\u00bb3%\u00bb class=\u00bbencPosition\u00bb overlay_strength=\u00bb0.3&#8243; shape_divider_position=\u00bbbottom\u00bb shape_type=\u00bb\u00bb][vc_column column_padding=\u00bbno-extra-padding\u00bb column_padding_position=\u00bball\u00bb background_color_opacity=\u00bb1&#8243; background_hover_color_opacity=\u00bb1&#8243; column_link_target=\u00bb_self\u00bb column_shadow=\u00bbnone\u00bb column_border_radius=\u00bbnone\u00bb width=\u00bb1\/1&#8243; tablet_width_inherit=\u00bbdefault\u00bb&#8230;<\/p>\n","protected":false},"author":13,"featured_media":0,"parent":0,"menu_order":0,"comment_status":"closed","ping_status":"closed","template":"","meta":{"footnotes":""},"class_list":["post-58061","page","type-page","status-publish"],"yoast_head":"<!-- This site is optimized with the Yoast SEO plugin v27.4 - https:\/\/yoast.com\/product\/yoast-seo-wordpress\/ -->\n<title>Buz\u00f3n \u00c9tica - Zitrogames<\/title>\n<meta name=\"description\" content=\"Buz\u00f3n \u00c9tica Zitrogames\" \/>\n<meta name=\"robots\" content=\"index, follow, max-snippet:-1, max-image-preview:large, max-video-preview:-1\" \/>\n<link rel=\"canonical\" href=\"https:\/\/zitrogames.com\/es\/buzon-etico\/\" \/>\n<meta property=\"og:locale\" content=\"es_ES\" \/>\n<meta property=\"og:type\" content=\"article\" \/>\n<meta property=\"og:title\" content=\"Buz\u00f3n \u00c9tica - Zitrogames\" \/>\n<meta property=\"og:description\" content=\"Buz\u00f3n \u00c9tica Zitrogames\" \/>\n<meta property=\"og:url\" content=\"https:\/\/zitrogames.com\/es\/buzon-etico\/\" \/>\n<meta property=\"og:site_name\" content=\"Zitrogames\" \/>\n<meta property=\"article:publisher\" content=\"https:\/\/www.facebook.com\/zitrogames\/\" \/>\n<meta property=\"article:modified_time\" content=\"2024-04-10T14:25:51+00:00\" \/>\n<meta name=\"twitter:card\" content=\"summary_large_image\" \/>\n<meta name=\"twitter:site\" content=\"@Zitrogames\" \/>\n<meta name=\"twitter:label1\" content=\"Tiempo de lectura\" \/>\n\t<meta name=\"twitter:data1\" content=\"3 minutos\" \/>\n<script type=\"application\/ld+json\" class=\"yoast-schema-graph\">{\"@context\":\"https:\\\/\\\/schema.org\",\"@graph\":[{\"@type\":\"WebPage\",\"@id\":\"https:\\\/\\\/zitrogames.com\\\/es\\\/buzon-etico\\\/\",\"url\":\"https:\\\/\\\/zitrogames.com\\\/es\\\/buzon-etico\\\/\",\"name\":\"Buz\u00f3n \u00c9tica - Zitrogames\",\"isPartOf\":{\"@id\":\"https:\\\/\\\/zitrogames.com\\\/es\\\/#website\"},\"datePublished\":\"2023-04-12T13:04:33+00:00\",\"dateModified\":\"2024-04-10T14:25:51+00:00\",\"description\":\"Buz\u00f3n \u00c9tica Zitrogames\",\"inLanguage\":\"es\",\"potentialAction\":[{\"@type\":\"ReadAction\",\"target\":[\"https:\\\/\\\/zitrogames.com\\\/es\\\/buzon-etico\\\/\"]}]},{\"@type\":\"WebSite\",\"@id\":\"https:\\\/\\\/zitrogames.com\\\/es\\\/#website\",\"url\":\"https:\\\/\\\/zitrogames.com\\\/es\\\/\",\"name\":\"Zitrogames\",\"description\":\"Zitro Games\",\"publisher\":{\"@id\":\"https:\\\/\\\/zitrogames.com\\\/es\\\/#organization\"},\"alternateName\":\"Zitro Games\",\"potentialAction\":[{\"@type\":\"SearchAction\",\"target\":{\"@type\":\"EntryPoint\",\"urlTemplate\":\"https:\\\/\\\/zitrogames.com\\\/es\\\/?s={search_term_string}\"},\"query-input\":{\"@type\":\"PropertyValueSpecification\",\"valueRequired\":true,\"valueName\":\"search_term_string\"}}],\"inLanguage\":\"es\"},{\"@type\":\"Organization\",\"@id\":\"https:\\\/\\\/zitrogames.com\\\/es\\\/#organization\",\"name\":\"Zitro Games\",\"url\":\"https:\\\/\\\/zitrogames.com\\\/es\\\/\",\"logo\":{\"@type\":\"ImageObject\",\"inLanguage\":\"es\",\"@id\":\"https:\\\/\\\/zitrogames.com\\\/es\\\/#\\\/schema\\\/logo\\\/image\\\/\",\"url\":\"https:\\\/\\\/zitrogames.com\\\/wp-content\\\/uploads\\\/2022\\\/02\\\/Zitro-Games.png\",\"contentUrl\":\"https:\\\/\\\/zitrogames.com\\\/wp-content\\\/uploads\\\/2022\\\/02\\\/Zitro-Games.png\",\"width\":742,\"height\":128,\"caption\":\"Zitro Games\"},\"image\":{\"@id\":\"https:\\\/\\\/zitrogames.com\\\/es\\\/#\\\/schema\\\/logo\\\/image\\\/\"},\"sameAs\":[\"https:\\\/\\\/www.facebook.com\\\/zitrogames\\\/\",\"https:\\\/\\\/x.com\\\/Zitrogames\",\"https:\\\/\\\/www.instagram.com\\\/zitro.games\\\/\",\"https:\\\/\\\/www.linkedin.com\\\/company\\\/zitro\\\/\",\"https:\\\/\\\/www.youtube.com\\\/channel\\\/UCBajr3cDd36PSxaK9n3lzGQ\",\"https:\\\/\\\/es.wikipedia.org\\\/wiki\\\/Zitro_S.A.R.L\"]}]}<\/script>\n<!-- \/ Yoast SEO plugin. -->","yoast_head_json":{"title":"Buz\u00f3n \u00c9tica - Zitrogames","description":"Buz\u00f3n \u00c9tica Zitrogames","robots":{"index":"index","follow":"follow","max-snippet":"max-snippet:-1","max-image-preview":"max-image-preview:large","max-video-preview":"max-video-preview:-1"},"canonical":"https:\/\/zitrogames.com\/es\/buzon-etico\/","og_locale":"es_ES","og_type":"article","og_title":"Buz\u00f3n \u00c9tica - Zitrogames","og_description":"Buz\u00f3n \u00c9tica Zitrogames","og_url":"https:\/\/zitrogames.com\/es\/buzon-etico\/","og_site_name":"Zitrogames","article_publisher":"https:\/\/www.facebook.com\/zitrogames\/","article_modified_time":"2024-04-10T14:25:51+00:00","twitter_card":"summary_large_image","twitter_site":"@Zitrogames","twitter_misc":{"Tiempo de lectura":"3 minutos"},"schema":{"@context":"https:\/\/schema.org","@graph":[{"@type":"WebPage","@id":"https:\/\/zitrogames.com\/es\/buzon-etico\/","url":"https:\/\/zitrogames.com\/es\/buzon-etico\/","name":"Buz\u00f3n \u00c9tica - Zitrogames","isPartOf":{"@id":"https:\/\/zitrogames.com\/es\/#website"},"datePublished":"2023-04-12T13:04:33+00:00","dateModified":"2024-04-10T14:25:51+00:00","description":"Buz\u00f3n \u00c9tica Zitrogames","inLanguage":"es","potentialAction":[{"@type":"ReadAction","target":["https:\/\/zitrogames.com\/es\/buzon-etico\/"]}]},{"@type":"WebSite","@id":"https:\/\/zitrogames.com\/es\/#website","url":"https:\/\/zitrogames.com\/es\/","name":"Zitrogames","description":"Zitro Games","publisher":{"@id":"https:\/\/zitrogames.com\/es\/#organization"},"alternateName":"Zitro Games","potentialAction":[{"@type":"SearchAction","target":{"@type":"EntryPoint","urlTemplate":"https:\/\/zitrogames.com\/es\/?s={search_term_string}"},"query-input":{"@type":"PropertyValueSpecification","valueRequired":true,"valueName":"search_term_string"}}],"inLanguage":"es"},{"@type":"Organization","@id":"https:\/\/zitrogames.com\/es\/#organization","name":"Zitro Games","url":"https:\/\/zitrogames.com\/es\/","logo":{"@type":"ImageObject","inLanguage":"es","@id":"https:\/\/zitrogames.com\/es\/#\/schema\/logo\/image\/","url":"https:\/\/zitrogames.com\/wp-content\/uploads\/2022\/02\/Zitro-Games.png","contentUrl":"https:\/\/zitrogames.com\/wp-content\/uploads\/2022\/02\/Zitro-Games.png","width":742,"height":128,"caption":"Zitro Games"},"image":{"@id":"https:\/\/zitrogames.com\/es\/#\/schema\/logo\/image\/"},"sameAs":["https:\/\/www.facebook.com\/zitrogames\/","https:\/\/x.com\/Zitrogames","https:\/\/www.instagram.com\/zitro.games\/","https:\/\/www.linkedin.com\/company\/zitro\/","https:\/\/www.youtube.com\/channel\/UCBajr3cDd36PSxaK9n3lzGQ","https:\/\/es.wikipedia.org\/wiki\/Zitro_S.A.R.L"]}]}},"_links":{"self":[{"href":"https:\/\/zitrogames.com\/es\/wp-json\/wp\/v2\/pages\/58061","targetHints":{"allow":["GET"]}}],"collection":[{"href":"https:\/\/zitrogames.com\/es\/wp-json\/wp\/v2\/pages"}],"about":[{"href":"https:\/\/zitrogames.com\/es\/wp-json\/wp\/v2\/types\/page"}],"author":[{"embeddable":true,"href":"https:\/\/zitrogames.com\/es\/wp-json\/wp\/v2\/users\/13"}],"replies":[{"embeddable":true,"href":"https:\/\/zitrogames.com\/es\/wp-json\/wp\/v2\/comments?post=58061"}],"version-history":[{"count":6,"href":"https:\/\/zitrogames.com\/es\/wp-json\/wp\/v2\/pages\/58061\/revisions"}],"predecessor-version":[{"id":62330,"href":"https:\/\/zitrogames.com\/es\/wp-json\/wp\/v2\/pages\/58061\/revisions\/62330"}],"wp:attachment":[{"href":"https:\/\/zitrogames.com\/es\/wp-json\/wp\/v2\/media?parent=58061"}],"curies":[{"name":"wp","href":"https:\/\/api.w.org\/{rel}","templated":true}]}}