{"id":65299,"date":"2024-10-10T14:43:28","date_gmt":"2024-10-10T13:43:28","guid":{"rendered":"https:\/\/zitrogames.com\/?page_id=65299"},"modified":"2026-02-04T11:12:12","modified_gmt":"2026-02-04T11:12:12","slug":"concept-deluxe","status":"publish","type":"page","link":"https:\/\/zitrogames.com\/es\/concept-deluxe\/","title":{"rendered":"Concept Deluxe"},"content":{"rendered":"[vc_row type=\u00bbfull_width_background\u00bb full_screen_row_position=\u00bbmiddle\u00bb bg_image=\u00bb75441&#8243; bg_position=\u00bbcenter bottom\u00bb bg_repeat=\u00bbno-repeat\u00bb scene_position=\u00bbcenter\u00bb text_color=\u00bbcustom\u00bb custom_text_color=\u00bb#ffffff\u00bb text_align=\u00bbcenter\u00bb top_padding=\u00bb1%\u00bb bottom_padding=\u00bb10%\u00bb class=\u00bbwatch-video\u00bb overlay_strength=\u00bb0.8&#8243; enable_shape_divider=\u00bbtrue\u00bb shape_divider_position=\u00bbbottom\u00bb shape_divider_height=\u00bb200&#8243; video_mute=\u00bbtrue\u00bb shape_type=\u00bbcurve\u00bb][vc_column centered_text=\u00bbtrue\u00bb column_padding=\u00bbno-extra-padding\u00bb column_padding_position=\u00bball\u00bb background_color_opacity=\u00bb1&#8243; background_hover_color_opacity=\u00bb1&#8243; column_link_target=\u00bb_self\u00bb column_shadow=\u00bbnone\u00bb column_border_radius=\u00bbnone\u00bb width=\u00bb1\/1&#8243; tablet_width_inherit=\u00bbdefault\u00bb tablet_text_alignment=\u00bbdefault\u00bb phone_text_alignment=\u00bbdefault\u00bb column_border_width=\u00bbnone\u00bb column_border_style=\u00bbsolid\u00bb][vc_row_inner column_margin=\u00bbdefault\u00bb text_align=\u00bbcenter\u00bb][vc_column_inner column_padding=\u00bbno-extra-padding\u00bb column_padding_position=\u00bball\u00bb centered_text=\u00bbtrue\u00bb background_color_opacity=\u00bb1&#8243; background_hover_color_opacity=\u00bb1&#8243; column_shadow=\u00bbnone\u00bb column_border_radius=\u00bbnone\u00bb column_link_target=\u00bb_self\u00bb width=\u00bb1\/1&#8243; tablet_width_inherit=\u00bbdefault\u00bb column_border_width=\u00bbnone\u00bb column_border_style=\u00bbsolid\u00bb]<div class=\"divider-wrap\" data-alignment=\"default\"><div style=\"height: 50px;\" class=\"divider\"><\/div><\/div><div class=\"img-with-aniamtion-wrap center\" data-max-width=\"50%\" data-border-radius=\"none\"><div class=\"inner\"><img loading=\"lazy\" decoding=\"async\" data-shadow=\"none\" data-shadow-direction=\"middle\" class=\"img-with-animation skip-lazy \" data-delay=\"0\" height=\"158\" width=\"851\" style=\"margin-top: 5px; \" data-animation=\"fade-in\" src=\"https:\/\/zitrogames.com\/wp-content\/uploads\/2024\/10\/concept-deluxe-logo-1.png\"  alt=\"Concept Deluxe Cabinet - Zitrogames\" \/><\/div><\/div><div class=\"divider-wrap\" data-alignment=\"default\"><div style=\"height: 25px;\" class=\"divider\"><\/div><\/div>[nectar_video_lightbox link_style=\u00bbnectar-button\u00bb nectar_button_color=\u00bbDefault-Accent-Color\u00bb video_url=\u00bbhttps:\/\/youtu.be\/B8o726NzCns\u00bb link_text=\u00bbVer Video\u00bb]<div class=\"divider-wrap\" data-alignment=\"default\"><div style=\"height: 30px;\" class=\"divider\"><\/div><\/div>[\/vc_column_inner][\/vc_row_inner][\/vc_column][\/vc_row][vc_row type=\u00bbin_container\u00bb full_screen_row_position=\u00bbmiddle\u00bb scene_position=\u00bbcenter\u00bb text_color=\u00bbdark\u00bb text_align=\u00bbleft\u00bb overlay_strength=\u00bb0.3&#8243; shape_divider_position=\u00bbbottom\u00bb][vc_column centered_text=\u00bbtrue\u00bb column_padding=\u00bbpadding-1-percent\u00bb column_padding_position=\u00bbtop\u00bb background_color_opacity=\u00bb1&#8243; background_hover_color_opacity=\u00bb1&#8243; column_link_target=\u00bb_self\u00bb column_shadow=\u00bbnone\u00bb column_border_radius=\u00bbnone\u00bb width=\u00bb1\/2&#8243; tablet_width_inherit=\u00bbdefault\u00bb tablet_text_alignment=\u00bbdefault\u00bb phone_text_alignment=\u00bbdefault\u00bb column_border_width=\u00bbnone\u00bb column_border_style=\u00bbsolid\u00bb][carousel script=\u00bbowl_carousel\u00bb desktop_cols=\u00bb1&#8243; desktop_small_cols=\u00bb1&#8243; tablet_cols=\u00bb1&#8243; mobile_cols=\u00bb1&#8243; column_padding=\u00bb0&#8243; loop=\u00bbtrue\u00bb autorotate=\u00bbtrue\u00bb][item id=\u00bb1635177289435-0-8&#8243; tab_id=\u00bb1635176834447-6&#8243; title=\u00bbItem\u00bb]<div class=\"img-with-aniamtion-wrap \" data-max-width=\"100%\" data-border-radius=\"none\"><div class=\"inner\"><img loading=\"lazy\" decoding=\"async\" data-shadow=\"none\" data-shadow-direction=\"middle\" class=\"img-with-animation skip-lazy \" data-delay=\"0\" height=\"999\" width=\"990\"  data-animation=\"fade-in\" src=\"https:\/\/zitrogames.com\/wp-content\/uploads\/2024\/12\/concept-deluxe-cabinet.png\"  alt=\"Concept Deluxe Cabinet - Zitrogames\" \/><\/div><\/div>[\/item][item id=\u00bb1728561959816-0-3&#8243; tab_id=\u00bb1635176834447-6&#8243; title=\u00bbItem\u00bb]<div class=\"img-with-aniamtion-wrap \" data-max-width=\"100%\" data-border-radius=\"none\"><div class=\"inner\"><img loading=\"lazy\" decoding=\"async\" data-shadow=\"none\" data-shadow-direction=\"middle\" class=\"img-with-animation skip-lazy \" data-delay=\"0\" height=\"999\" width=\"990\"  data-animation=\"fade-in\" src=\"https:\/\/zitrogames.com\/wp-content\/uploads\/2024\/11\/delulxe-02.png\"  alt=\"Concept Deluxe Cabinet - Zitrogames\" \/><\/div><\/div>[\/item][item id=\u00bb1728561960217-0-4&#8243; tab_id=\u00bb1635176834447-6&#8243; title=\u00bbItem\u00bb]<div class=\"img-with-aniamtion-wrap \" data-max-width=\"100%\" data-border-radius=\"none\"><div class=\"inner\"><img loading=\"lazy\" decoding=\"async\" data-shadow=\"none\" data-shadow-direction=\"middle\" class=\"img-with-animation skip-lazy \" data-delay=\"0\" height=\"999\" width=\"990\"  data-animation=\"fade-in\" src=\"https:\/\/zitrogames.com\/wp-content\/uploads\/2024\/10\/concept-deluxe-cabinet-04.png\"  alt=\"Concept Deluxe Cabinet - Zitrogames\" \/><\/div><\/div>[\/item][\/carousel][\/vc_column][vc_column column_padding=\u00bbpadding-5-percent\u00bb column_padding_position=\u00bbtop\u00bb background_color_opacity=\u00bb1&#8243; background_hover_color_opacity=\u00bb1&#8243; column_link_target=\u00bb_self\u00bb column_shadow=\u00bbnone\u00bb column_border_radius=\u00bbnone\u00bb width=\u00bb1\/2&#8243; tablet_width_inherit=\u00bbdefault\u00bb tablet_text_alignment=\u00bbdefault\u00bb phone_text_alignment=\u00bbdefault\u00bb column_border_width=\u00bbnone\u00bb column_border_style=\u00bbsolid\u00bb][vc_custom_heading text=\u00bbConcept Deluxe\u00bb font_container=\u00bbtag:h2|text_align:left|color:%23000000&#8243; use_theme_fonts=\u00bbyes\u00bb css=\u00bb.vc_custom_1728546868674{margin-bottom: 10px !important;}\u00bb][vc_column_text]\n<h4 style=\"text-align: left;\">EXPERIENCIA DELUXE, ELEVADA<\/h4>\n[\/vc_column_text][vc_column_text]Eleve casino con <strong>Concept Deluxe<\/strong>, un gabinete dise\u00f1ado ergon\u00f3micamente para maximizar la interacci\u00f3n de los jugadores. Su distintiva iluminaci\u00f3n <strong>Magic Lighting<\/strong> crea un espect\u00e1culo de luces din\u00e1mico y sincronizado que var\u00eda e intensifica seg\u00fan los logros del jugador, ofreciendo efectos visuales \u00fanicos para diferentes niveles de premios. Con gr\u00e1ficos impresionantes, sonido premium inmersivo y el <strong>Deck XXL<\/strong> m\u00e1s grande de la industria, proporciona a los jugadores un amplio espacio para su comodidad. Concept Deluxe tambi\u00e9n ofrece una <strong>experiencia de juego aumentada<\/strong>, en la que cada feature \u2014desde el Deck XXL hasta el topper\u2014 se sincroniza perfectamente con los diferentes momentos y caracter\u00edsticas del juego. Dise\u00f1ado para <strong>sesiones de juego prolongadas<\/strong>, redefine la comodidad del jugador y la conveniencia operativa.[\/vc_column_text]<div class=\"nectar-fancy-ul\" data-list-icon=\"icon-ok-sign\" data-animation=\"false\" data-animation-delay=\"0\" data-color=\"accent-color\" data-alignment=\"left\"> \n<ul>\n<li>3 pantallas de 32\u2019\u2019.<\/li>\n<li>Espectacular iluminaci\u00f3n Magic Lighting.<\/li>\n<li>Ultradelgado y elegante.<\/li>\n<li>Deck XXL.<\/li>\n<li>Versatilidad y eficiencia en los espacios.<\/li>\n<li>Sistema de sonido envolvente.<\/li>\n<li>Inmersi\u00f3n insuperable para el jugador.<\/li>\n<li>Juego aumentado.<\/li>\n<li>Carga USB-C e inal\u00e1mbrica.<\/li>\n<li>Mejor accesibilidad operativa.<\/li>\n<li>Arquitectura tecnol\u00f3gica de \u00faltima generaci\u00f3n.<\/li>\n<\/ul>\n <\/div>[\/vc_column][\/vc_row][vc_row type=\u00bbin_container\u00bb full_screen_row_position=\u00bbmiddle\u00bb scene_position=\u00bbcenter\u00bb text_color=\u00bbdark\u00bb text_align=\u00bbleft\u00bb top_padding=\u00bb30&#8243; overlay_strength=\u00bb0.3&#8243; shape_divider_position=\u00bbbottom\u00bb shape_type=\u00bb\u00bb][vc_column column_padding=\u00bbno-extra-padding\u00bb column_padding_position=\u00bball\u00bb background_color_opacity=\u00bb1&#8243; background_hover_color_opacity=\u00bb1&#8243; column_link_target=\u00bb_self\u00bb column_shadow=\u00bbnone\u00bb column_border_radius=\u00bbnone\u00bb width=\u00bb1\/1&#8243; tablet_width_inherit=\u00bbdefault\u00bb tablet_text_alignment=\u00bbdefault\u00bb phone_text_alignment=\u00bbdefault\u00bb column_border_width=\u00bbnone\u00bb column_border_style=\u00bbsolid\u00bb offset=\u00bbvc_hidden-sm vc_hidden-xs\u00bb]<div class=\"divider-wrap\" data-alignment=\"default\"><div style=\"height: 50px;\" class=\"divider\"><\/div><\/div>[\/vc_column][\/vc_row]\n","protected":false},"excerpt":{"rendered":"<p>[vc_row type=\u00bbfull_width_background\u00bb full_screen_row_position=\u00bbmiddle\u00bb bg_image=\u00bb75441&#8243; bg_position=\u00bbcenter bottom\u00bb bg_repeat=\u00bbno-repeat\u00bb scene_position=\u00bbcenter\u00bb text_color=\u00bbcustom\u00bb custom_text_color=\u00bb#ffffff\u00bb text_align=\u00bbcenter\u00bb top_padding=\u00bb1%\u00bb bottom_padding=\u00bb10%\u00bb class=\u00bbwatch-video\u00bb overlay_strength=\u00bb0.8&#8243; enable_shape_divider=\u00bbtrue\u00bb shape_divider_position=\u00bbbottom\u00bb shape_divider_height=\u00bb200&#8243; video_mute=\u00bbtrue\u00bb shape_type=\u00bbcurve\u00bb][vc_column centered_text=\u00bbtrue\u00bb column_padding=\u00bbno-extra-padding\u00bb column_padding_position=\u00bball\u00bb background_color_opacity=\u00bb1&#8243; background_hover_color_opacity=\u00bb1&#8243;&#8230;<\/p>\n","protected":false},"author":13,"featured_media":0,"parent":0,"menu_order":0,"comment_status":"closed","ping_status":"closed","template":"","meta":{"footnotes":""},"class_list":["post-65299","page","type-page","status-publish"],"yoast_head":"<!-- This site is optimized with the Yoast SEO plugin v26.8 - https:\/\/yoast.com\/product\/yoast-seo-wordpress\/ -->\n<title>Concept Deluxe - Zitrogames<\/title>\n<meta name=\"description\" content=\"Allure Glare perteneciente a la nueva familia de muebles GLARE de Zitro, tiene una actitud integradora al incluir tres pantallas Full HD de 27\u201d, donde su tercera pantalla act\u00faa como sign gracias a su sistema SyncroScreen.\" \/>\n<meta name=\"robots\" content=\"index, follow, max-snippet:-1, max-image-preview:large, max-video-preview:-1\" \/>\n<link rel=\"canonical\" href=\"https:\/\/zitrogames.com\/es\/concept-deluxe\/\" \/>\n<meta property=\"og:locale\" content=\"es_ES\" \/>\n<meta property=\"og:type\" content=\"article\" \/>\n<meta property=\"og:title\" content=\"Concept Deluxe - Zitrogames\" \/>\n<meta property=\"og:description\" content=\"Allure Glare perteneciente a la nueva familia de muebles GLARE de Zitro, tiene una actitud integradora al incluir tres pantallas Full HD de 27\u201d, donde su tercera pantalla act\u00faa como sign gracias a su sistema SyncroScreen.\" \/>\n<meta property=\"og:url\" content=\"https:\/\/zitrogames.com\/es\/concept-deluxe\/\" \/>\n<meta property=\"og:site_name\" content=\"Zitrogames\" \/>\n<meta property=\"article:publisher\" content=\"https:\/\/www.facebook.com\/zitrogames\/\" \/>\n<meta property=\"article:modified_time\" content=\"2026-02-04T11:12:12+00:00\" \/>\n<meta name=\"twitter:card\" content=\"summary_large_image\" \/>\n<meta name=\"twitter:site\" content=\"@Zitrogames\" \/>\n<meta name=\"twitter:label1\" content=\"Tiempo de lectura\" \/>\n\t<meta name=\"twitter:data1\" content=\"2 minutos\" \/>\n<script type=\"application\/ld+json\" class=\"yoast-schema-graph\">{\"@context\":\"https:\/\/schema.org\",\"@graph\":[{\"@type\":\"WebPage\",\"@id\":\"https:\/\/zitrogames.com\/es\/concept-deluxe\/\",\"url\":\"https:\/\/zitrogames.com\/es\/concept-deluxe\/\",\"name\":\"Concept Deluxe - Zitrogames\",\"isPartOf\":{\"@id\":\"https:\/\/zitrogames.com\/es\/#website\"},\"datePublished\":\"2024-10-10T13:43:28+00:00\",\"dateModified\":\"2026-02-04T11:12:12+00:00\",\"description\":\"Allure Glare perteneciente a la nueva familia de muebles GLARE de Zitro, tiene una actitud integradora al incluir tres pantallas Full HD de 27\u201d, donde su tercera pantalla act\u00faa como sign gracias a su sistema SyncroScreen.\",\"inLanguage\":\"es\",\"potentialAction\":[{\"@type\":\"ReadAction\",\"target\":[\"https:\/\/zitrogames.com\/es\/concept-deluxe\/\"]}]},{\"@type\":\"WebSite\",\"@id\":\"https:\/\/zitrogames.com\/es\/#website\",\"url\":\"https:\/\/zitrogames.com\/es\/\",\"name\":\"Zitrogames\",\"description\":\"Zitro Games\",\"publisher\":{\"@id\":\"https:\/\/zitrogames.com\/es\/#organization\"},\"alternateName\":\"Zitro Games\",\"potentialAction\":[{\"@type\":\"SearchAction\",\"target\":{\"@type\":\"EntryPoint\",\"urlTemplate\":\"https:\/\/zitrogames.com\/es\/?s={search_term_string}\"},\"query-input\":{\"@type\":\"PropertyValueSpecification\",\"valueRequired\":true,\"valueName\":\"search_term_string\"}}],\"inLanguage\":\"es\"},{\"@type\":\"Organization\",\"@id\":\"https:\/\/zitrogames.com\/es\/#organization\",\"name\":\"Zitro Games\",\"url\":\"https:\/\/zitrogames.com\/es\/\",\"logo\":{\"@type\":\"ImageObject\",\"inLanguage\":\"es\",\"@id\":\"https:\/\/zitrogames.com\/es\/#\/schema\/logo\/image\/\",\"url\":\"https:\/\/zitrogames.com\/wp-content\/uploads\/2022\/02\/Zitro-Games.png\",\"contentUrl\":\"https:\/\/zitrogames.com\/wp-content\/uploads\/2022\/02\/Zitro-Games.png\",\"width\":742,\"height\":128,\"caption\":\"Zitro Games\"},\"image\":{\"@id\":\"https:\/\/zitrogames.com\/es\/#\/schema\/logo\/image\/\"},\"sameAs\":[\"https:\/\/www.facebook.com\/zitrogames\/\",\"https:\/\/x.com\/Zitrogames\",\"https:\/\/www.instagram.com\/zitro.games\/\",\"https:\/\/www.linkedin.com\/company\/zitro\/\",\"https:\/\/www.youtube.com\/channel\/UCBajr3cDd36PSxaK9n3lzGQ\",\"https:\/\/es.wikipedia.org\/wiki\/Zitro_S.A.R.L\"]}]}<\/script>\n<!-- \/ Yoast SEO plugin. -->","yoast_head_json":{"title":"Concept Deluxe - Zitrogames","description":"Allure Glare perteneciente a la nueva familia de muebles GLARE de Zitro, tiene una actitud integradora al incluir tres pantallas Full HD de 27\u201d, donde su tercera pantalla act\u00faa como sign gracias a su sistema SyncroScreen.","robots":{"index":"index","follow":"follow","max-snippet":"max-snippet:-1","max-image-preview":"max-image-preview:large","max-video-preview":"max-video-preview:-1"},"canonical":"https:\/\/zitrogames.com\/es\/concept-deluxe\/","og_locale":"es_ES","og_type":"article","og_title":"Concept Deluxe - Zitrogames","og_description":"Allure Glare perteneciente a la nueva familia de muebles GLARE de Zitro, tiene una actitud integradora al incluir tres pantallas Full HD de 27\u201d, donde su tercera pantalla act\u00faa como sign gracias a su sistema SyncroScreen.","og_url":"https:\/\/zitrogames.com\/es\/concept-deluxe\/","og_site_name":"Zitrogames","article_publisher":"https:\/\/www.facebook.com\/zitrogames\/","article_modified_time":"2026-02-04T11:12:12+00:00","twitter_card":"summary_large_image","twitter_site":"@Zitrogames","twitter_misc":{"Tiempo de lectura":"2 minutos"},"schema":{"@context":"https:\/\/schema.org","@graph":[{"@type":"WebPage","@id":"https:\/\/zitrogames.com\/es\/concept-deluxe\/","url":"https:\/\/zitrogames.com\/es\/concept-deluxe\/","name":"Concept Deluxe - Zitrogames","isPartOf":{"@id":"https:\/\/zitrogames.com\/es\/#website"},"datePublished":"2024-10-10T13:43:28+00:00","dateModified":"2026-02-04T11:12:12+00:00","description":"Allure Glare perteneciente a la nueva familia de muebles GLARE de Zitro, tiene una actitud integradora al incluir tres pantallas Full HD de 27\u201d, donde su tercera pantalla act\u00faa como sign gracias a su sistema SyncroScreen.","inLanguage":"es","potentialAction":[{"@type":"ReadAction","target":["https:\/\/zitrogames.com\/es\/concept-deluxe\/"]}]},{"@type":"WebSite","@id":"https:\/\/zitrogames.com\/es\/#website","url":"https:\/\/zitrogames.com\/es\/","name":"Zitrogames","description":"Zitro Games","publisher":{"@id":"https:\/\/zitrogames.com\/es\/#organization"},"alternateName":"Zitro Games","potentialAction":[{"@type":"SearchAction","target":{"@type":"EntryPoint","urlTemplate":"https:\/\/zitrogames.com\/es\/?s={search_term_string}"},"query-input":{"@type":"PropertyValueSpecification","valueRequired":true,"valueName":"search_term_string"}}],"inLanguage":"es"},{"@type":"Organization","@id":"https:\/\/zitrogames.com\/es\/#organization","name":"Zitro Games","url":"https:\/\/zitrogames.com\/es\/","logo":{"@type":"ImageObject","inLanguage":"es","@id":"https:\/\/zitrogames.com\/es\/#\/schema\/logo\/image\/","url":"https:\/\/zitrogames.com\/wp-content\/uploads\/2022\/02\/Zitro-Games.png","contentUrl":"https:\/\/zitrogames.com\/wp-content\/uploads\/2022\/02\/Zitro-Games.png","width":742,"height":128,"caption":"Zitro Games"},"image":{"@id":"https:\/\/zitrogames.com\/es\/#\/schema\/logo\/image\/"},"sameAs":["https:\/\/www.facebook.com\/zitrogames\/","https:\/\/x.com\/Zitrogames","https:\/\/www.instagram.com\/zitro.games\/","https:\/\/www.linkedin.com\/company\/zitro\/","https:\/\/www.youtube.com\/channel\/UCBajr3cDd36PSxaK9n3lzGQ","https:\/\/es.wikipedia.org\/wiki\/Zitro_S.A.R.L"]}]}},"_links":{"self":[{"href":"https:\/\/zitrogames.com\/es\/wp-json\/wp\/v2\/pages\/65299","targetHints":{"allow":["GET"]}}],"collection":[{"href":"https:\/\/zitrogames.com\/es\/wp-json\/wp\/v2\/pages"}],"about":[{"href":"https:\/\/zitrogames.com\/es\/wp-json\/wp\/v2\/types\/page"}],"author":[{"embeddable":true,"href":"https:\/\/zitrogames.com\/es\/wp-json\/wp\/v2\/users\/13"}],"replies":[{"embeddable":true,"href":"https:\/\/zitrogames.com\/es\/wp-json\/wp\/v2\/comments?post=65299"}],"version-history":[{"count":14,"href":"https:\/\/zitrogames.com\/es\/wp-json\/wp\/v2\/pages\/65299\/revisions"}],"predecessor-version":[{"id":75444,"href":"https:\/\/zitrogames.com\/es\/wp-json\/wp\/v2\/pages\/65299\/revisions\/75444"}],"wp:attachment":[{"href":"https:\/\/zitrogames.com\/es\/wp-json\/wp\/v2\/media?parent=65299"}],"curies":[{"name":"wp","href":"https:\/\/api.w.org\/{rel}","templated":true}]}}